{"id":720,"date":"2024-01-02T20:17:16","date_gmt":"2024-01-02T20:17:16","guid":{"rendered":"https:\/\/costagranada.es\/alquileres-de-vacaciones\/"},"modified":"2024-03-06T13:07:59","modified_gmt":"2024-03-06T13:07:59","slug":"alquileres-de-vacaciones","status":"publish","type":"page","link":"https:\/\/costagranada.es\/es\/alquileres-de-vacaciones\/","title":{"rendered":"Alquileres de vacaciones"},"content":{"rendered":"\t\t<div data-elementor-type=\"wp-page\" data-elementor-id=\"720\" class=\"elementor elementor-720 elementor-23\" data-elementor-post-type=\"page\">\n\t\t\t\t<div class=\"elementor-element elementor-element-53b91b2 e-flex e-con-boxed e-con e-parent\" data-id=\"53b91b2\" data-element_type=\"container\">\n\t\t\t\t\t<div class=\"e-con-inner\">\n\t\t\t\t<div class=\"elementor-element elementor-element-f505424 elementor-widget elementor-widget-text-editor\" data-id=\"f505424\" data-element_type=\"widget\" data-widget_type=\"text-editor.default\">\n\t\t\t\t<div class=\"elementor-widget-container\">\n\t\t\t\t\t\t\t\t\t<div class=\"flex flex-grow flex-col max-w-full\">\n<div class=\"min-h-[20px] text-message flex flex-col items-start gap-3 whitespace-pre-wrap break-words [.text-message+&amp;]:mt-5 overflow-x-auto\" data-message-author-role=\"assistant\" data-message-id=\"4ec5ffe5-8966-4599-ae4e-39bd771d9f15\">\n<div class=\"markdown prose w-full break-words dark:prose-invert light\">\n<p>Esc\u00e1pese a la encantadora Costa Tropical, tambi\u00e9n conocida como Costa de Granada, en el sur de Espa\u00f1a, alquilando una villa, y descubra un mundo de belleza y ocio sin igual. Enclavada entre las monta\u00f1as de Sierra Nevada y el brillante mar Mediterr\u00e1neo, esta regi\u00f3n ofrece una mezcla \u00fanica de paisajes diversos, encanto hist\u00f3rico y un estilo de vida relajado. Alquilar una villa aqu\u00ed proporciona un refugio exclusivo, donde la privacidad se une a las vistas panor\u00e1micas, creando un para\u00edso para los que buscan tranquilidad.<\/p>\n<p>La Costa Tropical goza de un microclima que garantiza inviernos suaves y veranos c\u00e1lidos, lo que la convierte en un destino ideal durante todo el a\u00f1o. Su villa privada se convierte en un santuario ba\u00f1ado por el sol, que ofrece una escapada tranquila de las exigencias de la vida cotidiana. Imag\u00ednese despertarse con el suave sonido de las olas, tomar un caf\u00e9 por la ma\u00f1ana en una terraza con vistas al mar azul y disfrutar de las noches bajo un cielo estrellado. Con el alquiler de una villa, tendr\u00e1 libertad para crear su propio horario y sumergirse en la aut\u00e9ntica cultura local, desde explorar pueblos encantadores hasta saborear deliciosos mariscos en tabernas junto al mar.<\/p>\n<p>Tanto si busca una escapada rom\u00e1ntica como un retiro familiar o unas vacaciones en grupo, una villa en la Costa Tropical le ofrece el entorno perfecto. Disfrute del encanto del sur de Espa\u00f1a, donde cada momento se impregna de la calidez del sol mediterr\u00e1neo, creando recuerdos que perdurar\u00e1n mucho tiempo despu\u00e9s de su estancia.<\/p>\n<\/div>\n<\/div>\n<\/div>\t\t\t\t\t\t\t\t<\/div>\n\t\t\t\t<\/div>\n\t\t\t\t\t<\/div>\n\t\t\t\t<\/div>\n\t\t<div class=\"elementor-element elementor-element-32a5ef5 e-flex e-con-boxed e-con e-parent\" data-id=\"32a5ef5\" data-element_type=\"container\">\n\t\t\t\t\t<div class=\"e-con-inner\">\n\t\t<div class=\"elementor-element elementor-element-4dd2d65 e-con-full e-flex e-con e-child\" data-id=\"4dd2d65\" data-element_type=\"container\">\n\t\t\t\t<div class=\"elementor-element elementor-element-180d44c elementor-widget elementor-widget-image\" data-id=\"180d44c\" data-element_type=\"widget\" data-widget_type=\"image.default\">\n\t\t\t\t<div class=\"elementor-widget-container\">\n\t\t\t\t\t\t\t\t\t\t\t\t\t\t\t\t<a href=\"https:\/\/expedia.com\/affiliates\/almunecar-hotels-wonderful-private-villa-for-6-guests-with-private-pool.saTMDHK\" rel=\"nofollow noopener\" target=\"_blank\">\n\t\t\t\t\t\t\t<img fetchpriority=\"high\" decoding=\"async\" width=\"950\" height=\"713\" src=\"https:\/\/costagranada.es\/wp-content\/uploads\/2024\/01\/f5e6f213-1024x768.jpg\" class=\"attachment-large size-large wp-image-707\" alt=\"\" srcset=\"https:\/\/costagranada.es\/wp-content\/uploads\/2024\/01\/f5e6f213-1024x768.jpg 1024w, https:\/\/costagranada.es\/wp-content\/uploads\/2024\/01\/f5e6f213-300x225.jpg 300w, https:\/\/costagranada.es\/wp-content\/uploads\/2024\/01\/f5e6f213-1536x1152.jpg 1536w, https:\/\/costagranada.es\/wp-content\/uploads\/2024\/01\/f5e6f213.jpg 1920w\" sizes=\"100vw\" \/>\t\t\t\t\t\t\t\t<\/a>\n\t\t\t\t\t\t\t\t\t\t\t\t\t\t\t<\/div>\n\t\t\t\t<\/div>\n\t\t\t\t<div class=\"elementor-element elementor-element-345db27 elementor-widget elementor-widget-text-editor\" data-id=\"345db27\" data-element_type=\"widget\" data-widget_type=\"text-editor.default\">\n\t\t\t\t<div class=\"elementor-widget-container\">\n\t\t\t\t\t\t\t\t\t<p><a href=\"https:\/\/expedia.com\/affiliates\/almunecar-hotels-wonderful-private-villa-for-6-guests-with-private-pool.saTMDHK\" rel=\"nofollow noopener\" target=\"_blank\"><strong>Maravillosa villa privada para 6 hu\u00e9spedes con A\/C, WIFI, piscina privada, TV y patio<\/strong><\/a><\/p>\n\t\t\t\t\t\t\t\t<\/div>\n\t\t\t\t<\/div>\n\t\t\t\t<div class=\"elementor-element elementor-element-6d3c33a elementor-widget elementor-widget-text-editor\" data-id=\"6d3c33a\" data-element_type=\"widget\" data-widget_type=\"text-editor.default\">\n\t\t\t\t<div class=\"elementor-widget-container\">\n\t\t\t\t\t\t\t\t\t<p>Almu\u00f1\u00e9car<\/p>\n\t\t\t\t\t\t\t\t<\/div>\n\t\t\t\t<\/div>\n\t\t\t\t<\/div>\n\t\t<div class=\"elementor-element elementor-element-c976b02 e-con-full e-flex e-con e-child\" data-id=\"c976b02\" data-element_type=\"container\">\n\t\t\t\t<div class=\"elementor-element elementor-element-147dd9b elementor-widget elementor-widget-image\" data-id=\"147dd9b\" data-element_type=\"widget\" data-widget_type=\"image.default\">\n\t\t\t\t<div class=\"elementor-widget-container\">\n\t\t\t\t\t\t\t\t\t\t\t\t\t\t\t\t<a href=\"https:\/\/expedia.com\/affiliates\/almunecar-hotels-vila-andaluza.84OEeLB\" rel=\"nofollow noopener\" target=\"_blank\">\n\t\t\t\t\t\t\t<img decoding=\"async\" width=\"950\" height=\"653\" src=\"https:\/\/costagranada.es\/wp-content\/uploads\/2024\/01\/48d01108-1024x704.jpg\" class=\"attachment-large size-large wp-image-708\" alt=\"\" srcset=\"https:\/\/costagranada.es\/wp-content\/uploads\/2024\/01\/48d01108-1024x704.jpg 1024w, https:\/\/costagranada.es\/wp-content\/uploads\/2024\/01\/48d01108-300x206.jpg 300w, https:\/\/costagranada.es\/wp-content\/uploads\/2024\/01\/48d01108-1536x1056.jpg 1536w, https:\/\/costagranada.es\/wp-content\/uploads\/2024\/01\/48d01108.jpg 1600w\" sizes=\"100vw\" \/>\t\t\t\t\t\t\t\t<\/a>\n\t\t\t\t\t\t\t\t\t\t\t\t\t\t\t<\/div>\n\t\t\t\t<\/div>\n\t\t\t\t<div class=\"elementor-element elementor-element-7761e53 elementor-widget elementor-widget-text-editor\" data-id=\"7761e53\" data-element_type=\"widget\" data-widget_type=\"text-editor.default\">\n\t\t\t\t<div class=\"elementor-widget-container\">\n\t\t\t\t\t\t\t\t\t<p><a href=\"https:\/\/expedia.com\/affiliates\/almunecar-hotels-vila-andaluza.OUwgUPO\" rel=\"nofollow noopener\" target=\"_blank\"><strong>Villa Andaluza con vistas al mar, piscina, jard\u00edn y Wi-Fi<\/strong><\/a><\/p>\n\t\t\t\t\t\t\t\t<\/div>\n\t\t\t\t<\/div>\n\t\t<div class=\"elementor-element elementor-element-1748f77 e-con-full e-flex e-con e-child\" data-id=\"1748f77\" data-element_type=\"container\">\n\t\t\t\t<div class=\"elementor-element elementor-element-cb0d09d elementor-widget elementor-widget-text-editor\" data-id=\"cb0d09d\" data-element_type=\"widget\" data-widget_type=\"text-editor.default\">\n\t\t\t\t<div class=\"elementor-widget-container\">\n\t\t\t\t\t\t\t\t\t<p>Almu\u00f1\u00e9car<\/p>\n\t\t\t\t\t\t\t\t<\/div>\n\t\t\t\t<\/div>\n\t\t\t\t<\/div>\n\t\t\t\t<\/div>\n\t\t<div class=\"elementor-element elementor-element-46773fe e-con-full e-flex e-con e-child\" data-id=\"46773fe\" data-element_type=\"container\">\n\t\t\t\t<div class=\"elementor-element elementor-element-3969fb3 elementor-widget elementor-widget-image\" data-id=\"3969fb3\" data-element_type=\"widget\" data-widget_type=\"image.default\">\n\t\t\t\t<div class=\"elementor-widget-container\">\n\t\t\t\t\t\t\t\t\t\t\t\t\t\t\t\t<a href=\"https:\/\/expedia.com\/affiliates\/almunecar-hotels-villa-marina-del-este-with-sea-view.YLUpYrK\" rel=\"nofollow noopener\" target=\"_blank\">\n\t\t\t\t\t\t\t<img decoding=\"async\" width=\"950\" height=\"713\" src=\"https:\/\/costagranada.es\/wp-content\/uploads\/2024\/01\/1265d500-1024x768.jpg\" class=\"attachment-large size-large wp-image-709\" alt=\"\" srcset=\"https:\/\/costagranada.es\/wp-content\/uploads\/2024\/01\/1265d500-1024x768.jpg 1024w, https:\/\/costagranada.es\/wp-content\/uploads\/2024\/01\/1265d500-300x225.jpg 300w, https:\/\/costagranada.es\/wp-content\/uploads\/2024\/01\/1265d500-2000x1500.jpg 2000w, https:\/\/costagranada.es\/wp-content\/uploads\/2024\/01\/1265d500-scaled-1536x1152.jpg 1536w, https:\/\/costagranada.es\/wp-content\/uploads\/2024\/01\/1265d500-scaled-2048x1536.jpg 2048w\" sizes=\"100vw\" \/>\t\t\t\t\t\t\t\t<\/a>\n\t\t\t\t\t\t\t\t\t\t\t\t\t\t\t<\/div>\n\t\t\t\t<\/div>\n\t\t\t\t<div class=\"elementor-element elementor-element-798f85e elementor-widget elementor-widget-text-editor\" data-id=\"798f85e\" data-element_type=\"widget\" data-widget_type=\"text-editor.default\">\n\t\t\t\t<div class=\"elementor-widget-container\">\n\t\t\t\t\t\t\t\t\t<p><a href=\"https:\/\/expedia.com\/affiliates\/almunecar-hotels-villa-marina-del-este-with-sea-view.YLUpYrK\" rel=\"nofollow noopener\" target=\"_blank\"><strong>Villa Marina del Este con vistas al mar, terraza y Wi-Fi<\/strong><\/a><\/p>\n\t\t\t\t\t\t\t\t<\/div>\n\t\t\t\t<\/div>\n\t\t\t\t<div class=\"elementor-element elementor-element-7372247 elementor-widget elementor-widget-text-editor\" data-id=\"7372247\" data-element_type=\"widget\" data-widget_type=\"text-editor.default\">\n\t\t\t\t<div class=\"elementor-widget-container\">\n\t\t\t\t\t\t\t\t\t<p>Almu\u00f1\u00e9car<\/p>\n\t\t\t\t\t\t\t\t<\/div>\n\t\t\t\t<\/div>\n\t\t\t\t<\/div>\n\t\t<div class=\"elementor-element elementor-element-740b2a5 e-con-full e-flex e-con e-child\" data-id=\"740b2a5\" data-element_type=\"container\">\n\t\t\t\t<div class=\"elementor-element elementor-element-a898703 elementor-widget elementor-widget-image\" data-id=\"a898703\" data-element_type=\"widget\" data-widget_type=\"image.default\">\n\t\t\t\t<div class=\"elementor-widget-container\">\n\t\t\t\t\t\t\t\t\t\t\t\t\t\t\t\t<a href=\"https:\/\/expedia.com\/affiliates\/almunecar-hotels-villa-marina-del-este-with-sea-view.YLUpYrK\" rel=\"nofollow noopener\" target=\"_blank\">\n\t\t\t\t\t\t\t<img loading=\"lazy\" decoding=\"async\" width=\"950\" height=\"631\" src=\"https:\/\/costagranada.es\/wp-content\/uploads\/2024\/01\/7c1ab27c-1024x680.jpg\" class=\"attachment-large size-large wp-image-710\" alt=\"\" srcset=\"https:\/\/costagranada.es\/wp-content\/uploads\/2024\/01\/7c1ab27c-1024x680.jpg 1024w, https:\/\/costagranada.es\/wp-content\/uploads\/2024\/01\/7c1ab27c-300x199.jpg 300w, https:\/\/costagranada.es\/wp-content\/uploads\/2024\/01\/7c1ab27c.jpg 1200w\" sizes=\"100vw\" \/>\t\t\t\t\t\t\t\t<\/a>\n\t\t\t\t\t\t\t\t\t\t\t\t\t\t\t<\/div>\n\t\t\t\t<\/div>\n\t\t\t\t<div class=\"elementor-element elementor-element-a86c147 elementor-widget elementor-widget-text-editor\" data-id=\"a86c147\" data-element_type=\"widget\" data-widget_type=\"text-editor.default\">\n\t\t\t\t<div class=\"elementor-widget-container\">\n\t\t\t\t\t\t\t\t\t<p><a href=\"https:\/\/expedia.com\/affiliates\/almunecar-hotels-villa-herencia-four-bedroom-villa.1NM6Pq4\" rel=\"nofollow noopener\" target=\"_blank\"><strong>Villa Herencia &#8211; Villa de cuatro dormitorios, capacidad para 8 personas<\/strong><\/a><\/p>\n\t\t\t\t\t\t\t\t<\/div>\n\t\t\t\t<\/div>\n\t\t\t\t<div class=\"elementor-element elementor-element-b8159e8 elementor-widget elementor-widget-text-editor\" data-id=\"b8159e8\" data-element_type=\"widget\" data-widget_type=\"text-editor.default\">\n\t\t\t\t<div class=\"elementor-widget-container\">\n\t\t\t\t\t\t\t\t\t<p>Almu\u00f1\u00e9car<\/p>\n\t\t\t\t\t\t\t\t<\/div>\n\t\t\t\t<\/div>\n\t\t\t\t<\/div>\n\t\t\t\t\t<\/div>\n\t\t\t\t<\/div>\n\t\t\t\t<\/div>\n\t\t","protected":false},"excerpt":{"rendered":"<p>Esc\u00e1pese a la encantadora Costa Tropical, tambi\u00e9n conocida como Costa de Granada, en el sur de Espa\u00f1a, alquilando una villa, y descubra un mundo de belleza y ocio sin igual. Enclavada entre las monta\u00f1as de Sierra Nevada y el brillante mar Mediterr\u00e1neo, esta regi\u00f3n ofrece una mezcla \u00fanica de paisajes diversos, encanto hist\u00f3rico y un &hellip; <\/p>\n<p class=\"link-more\"><a href=\"https:\/\/costagranada.es\/es\/alquileres-de-vacaciones\/\" class=\"more-link\">Leer m\u00e1s<span class=\"screen-reader-text\"> \u00abAlquileres de vacaciones\u00bb<\/span><\/a><\/p>\n","protected":false},"author":1,"featured_media":0,"parent":0,"menu_order":0,"comment_status":"closed","ping_status":"closed","template":"","meta":{"footnotes":""},"_links":{"self":[{"href":"https:\/\/costagranada.es\/es\/wp-json\/wp\/v2\/pages\/720"}],"collection":[{"href":"https:\/\/costagranada.es\/es\/wp-json\/wp\/v2\/pages"}],"about":[{"href":"https:\/\/costagranada.es\/es\/wp-json\/wp\/v2\/types\/page"}],"author":[{"embeddable":true,"href":"https:\/\/costagranada.es\/es\/wp-json\/wp\/v2\/users\/1"}],"replies":[{"embeddable":true,"href":"https:\/\/costagranada.es\/es\/wp-json\/wp\/v2\/comments?post=720"}],"version-history":[{"count":1,"href":"https:\/\/costagranada.es\/es\/wp-json\/wp\/v2\/pages\/720\/revisions"}],"predecessor-version":[{"id":726,"href":"https:\/\/costagranada.es\/es\/wp-json\/wp\/v2\/pages\/720\/revisions\/726"}],"wp:attachment":[{"href":"https:\/\/costagranada.es\/es\/wp-json\/wp\/v2\/media?parent=720"}],"curies":[{"name":"wp","href":"https:\/\/api.w.org\/{rel}","templated":true}]}}