{"id":725,"date":"2024-01-02T20:12:12","date_gmt":"2024-01-02T20:12:12","guid":{"rendered":"https:\/\/costagranada.es\/visitas-guiadas\/"},"modified":"2024-03-06T13:08:00","modified_gmt":"2024-03-06T13:08:00","slug":"visitas-guiadas","status":"publish","type":"page","link":"https:\/\/costagranada.es\/es\/visitas-guiadas\/","title":{"rendered":"Visitas guiadas"},"content":{"rendered":"\t\t<div data-elementor-type=\"wp-page\" data-elementor-id=\"725\" class=\"elementor elementor-725 elementor-13\" data-elementor-post-type=\"page\">\n\t\t\t\t<div class=\"elementor-element elementor-element-f8f101a e-flex e-con-boxed e-con e-parent\" data-id=\"f8f101a\" data-element_type=\"container\">\n\t\t\t\t\t<div class=\"e-con-inner\">\n\t\t\t\t<div class=\"elementor-element elementor-element-60d820e elementor-widget elementor-widget-spacer\" data-id=\"60d820e\" data-element_type=\"widget\" data-widget_type=\"spacer.default\">\n\t\t\t\t<div class=\"elementor-widget-container\">\n\t\t\t\t\t\t\t<div class=\"elementor-spacer\">\n\t\t\t<div class=\"elementor-spacer-inner\"><\/div>\n\t\t<\/div>\n\t\t\t\t\t\t<\/div>\n\t\t\t\t<\/div>\n\t\t\t\t\t<\/div>\n\t\t\t\t<\/div>\n\t\t<div class=\"elementor-element elementor-element-f82aded e-flex e-con-boxed e-con e-parent\" data-id=\"f82aded\" data-element_type=\"container\">\n\t\t\t\t\t<div class=\"e-con-inner\">\n\t\t\t\t<div class=\"elementor-element elementor-element-67f49c3 elementor-widget elementor-widget-text-editor\" data-id=\"67f49c3\" data-element_type=\"widget\" data-widget_type=\"text-editor.default\">\n\t\t\t\t<div class=\"elementor-widget-container\">\n\t\t\t\t\t\t\t\t\t<p>Consulte nuestra selecci\u00f3n de visitas guiadas en Granada que puede reservar para disfrutar de su visita.<\/p>\n<p>Bienvenido a nuestras exclusivas visitas guiadas por Granada y la encantadora Costa de Granada. Sum\u00e9rjase en la rica historia y los impresionantes paisajes mientras nuestros gu\u00edas expertos le descubren las joyas ocultas de esta impresionante regi\u00f3n. Explore la Alhambra, declarada Patrimonio de la Humanidad por la UNESCO, con nuestras visitas cuidadosamente seleccionadas que combinan conocimientos hist\u00f3ricos y an\u00e9cdotas locales. Tanto si es un entusiasta de la historia como si simplemente busca una experiencia inolvidable, nuestras visitas guiadas prometen hacer que su visita a Granada y la Costa granadina sea realmente excepcional. Descubra la belleza, descubra la historia: \u00fanase a nosotros en visitas guiadas que van m\u00e1s all\u00e1 de lo ordinario.<\/p>\n\t\t\t\t\t\t\t\t<\/div>\n\t\t\t\t<\/div>\n\t\t\t\t\t<\/div>\n\t\t\t\t<\/div>\n\t\t<div class=\"elementor-element elementor-element-986bf16 e-flex e-con-boxed e-con e-parent\" data-id=\"986bf16\" data-element_type=\"container\">\n\t\t\t\t\t<div class=\"e-con-inner\">\n\t\t\t\t<div class=\"elementor-element elementor-element-c10e4a8 elementor-widget elementor-widget-text-editor\" data-id=\"c10e4a8\" data-element_type=\"widget\" data-widget_type=\"text-editor.default\">\n\t\t\t\t<div class=\"elementor-widget-container\">\n\t\t\t\t\t\t\t\t\t<p><strong>Las mejores visitas guiadas en Granada<\/strong><\/p>\n\t\t\t\t\t\t\t\t<\/div>\n\t\t\t\t<\/div>\n\t\t\t\t\t<\/div>\n\t\t\t\t<\/div>\n\t\t<div class=\"elementor-element elementor-element-af1ca7c e-flex e-con-boxed e-con e-parent\" data-id=\"af1ca7c\" data-element_type=\"container\">\n\t\t\t\t\t<div class=\"e-con-inner\">\n\t\t\t\t<div class=\"elementor-element elementor-element-0b96eac elementor-widget elementor-widget-html\" data-id=\"0b96eac\" data-element_type=\"widget\" data-widget_type=\"html.default\">\n\t\t\t\t<div class=\"elementor-widget-container\">\n\t\t\t\t\t<div data-vi-partner-id=\"P00141943\" data-vi-widget-ref=\"W-0c58ff5a-ad12-471f-a131-4a864988e715\"><\/div>\n<script async=\"\" src=\"https:\/\/www.viator.com\/orion\/partner\/widget.js\"><\/script>\t\t\t\t<\/div>\n\t\t\t\t<\/div>\n\t\t\t\t\t<\/div>\n\t\t\t\t<\/div>\n\t\t\t\t<\/div>\n\t\t","protected":false},"excerpt":{"rendered":"<p>Consulte nuestra selecci\u00f3n de visitas guiadas en Granada que puede reservar para disfrutar de su visita. Bienvenido a nuestras exclusivas visitas guiadas por Granada y la encantadora Costa de Granada. Sum\u00e9rjase en la rica historia y los impresionantes paisajes mientras nuestros gu\u00edas expertos le descubren las joyas ocultas de esta impresionante regi\u00f3n. Explore la Alhambra, &hellip; <\/p>\n<p class=\"link-more\"><a href=\"https:\/\/costagranada.es\/es\/visitas-guiadas\/\" class=\"more-link\">Leer m\u00e1s<span class=\"screen-reader-text\"> \u00abVisitas guiadas\u00bb<\/span><\/a><\/p>\n","protected":false},"author":1,"featured_media":701,"parent":0,"menu_order":0,"comment_status":"closed","ping_status":"closed","template":"page-templates\/full-width-builder-bb.php","meta":{"footnotes":""},"_links":{"self":[{"href":"https:\/\/costagranada.es\/es\/wp-json\/wp\/v2\/pages\/725"}],"collection":[{"href":"https:\/\/costagranada.es\/es\/wp-json\/wp\/v2\/pages"}],"about":[{"href":"https:\/\/costagranada.es\/es\/wp-json\/wp\/v2\/types\/page"}],"author":[{"embeddable":true,"href":"https:\/\/costagranada.es\/es\/wp-json\/wp\/v2\/users\/1"}],"replies":[{"embeddable":true,"href":"https:\/\/costagranada.es\/es\/wp-json\/wp\/v2\/comments?post=725"}],"version-history":[{"count":1,"href":"https:\/\/costagranada.es\/es\/wp-json\/wp\/v2\/pages\/725\/revisions"}],"predecessor-version":[{"id":727,"href":"https:\/\/costagranada.es\/es\/wp-json\/wp\/v2\/pages\/725\/revisions\/727"}],"wp:featuredmedia":[{"embeddable":true,"href":"https:\/\/costagranada.es\/es\/wp-json\/wp\/v2\/media\/701"}],"wp:attachment":[{"href":"https:\/\/costagranada.es\/es\/wp-json\/wp\/v2\/media?parent=725"}],"curies":[{"name":"wp","href":"https:\/\/api.w.org\/{rel}","templated":true}]}}