{"id":728,"date":"2024-01-02T20:11:08","date_gmt":"2024-01-02T20:11:08","guid":{"rendered":"https:\/\/costagranada.es\/inicio\/"},"modified":"2024-03-06T13:13:24","modified_gmt":"2024-03-06T13:13:24","slug":"inicio","status":"publish","type":"page","link":"https:\/\/costagranada.es\/es\/","title":{"rendered":"Inicio"},"content":{"rendered":"\t\t<div data-elementor-type=\"wp-page\" data-elementor-id=\"728\" class=\"elementor elementor-728 elementor-8\" data-elementor-post-type=\"page\">\n\t\t\t\t<div class=\"elementor-element elementor-element-47dc1ee7 e-con-full e-flex e-con e-parent\" data-id=\"47dc1ee7\" data-element_type=\"container\" data-settings=\"{&quot;background_background&quot;:&quot;classic&quot;}\">\n\t\t\t\t<div class=\"elementor-element elementor-element-1bfaae70 elementor-widget__width-initial elementor-widget-tablet__width-inherit elementor-widget elementor-widget-image\" data-id=\"1bfaae70\" data-element_type=\"widget\" data-widget_type=\"image.default\">\n\t\t\t\t<div class=\"elementor-widget-container\">\n\t\t\t\t\t\t\t\t\t\t\t\t\t\t\t<img fetchpriority=\"high\" decoding=\"async\" width=\"950\" height=\"713\" src=\"https:\/\/costagranada.es\/wp-content\/uploads\/2024\/01\/salobrena_evening-1024x768.webp\" class=\"attachment-large size-large wp-image-636\" alt=\"\" srcset=\"https:\/\/costagranada.es\/wp-content\/uploads\/2024\/01\/salobrena_evening-1024x768.webp 1024w, https:\/\/costagranada.es\/wp-content\/uploads\/2024\/01\/salobrena_evening-300x225.webp 300w, https:\/\/costagranada.es\/wp-content\/uploads\/2024\/01\/salobrena_evening-1536x1152.webp 1536w, https:\/\/costagranada.es\/wp-content\/uploads\/2024\/01\/salobrena_evening.webp 1600w\" sizes=\"100vw\" \/>\t\t\t\t\t\t\t\t\t\t\t\t\t\t\t<\/div>\n\t\t\t\t<\/div>\n\t\t<div class=\"elementor-element elementor-element-402cfcbc e-con-full e-flex e-con e-child\" data-id=\"402cfcbc\" data-element_type=\"container\" data-settings=\"{&quot;background_background&quot;:&quot;classic&quot;}\">\n\t\t\t\t<div class=\"elementor-element elementor-element-15a61cc5 elementor-widget elementor-widget-heading\" data-id=\"15a61cc5\" data-element_type=\"widget\" data-widget_type=\"heading.default\">\n\t\t\t\t<div class=\"elementor-widget-container\">\n\t\t\t\t\t<h2 class=\"elementor-heading-title elementor-size-default\">Descubra el encanto de la Costa Tropical: la nueva joya de Espa\u00f1a<\/h2>\t\t\t\t<\/div>\n\t\t\t\t<\/div>\n\t\t\t\t<div class=\"elementor-element elementor-element-201c655c elementor-widget elementor-widget-text-editor\" data-id=\"201c655c\" data-element_type=\"widget\" data-widget_type=\"text-editor.default\">\n\t\t\t\t<div class=\"elementor-widget-container\">\n\t\t\t\t\t\t\t\t\t<p>A medida que las soleadas costas de Espa\u00f1a captan la atenci\u00f3n internacional, se est\u00e1 produciendo un cambio en el panorama vacacional e inmobiliario, y la Costa Tropical est\u00e1 emergiendo como el ep\u00edtome de la sofisticaci\u00f3n y la autenticidad, desbancando a su hom\u00f3loga m\u00e1s famosa, la Costa del Sol. Enclavada entre las monta\u00f1as de Sierra Nevada y el mar Mediterr\u00e1neo, la Costa Tropical, a menudo apodada la Riviera espa\u00f1ola, se est\u00e1 transformando en un destino codiciado para quienes buscan una experiencia refinada pero aut\u00e9nticamente espa\u00f1ola.<\/p>\n\t\t\t\t\t\t\t\t<\/div>\n\t\t\t\t<\/div>\n\t\t\t\t<\/div>\n\t\t\t\t<\/div>\n\t\t<div class=\"elementor-element elementor-element-505a116 e-con-full e-flex e-con e-parent\" data-id=\"505a116\" data-element_type=\"container\" data-settings=\"{&quot;background_background&quot;:&quot;classic&quot;}\">\n\t\t\t\t<div class=\"elementor-element elementor-element-7448175 elementor-widget__width-initial elementor-widget-tablet__width-inherit elementor-widget elementor-widget-image\" data-id=\"7448175\" data-element_type=\"widget\" data-widget_type=\"image.default\">\n\t\t\t\t<div class=\"elementor-widget-container\">\n\t\t\t\t\t\t\t\t\t\t\t\t\t\t\t<img decoding=\"async\" width=\"950\" height=\"713\" src=\"https:\/\/costagranada.es\/wp-content\/uploads\/2024\/01\/costatropicalvilla.jpg\" class=\"attachment-large size-large wp-image-637\" alt=\"\" srcset=\"https:\/\/costagranada.es\/wp-content\/uploads\/2024\/01\/costatropicalvilla.jpg 1024w, https:\/\/costagranada.es\/wp-content\/uploads\/2024\/01\/costatropicalvilla-300x225.jpg 300w\" sizes=\"100vw\" \/>\t\t\t\t\t\t\t\t\t\t\t\t\t\t\t<\/div>\n\t\t\t\t<\/div>\n\t\t<div class=\"elementor-element elementor-element-d27af79 e-con-full e-flex e-con e-child\" data-id=\"d27af79\" data-element_type=\"container\" data-settings=\"{&quot;background_background&quot;:&quot;classic&quot;}\">\n\t\t\t\t<div class=\"elementor-element elementor-element-2dd35b2 elementor-widget elementor-widget-heading\" data-id=\"2dd35b2\" data-element_type=\"widget\" data-widget_type=\"heading.default\">\n\t\t\t\t<div class=\"elementor-widget-container\">\n\t\t\t\t\t<h2 class=\"elementor-heading-title elementor-size-default\">Elegancia y autenticidad sin igual<\/h2>\t\t\t\t<\/div>\n\t\t\t\t<\/div>\n\t\t\t\t<div class=\"elementor-element elementor-element-e90746c elementor-widget elementor-widget-text-editor\" data-id=\"e90746c\" data-element_type=\"widget\" data-widget_type=\"text-editor.default\">\n\t\t\t\t<div class=\"elementor-widget-container\">\n\t\t\t\t\t\t\t\t\t<p>A diferencia de su bulliciosa vecina, la Costa del Sol, la Costa Tropical desprende un aire de exclusividad que la distingue. El encanto de la regi\u00f3n reside en su capacidad para combinar a la perfecci\u00f3n la opulencia con un arraigado ambiente espa\u00f1ol. Imag\u00ednese paseando por playas v\u00edrgenes, rodeado de exuberante vegetaci\u00f3n subtropical, mientras el aroma de frutas ex\u00f3ticas flota en el aire. Esta es la experiencia Costa Tropical: una armoniosa combinaci\u00f3n de elegancia y autenticidad que cautiva por igual al viajero exigente y al inversor inmobiliario.<\/p>\n\t\t\t\t\t\t\t\t<\/div>\n\t\t\t\t<\/div>\n\t\t\t\t<\/div>\n\t\t\t\t<\/div>\n\t\t<div class=\"elementor-element elementor-element-9c47c2c e-con-full e-flex e-con e-parent\" data-id=\"9c47c2c\" data-element_type=\"container\" data-settings=\"{&quot;background_background&quot;:&quot;classic&quot;}\">\n\t\t\t\t<div class=\"elementor-element elementor-element-6fbcd13 elementor-widget__width-initial elementor-widget-tablet__width-inherit elementor-widget elementor-widget-image\" data-id=\"6fbcd13\" data-element_type=\"widget\" data-widget_type=\"image.default\">\n\t\t\t\t<div class=\"elementor-widget-container\">\n\t\t\t\t\t\t\t\t\t\t\t\t\t\t\t<img decoding=\"async\" width=\"612\" height=\"408\" src=\"https:\/\/costagranada.es\/wp-content\/uploads\/2024\/01\/window_almunecar.jpg\" class=\"attachment-large size-large wp-image-638\" alt=\"\" srcset=\"https:\/\/costagranada.es\/wp-content\/uploads\/2024\/01\/window_almunecar.jpg 612w, https:\/\/costagranada.es\/wp-content\/uploads\/2024\/01\/window_almunecar-300x200.jpg 300w\" sizes=\"100vw\" \/>\t\t\t\t\t\t\t\t\t\t\t\t\t\t\t<\/div>\n\t\t\t\t<\/div>\n\t\t<div class=\"elementor-element elementor-element-2fe63fe e-con-full e-flex e-con e-child\" data-id=\"2fe63fe\" data-element_type=\"container\" data-settings=\"{&quot;background_background&quot;:&quot;classic&quot;}\">\n\t\t\t\t<div class=\"elementor-element elementor-element-d1ab479 elementor-widget elementor-widget-heading\" data-id=\"d1ab479\" data-element_type=\"widget\" data-widget_type=\"heading.default\">\n\t\t\t\t<div class=\"elementor-widget-container\">\n\t\t\t\t\t<h2 class=\"elementor-heading-title elementor-size-default\">La Riviera espa\u00f1ola: El lujo y la tradici\u00f3n<\/h2>\t\t\t\t<\/div>\n\t\t\t\t<\/div>\n\t\t\t\t<div class=\"elementor-element elementor-element-96313bd elementor-widget elementor-widget-text-editor\" data-id=\"96313bd\" data-element_type=\"widget\" data-widget_type=\"text-editor.default\">\n\t\t\t\t<div class=\"elementor-widget-container\">\n\t\t\t\t\t\t\t\t\t<\/p>\n<p>A menudo conocida como la Riviera espa\u00f1ola, la Costa Tropical ofrece una alternativa m\u00e1s refinada al bullicioso ambiente de la Costa del Sol. La regi\u00f3n est\u00e1 salpicada de pueblos con encanto, cada uno de ellos con una mezcla \u00fanica de arquitectura \u00e1rabe y andaluza. Desde los emblem\u00e1ticos edificios encalados hasta las estrechas calles empedradas, cada rinc\u00f3n de la Costa Tropical desprende un encanto del viejo mundo que transporta a los visitantes atr\u00e1s en el tiempo.<\/p>\n\t\t\t\t\t\t\t\t<\/div>\n\t\t\t\t<\/div>\n\t\t\t\t<\/div>\n\t\t\t\t<\/div>\n\t\t<div class=\"elementor-element elementor-element-4abec89 e-con-full e-flex e-con e-parent\" data-id=\"4abec89\" data-element_type=\"container\" data-settings=\"{&quot;background_background&quot;:&quot;classic&quot;}\">\n\t\t\t\t<div class=\"elementor-element elementor-element-bc9d0b4 elementor-widget__width-initial elementor-widget-tablet__width-inherit elementor-widget elementor-widget-image\" data-id=\"bc9d0b4\" data-element_type=\"widget\" data-widget_type=\"image.default\">\n\t\t\t\t<div class=\"elementor-widget-container\">\n\t\t\t\t\t\t\t\t\t\t\t\t\t\t\t<img loading=\"lazy\" decoding=\"async\" width=\"760\" height=\"470\" src=\"https:\/\/costagranada.es\/wp-content\/uploads\/2024\/01\/luxprop.jpg\" class=\"attachment-large size-large wp-image-640\" alt=\"\" srcset=\"https:\/\/costagranada.es\/wp-content\/uploads\/2024\/01\/luxprop.jpg 760w, https:\/\/costagranada.es\/wp-content\/uploads\/2024\/01\/luxprop-300x186.jpg 300w\" sizes=\"100vw\" \/>\t\t\t\t\t\t\t\t\t\t\t\t\t\t\t<\/div>\n\t\t\t\t<\/div>\n\t\t<div class=\"elementor-element elementor-element-a9650ad e-con-full e-flex e-con e-child\" data-id=\"a9650ad\" data-element_type=\"container\" data-settings=\"{&quot;background_background&quot;:&quot;classic&quot;}\">\n\t\t\t\t<div class=\"elementor-element elementor-element-955de11 elementor-widget elementor-widget-heading\" data-id=\"955de11\" data-element_type=\"widget\" data-widget_type=\"heading.default\">\n\t\t\t\t<div class=\"elementor-widget-container\">\n\t\t\t\t\t<h2 class=\"elementor-heading-title elementor-size-default\">\nExquisitas oportunidades inmobiliarias<\/h2>\t\t\t\t<\/div>\n\t\t\t\t<\/div>\n\t\t\t\t<div class=\"elementor-element elementor-element-b42906b elementor-widget elementor-widget-text-editor\" data-id=\"b42906b\" data-element_type=\"widget\" data-widget_type=\"text-editor.default\">\n\t\t\t\t<div class=\"elementor-widget-container\">\n\t\t\t\t\t\t\t\t\t<p>Para aquellos cautivados por el encanto de la Costa Tropical, el mercado inmobiliario presenta un abanico de oportunidades exclusivas. Villas de lujo con vistas panor\u00e1micas al mar, cortijos hist\u00f3ricos rodeados de huertos y modernos apartamentos enclavados en pintorescos pueblos costeros: las opciones son tan diversas como el propio paisaje. Los compradores se sienten atra\u00eddos por la regi\u00f3n no s\u00f3lo por sus impresionantes casas, sino por la promesa de un estilo de vida elegante y sin prisas que personifica el sue\u00f1o espa\u00f1ol.<\/p>\n\t\t\t\t\t\t\t\t<\/div>\n\t\t\t\t<\/div>\n\t\t\t\t<\/div>\n\t\t\t\t<\/div>\n\t\t<div class=\"elementor-element elementor-element-a8bf9a0 e-con-full e-flex e-con e-parent\" data-id=\"a8bf9a0\" data-element_type=\"container\" data-settings=\"{&quot;background_background&quot;:&quot;classic&quot;}\">\n\t\t\t\t<div class=\"elementor-element elementor-element-2e517aa elementor-widget__width-initial elementor-widget-tablet__width-inherit elementor-widget elementor-widget-image\" data-id=\"2e517aa\" data-element_type=\"widget\" data-widget_type=\"image.default\">\n\t\t\t\t<div class=\"elementor-widget-container\">\n\t\t\t\t\t\t\t\t\t\t\t\t\t\t\t<img loading=\"lazy\" decoding=\"async\" width=\"620\" height=\"349\" src=\"https:\/\/costagranada.es\/wp-content\/uploads\/2024\/01\/cala-calahonda-granada.jpg\" class=\"attachment-large size-large wp-image-641\" alt=\"\" srcset=\"https:\/\/costagranada.es\/wp-content\/uploads\/2024\/01\/cala-calahonda-granada.jpg 620w, https:\/\/costagranada.es\/wp-content\/uploads\/2024\/01\/cala-calahonda-granada-300x169.jpg 300w\" sizes=\"100vw\" \/>\t\t\t\t\t\t\t\t\t\t\t\t\t\t\t<\/div>\n\t\t\t\t<\/div>\n\t\t<div class=\"elementor-element elementor-element-811d788 e-con-full e-flex e-con e-child\" data-id=\"811d788\" data-element_type=\"container\" data-settings=\"{&quot;background_background&quot;:&quot;classic&quot;}\">\n\t\t\t\t<div class=\"elementor-element elementor-element-5cb2545 elementor-widget elementor-widget-heading\" data-id=\"5cb2545\" data-element_type=\"widget\" data-widget_type=\"heading.default\">\n\t\t\t\t<div class=\"elementor-widget-container\">\n\t\t\t\t\t<h2 class=\"elementor-heading-title elementor-size-default\">Escapar del caos: Un remanso de tranquilidad<\/h2>\t\t\t\t<\/div>\n\t\t\t\t<\/div>\n\t\t\t\t<div class=\"elementor-element elementor-element-a4078af elementor-widget elementor-widget-text-editor\" data-id=\"a4078af\" data-element_type=\"widget\" data-widget_type=\"text-editor.default\">\n\t\t\t\t<div class=\"elementor-widget-container\">\n\t\t\t\t\t\t\t\t\t<p>Una de las razones m\u00e1s convincentes por las que la Costa Tropical est\u00e1 desbancando a la Costa del Sol es su reputaci\u00f3n de remanso de tranquilidad. Mientras que la Costa del Sol, por desgracia, ha adquirido notoriedad por sus turistas alborotadores e intoxicados, la Costa Tropical sigue siendo un oasis de serenidad. Los visitantes que busquen una experiencia m\u00e1s refinada pueden disfrutar de las playas v\u00edrgenes de la regi\u00f3n sin las molestias que se han convertido en sin\u00f3nimo de otros destinos costeros espa\u00f1oles.<\/p><\/p>\n\t\t\t\t\t\t\t\t<\/div>\n\t\t\t\t<\/div>\n\t\t\t\t<\/div>\n\t\t\t\t<\/div>\n\t\t<div class=\"elementor-element elementor-element-8902e63 e-flex e-con-boxed e-con e-parent\" data-id=\"8902e63\" data-element_type=\"container\">\n\t\t\t\t\t<div class=\"e-con-inner\">\n\t\t\t\t<div class=\"elementor-element elementor-element-4330b45 elementor-widget elementor-widget-heading\" data-id=\"4330b45\" data-element_type=\"widget\" data-widget_type=\"heading.default\">\n\t\t\t\t<div class=\"elementor-widget-container\">\n\t\t\t\t\t<h2 class=\"elementor-heading-title elementor-size-xl\">Nuestros socios<\/h2>\t\t\t\t<\/div>\n\t\t\t\t<\/div>\n\t\t\t\t\t<\/div>\n\t\t\t\t<\/div>\n\t\t<div class=\"elementor-element elementor-element-21d42de e-flex e-con-boxed e-con e-parent\" data-id=\"21d42de\" data-element_type=\"container\">\n\t\t\t\t\t<div class=\"e-con-inner\">\n\t\t<div class=\"elementor-element elementor-element-6cf9464 e-con-full e-flex e-con e-child\" data-id=\"6cf9464\" data-element_type=\"container\">\n\t\t\t\t<div class=\"elementor-element elementor-element-f2c7fcd elementor-invisible elementor-widget elementor-widget-image\" data-id=\"f2c7fcd\" data-element_type=\"widget\" data-settings=\"{&quot;motion_fx_motion_fx_mouse&quot;:&quot;yes&quot;,&quot;_animation&quot;:&quot;zoomIn&quot;}\" data-widget_type=\"image.default\">\n\t\t\t\t<div class=\"elementor-widget-container\">\n\t\t\t\t\t\t\t\t\t\t\t\t\t\t\t\t<a href=\"https:\/\/costatropical.com\/\" target=\"_blank\" rel=\"nofollow noopener\">\n\t\t\t\t\t\t\t<img loading=\"lazy\" decoding=\"async\" width=\"211\" height=\"62\" src=\"https:\/\/costagranada.es\/wp-content\/uploads\/2024\/01\/partner2.png\" class=\"attachment-large size-large wp-image-675\" alt=\"\" sizes=\"100vw\" \/>\t\t\t\t\t\t\t\t<\/a>\n\t\t\t\t\t\t\t\t\t\t\t\t\t\t\t<\/div>\n\t\t\t\t<\/div>\n\t\t\t\t<\/div>\n\t\t<div class=\"elementor-element elementor-element-7e0209d e-con-full e-flex e-con e-child\" data-id=\"7e0209d\" data-element_type=\"container\">\n\t\t\t\t<div class=\"elementor-element elementor-element-00a7bef elementor-invisible elementor-widget elementor-widget-image\" data-id=\"00a7bef\" data-element_type=\"widget\" data-settings=\"{&quot;_animation&quot;:&quot;zoomIn&quot;}\" data-widget_type=\"image.default\">\n\t\t\t\t<div class=\"elementor-widget-container\">\n\t\t\t\t\t\t\t\t\t\t\t\t\t\t\t\t<a href=\"http:\/\/costatropical.tv\" target=\"_blank\" rel=\"nofollow noopener\">\n\t\t\t\t\t\t\t<img loading=\"lazy\" decoding=\"async\" width=\"210\" height=\"69\" src=\"https:\/\/costagranada.es\/wp-content\/uploads\/2024\/01\/partner-3.png\" class=\"attachment-large size-large wp-image-676\" alt=\"\" sizes=\"100vw\" \/>\t\t\t\t\t\t\t\t<\/a>\n\t\t\t\t\t\t\t\t\t\t\t\t\t\t\t<\/div>\n\t\t\t\t<\/div>\n\t\t\t\t<\/div>\n\t\t<div class=\"elementor-element elementor-element-e637c81 e-con-full e-flex e-con e-child\" data-id=\"e637c81\" data-element_type=\"container\">\n\t\t\t\t<div class=\"elementor-element elementor-element-84f2113 elementor-invisible elementor-widget elementor-widget-image\" data-id=\"84f2113\" data-element_type=\"widget\" data-settings=\"{&quot;_animation&quot;:&quot;zoomIn&quot;}\" data-widget_type=\"image.default\">\n\t\t\t\t<div class=\"elementor-widget-container\">\n\t\t\t\t\t\t\t\t\t\t\t\t\t\t\t\t<a href=\"https:\/\/www.granadaproperties.com\/\" target=\"_blank\" rel=\"nofollow noopener\">\n\t\t\t\t\t\t\t<img loading=\"lazy\" decoding=\"async\" width=\"211\" height=\"62\" src=\"https:\/\/costagranada.es\/wp-content\/uploads\/2024\/01\/gp-partner.png\" class=\"attachment-large size-large wp-image-693\" alt=\"\" sizes=\"100vw\" \/>\t\t\t\t\t\t\t\t<\/a>\n\t\t\t\t\t\t\t\t\t\t\t\t\t\t\t<\/div>\n\t\t\t\t<\/div>\n\t\t\t\t<\/div>\n\t\t<div class=\"elementor-element elementor-element-53471e1 e-con-full e-flex e-con e-child\" data-id=\"53471e1\" data-element_type=\"container\">\n\t\t\t\t<div class=\"elementor-element elementor-element-5c9e001 elementor-invisible elementor-widget elementor-widget-image\" data-id=\"5c9e001\" data-element_type=\"widget\" data-settings=\"{&quot;_animation&quot;:&quot;zoomIn&quot;}\" data-widget_type=\"image.default\">\n\t\t\t\t<div class=\"elementor-widget-container\">\n\t\t\t\t\t\t\t\t\t\t\t\t\t\t\t\t<a href=\"https:\/\/www.airbnb.com\/\" target=\"_blank\" rel=\"nofollow noopener\">\n\t\t\t\t\t\t\t<img loading=\"lazy\" decoding=\"async\" width=\"210\" height=\"65\" src=\"https:\/\/costagranada.es\/wp-content\/uploads\/2024\/01\/partner-airnbn.png\" class=\"attachment-large size-large wp-image-677\" alt=\"\" sizes=\"100vw\" \/>\t\t\t\t\t\t\t\t<\/a>\n\t\t\t\t\t\t\t\t\t\t\t\t\t\t\t<\/div>\n\t\t\t\t<\/div>\n\t\t\t\t<\/div>\n\t\t\t\t\t<\/div>\n\t\t\t\t<\/div>\n\t\t<div class=\"elementor-element elementor-element-e70168d e-flex e-con-boxed e-con e-parent\" data-id=\"e70168d\" data-element_type=\"container\">\n\t\t\t\t\t<div class=\"e-con-inner\">\n\t\t\t\t<div class=\"elementor-element elementor-element-f60d441 elementor-widget elementor-widget-spacer\" data-id=\"f60d441\" data-element_type=\"widget\" data-widget_type=\"spacer.default\">\n\t\t\t\t<div class=\"elementor-widget-container\">\n\t\t\t\t\t\t\t<div class=\"elementor-spacer\">\n\t\t\t<div class=\"elementor-spacer-inner\"><\/div>\n\t\t<\/div>\n\t\t\t\t\t\t<\/div>\n\t\t\t\t<\/div>\n\t\t\t\t\t<\/div>\n\t\t\t\t<\/div>\n\t\t\t\t<\/div>\n\t\t","protected":false},"excerpt":{"rendered":"<p>Descubra el encanto de la Costa Tropical: la nueva joya de Espa\u00f1a A medida que las soleadas costas de Espa\u00f1a captan la atenci\u00f3n internacional, se est\u00e1 produciendo un cambio en el panorama vacacional e inmobiliario, y la Costa Tropical est\u00e1 emergiendo como el ep\u00edtome de la sofisticaci\u00f3n y la autenticidad, desbancando a su hom\u00f3loga m\u00e1s &hellip; <\/p>\n<p class=\"link-more\"><a href=\"https:\/\/costagranada.es\/es\/\" class=\"more-link\">Leer m\u00e1s<span class=\"screen-reader-text\"> \u00abInicio\u00bb<\/span><\/a><\/p>\n","protected":false},"author":2,"featured_media":0,"parent":0,"menu_order":0,"comment_status":"closed","ping_status":"closed","template":"page-templates\/full-width-builder-bb.php","meta":{"footnotes":""},"_links":{"self":[{"href":"https:\/\/costagranada.es\/es\/wp-json\/wp\/v2\/pages\/728"}],"collection":[{"href":"https:\/\/costagranada.es\/es\/wp-json\/wp\/v2\/pages"}],"about":[{"href":"https:\/\/costagranada.es\/es\/wp-json\/wp\/v2\/types\/page"}],"author":[{"embeddable":true,"href":"https:\/\/costagranada.es\/es\/wp-json\/wp\/v2\/users\/2"}],"replies":[{"embeddable":true,"href":"https:\/\/costagranada.es\/es\/wp-json\/wp\/v2\/comments?post=728"}],"version-history":[{"count":3,"href":"https:\/\/costagranada.es\/es\/wp-json\/wp\/v2\/pages\/728\/revisions"}],"predecessor-version":[{"id":813,"href":"https:\/\/costagranada.es\/es\/wp-json\/wp\/v2\/pages\/728\/revisions\/813"}],"wp:attachment":[{"href":"https:\/\/costagranada.es\/es\/wp-json\/wp\/v2\/media?parent=728"}],"curies":[{"name":"wp","href":"https:\/\/api.w.org\/{rel}","templated":true}]}}