{"id":733,"date":"2024-01-02T20:18:33","date_gmt":"2024-01-02T20:18:33","guid":{"rendered":"https:\/\/costagranada.es\/que-ver-y-hacer\/"},"modified":"2026-03-02T22:41:54","modified_gmt":"2026-03-02T22:41:54","slug":"que-ver-y-hacer","status":"publish","type":"page","link":"https:\/\/costagranada.es\/es\/que-ver-y-hacer\/","title":{"rendered":"Actividades"},"content":{"rendered":"\t\t<div data-elementor-type=\"wp-page\" data-elementor-id=\"733\" class=\"elementor elementor-733 elementor-35\" data-elementor-post-type=\"page\">\n\t\t\t\t<div class=\"elementor-element elementor-element-79ad27bd e-flex e-con-boxed e-con e-parent\" data-id=\"79ad27bd\" data-element_type=\"container\">\n\t\t\t\t\t<div class=\"e-con-inner\">\n\t\t\t\t\t<\/div>\n\t\t\t\t<\/div>\n\t\t<div class=\"elementor-element elementor-element-e6c1dc3 e-flex e-con-boxed e-con e-parent\" data-id=\"e6c1dc3\" data-element_type=\"container\">\n\t\t\t\t\t<div class=\"e-con-inner\">\n\t\t\t\t<div class=\"elementor-element elementor-element-6f9f3b1 elementor-widget elementor-widget-heading\" data-id=\"6f9f3b1\" data-element_type=\"widget\" data-widget_type=\"heading.default\">\n\t\t\t\t<div class=\"elementor-widget-container\">\n\t\t\t\t\t<h2 class=\"elementor-heading-title elementor-size-default\">Aventuras Acu\u00e1ticas: Diversi\u00f3n acu\u00e1tica para todas las edades en la Costa Tropical<\/h2>\t\t\t\t<\/div>\n\t\t\t\t<\/div>\n\t\t\t\t\t<\/div>\n\t\t\t\t<\/div>\n\t\t<div class=\"elementor-element elementor-element-73f2ae4 e-flex e-con-boxed e-con e-parent\" data-id=\"73f2ae4\" data-element_type=\"container\">\n\t\t\t\t\t<div class=\"e-con-inner\">\n\t\t<div class=\"elementor-element elementor-element-342ab0d e-con-full e-flex e-con e-child\" data-id=\"342ab0d\" data-element_type=\"container\">\n\t\t\t\t<div class=\"elementor-element elementor-element-8053cfb elementor-widget elementor-widget-image\" data-id=\"8053cfb\" data-element_type=\"widget\" data-widget_type=\"image.default\">\n\t\t\t\t<div class=\"elementor-widget-container\">\n\t\t\t\t\t\t\t\t\t\t\t\t\t\t\t<img fetchpriority=\"high\" decoding=\"async\" width=\"630\" height=\"420\" src=\"https:\/\/costagranada.es\/wp-content\/uploads\/2024\/01\/aquatropic.jpg\" class=\"attachment-large size-large wp-image-647\" alt=\"\" srcset=\"https:\/\/costagranada.es\/wp-content\/uploads\/2024\/01\/aquatropic.jpg 630w, https:\/\/costagranada.es\/wp-content\/uploads\/2024\/01\/aquatropic-300x200.jpg 300w\" sizes=\"100vw\" \/>\t\t\t\t\t\t\t\t\t\t\t\t\t\t\t<\/div>\n\t\t\t\t<\/div>\n\t\t\t\t<\/div>\n\t\t<div class=\"elementor-element elementor-element-fe15297 e-con-full e-flex e-con e-child\" data-id=\"fe15297\" data-element_type=\"container\">\n\t\t\t\t<div class=\"elementor-element elementor-element-817f379 elementor-widget elementor-widget-text-editor\" data-id=\"817f379\" data-element_type=\"widget\" data-widget_type=\"text-editor.default\">\n\t\t\t\t<div class=\"elementor-widget-container\">\n\t\t\t\t\t\t\t\t\t<p>Aquatropic est\u00e1 situado en la playa de Velilla, a un paso del centro de Almu\u00f1\u00e9car, en la Costa Tropical. El parque es bastante grande (18.000 metros cuadrados) y ofrece diversas atracciones acu\u00e1ticas, como toboganes (\u00abring-rapids\u00bb y, para los m\u00e1s aventureros, \u00abkamikaze\u00bb). Tambi\u00e9n hay varias piscinas para personas de todas las edades. Hay una m\u00e1quina de olas, una cascada, corriente giratoria y un \u00abagujero negro\u00bb. Aquatropic tambi\u00e9n ofrece otros eventos y actividades, como voley playa, masajes y, por las noches, discoteca. En todo el parque hay zonas verdes donde los visitantes pueden relajarse a la sombra de las palmeras. El parque cuenta con su propio bar y restaurante, adem\u00e1s de varios establecimientos que sirven pizzas, hamburguesas, aperitivos, bebidas fr\u00edas y, por supuesto, helados. Se ha habilitado una zona de picnic para quienes prefieran llevar su propio almuerzo.<\/p>\n<p>El Aquapark est\u00e1 abierto desde mediados de julio hasta mediados de septiembre.<br \/>Horario de apertura: 11.00 &#8211; 19.00 h<br \/>Para m\u00e1s informaci\u00f3n, tel. +34 958 633316<br \/><a href=\"https:\/\/www.aqua-tropic.com\/\" rel=\"nofollow noopener\" target=\"_blank\">Visita el sitio web<\/a><\/p>\n\t\t\t\t\t\t\t\t<\/div>\n\t\t\t\t<\/div>\n\t\t\t\t<\/div>\n\t\t\t\t\t<\/div>\n\t\t\t\t<\/div>\n\t\t<div class=\"elementor-element elementor-element-bb26d55 e-flex e-con-boxed e-con e-parent\" data-id=\"bb26d55\" data-element_type=\"container\">\n\t\t\t\t\t<div class=\"e-con-inner\">\n\t\t\t\t<div class=\"elementor-element elementor-element-51412cf elementor-widget elementor-widget-heading\" data-id=\"51412cf\" data-element_type=\"widget\" data-widget_type=\"heading.default\">\n\t\t\t\t<div class=\"elementor-widget-container\">\n\t\t\t\t\t<h2 class=\"elementor-heading-title elementor-size-default\">Parque de aves ex\u00f3ticas Loro Sexi<\/h2>\t\t\t\t<\/div>\n\t\t\t\t<\/div>\n\t\t\t\t\t<\/div>\n\t\t\t\t<\/div>\n\t\t<div class=\"elementor-element elementor-element-9d96aee e-flex e-con-boxed e-con e-parent\" data-id=\"9d96aee\" data-element_type=\"container\">\n\t\t\t\t\t<div class=\"e-con-inner\">\n\t\t<div class=\"elementor-element elementor-element-272b2c0 e-con-full e-flex e-con e-child\" data-id=\"272b2c0\" data-element_type=\"container\">\n\t\t\t\t<div class=\"elementor-element elementor-element-954f725 elementor-widget elementor-widget-image\" data-id=\"954f725\" data-element_type=\"widget\" data-widget_type=\"image.default\">\n\t\t\t\t<div class=\"elementor-widget-container\">\n\t\t\t\t\t\t\t\t\t\t\t\t\t\t\t<img decoding=\"async\" width=\"630\" height=\"420\" src=\"https:\/\/costagranada.es\/wp-content\/uploads\/2024\/01\/loro_sexi.jpg\" class=\"attachment-large size-large wp-image-648\" alt=\"\" srcset=\"https:\/\/costagranada.es\/wp-content\/uploads\/2024\/01\/loro_sexi.jpg 630w, https:\/\/costagranada.es\/wp-content\/uploads\/2024\/01\/loro_sexi-300x200.jpg 300w\" sizes=\"100vw\" \/>\t\t\t\t\t\t\t\t\t\t\t\t\t\t\t<\/div>\n\t\t\t\t<\/div>\n\t\t\t\t<\/div>\n\t\t<div class=\"elementor-element elementor-element-28a7893 e-con-full e-flex e-con e-child\" data-id=\"28a7893\" data-element_type=\"container\">\n\t\t\t\t<div class=\"elementor-element elementor-element-ad76922 elementor-widget elementor-widget-text-editor\" data-id=\"ad76922\" data-element_type=\"widget\" data-widget_type=\"text-editor.default\">\n\t\t\t\t<div class=\"elementor-widget-container\">\n\t\t\t\t\t\t\t\t\t<p>El parque ornitol\u00f3gico Loro Sexi (\u00abSexi\u00bb era el nombre original de Almu\u00f1\u00e9car) exhibe una fascinante colecci\u00f3n de aves tropicales, como pavos reales, loros, tucanes, cacat\u00faas, cisnes, patos, avestruces y muchas otras especies extra\u00f1as y maravillosas. En verano, el parque organiza regularmente espect\u00e1culos de loros para ni\u00f1os. El parque tambi\u00e9n cuenta con un jard\u00edn de cactus.<\/p>\n<p>La entrada al Loro Sexi se encuentra, muy apropiadamente, en la calle Bikini, justo al lado de la plaza de Abderram\u00edn, en primera l\u00ednea de playa, bajo el castillo, a un corto paseo del centro de Almu\u00f1\u00e9car.<br \/>Informaci\u00f3n de contacto:<br \/>Tel: 958635617\/ 615 321 462<br \/>Email: reservasparqueszoologicos@almunecar.es<\/p>\n<p>Los horarios de apertura son:<br \/>De octubre a marzo inclusive: De martes a domingo, de 10.30 a 14.00 h. y de 16.00 a 18.00 h.<br \/>Durante abril, mayo, junio y septiembre: de 10.30 a 14.00 h. y de 17.00 a 20.00 h.<br \/>Durante julio y agosto: De 10.30 a 14.00 h. y de 18.00 a 21.00 h.<\/p>\n<p>Precio de la entrada: adultos 4 euros, ni\u00f1os y pensionistas 2 euros.<\/p>\n<p>Las entradas est\u00e1n a la venta hasta 30 minutos antes del cierre<br \/><a href=\"https:\/\/parquelorosexi.almunecar.es\/\" rel=\"nofollow noopener\" target=\"_blank\">Visita el sitio web<\/a><\/p>\n\t\t\t\t\t\t\t\t<\/div>\n\t\t\t\t<\/div>\n\t\t\t\t<\/div>\n\t\t\t\t\t<\/div>\n\t\t\t\t<\/div>\n\t\t<div class=\"elementor-element elementor-element-1ba2703 e-flex e-con-boxed e-con e-parent\" data-id=\"1ba2703\" data-element_type=\"container\">\n\t\t\t\t\t<div class=\"e-con-inner\">\n\t\t\t\t<div class=\"elementor-element elementor-element-f617ae4 elementor-widget elementor-widget-heading\" data-id=\"f617ae4\" data-element_type=\"widget\" data-widget_type=\"heading.default\">\n\t\t\t\t<div class=\"elementor-widget-container\">\n\t\t\t\t\t<h2 class=\"elementor-heading-title elementor-size-default\">Paseos a caballo por la Costa Tropical: Galopando por el para\u00edso<\/h2>\t\t\t\t<\/div>\n\t\t\t\t<\/div>\n\t\t\t\t\t<\/div>\n\t\t\t\t<\/div>\n\t\t<div class=\"elementor-element elementor-element-366ac5b e-flex e-con-boxed e-con e-parent\" data-id=\"366ac5b\" data-element_type=\"container\">\n\t\t\t\t\t<div class=\"e-con-inner\">\n\t\t<div class=\"elementor-element elementor-element-8ff6b34 e-con-full e-flex e-con e-child\" data-id=\"8ff6b34\" data-element_type=\"container\">\n\t\t\t\t<div class=\"elementor-element elementor-element-dd2706c elementor-widget elementor-widget-image\" data-id=\"dd2706c\" data-element_type=\"widget\" data-widget_type=\"image.default\">\n\t\t\t\t<div class=\"elementor-widget-container\">\n\t\t\t\t\t\t\t\t\t\t\t\t\t\t\t<img decoding=\"async\" width=\"950\" height=\"635\" src=\"https:\/\/costagranada.es\/wp-content\/uploads\/2024\/01\/horseriding.jpeg\" class=\"attachment-large size-large wp-image-649\" alt=\"\" srcset=\"https:\/\/costagranada.es\/wp-content\/uploads\/2024\/01\/horseriding.jpeg 1024w, https:\/\/costagranada.es\/wp-content\/uploads\/2024\/01\/horseriding-300x200.jpeg 300w\" sizes=\"100vw\" \/>\t\t\t\t\t\t\t\t\t\t\t\t\t\t\t<\/div>\n\t\t\t\t<\/div>\n\t\t\t\t<\/div>\n\t\t<div class=\"elementor-element elementor-element-9607038 e-con-full e-flex e-con e-child\" data-id=\"9607038\" data-element_type=\"container\">\n\t\t\t\t<div class=\"elementor-element elementor-element-67494e5 elementor-widget elementor-widget-text-editor\" data-id=\"67494e5\" data-element_type=\"widget\" data-widget_type=\"text-editor.default\">\n\t\t\t\t<div class=\"elementor-widget-container\">\n\t\t\t\t\t\t\t\t\t<p>La Costa Tropical de Granada (Espa\u00f1a) es un destino cautivador para los aficionados a la equitaci\u00f3n, ya que ofrece playas impresionantes, terrenos escarpados y paisajes exuberantes. Esta regi\u00f3n, apta para jinetes de todos los niveles, ofrece diversos senderos para paseos tranquilos o excursiones de aventura. Experimente la emoci\u00f3n de los paseos por la playa con olas r\u00edtmicas y brisa marina, o explore los antiguos senderos de las monta\u00f1as de Sierra Nevada para vivir una aventura escarpada. Los centros ecuestres proporcionan gu\u00edas profesionales y caballos bien adiestrados, lo que garantiza un viaje seguro y agradable inmerso en la naturaleza. Al montar a caballo, es esencial respetar el medio ambiente ci\u00f1\u00e9ndose a los senderos designados y siguiendo las directrices. Ya sea trotando por el litoral o recorriendo senderos de monta\u00f1a, montar a caballo en la Costa Tropical promete una escapada ecuestre inolvidable en medio de su belleza natural.<\/p>\n\t\t\t\t\t\t\t\t<\/div>\n\t\t\t\t<\/div>\n\t\t\t\t<\/div>\n\t\t\t\t\t<\/div>\n\t\t\t\t<\/div>\n\t\t<div class=\"elementor-element elementor-element-f94f3f0 e-flex e-con-boxed e-con e-parent\" data-id=\"f94f3f0\" data-element_type=\"container\">\n\t\t\t\t\t<div class=\"e-con-inner\">\n\t\t\t\t<div class=\"elementor-element elementor-element-24c82c7 elementor-widget elementor-widget-heading\" data-id=\"24c82c7\" data-element_type=\"widget\" data-widget_type=\"heading.default\">\n\t\t\t\t<div class=\"elementor-widget-container\">\n\t\t\t\t\t<h2 class=\"elementor-heading-title elementor-size-default\">Bienestar hol\u00edstico y experiencias naturales en la Costa Tropical<\/h2>\t\t\t\t<\/div>\n\t\t\t\t<\/div>\n\t\t\t\t\t<\/div>\n\t\t\t\t<\/div>\n\t\t<div class=\"elementor-element elementor-element-f7339ba e-flex e-con-boxed e-con e-parent\" data-id=\"f7339ba\" data-element_type=\"container\">\n\t\t\t\t\t<div class=\"e-con-inner\">\n\t\t<div class=\"elementor-element elementor-element-253d75a e-con-full e-flex e-con e-child\" data-id=\"253d75a\" data-element_type=\"container\">\n\t\t\t\t<div class=\"elementor-element elementor-element-bbaa9ad elementor-widget elementor-widget-image\" data-id=\"bbaa9ad\" data-element_type=\"widget\" data-widget_type=\"image.default\">\n\t\t\t\t<div class=\"elementor-widget-container\">\n\t\t\t\t\t\t\t\t\t\t\t\t\t\t\t<img loading=\"lazy\" decoding=\"async\" width=\"550\" height=\"285\" src=\"https:\/\/costagranada.es\/wp-content\/uploads\/2025\/08\/meditation44.jpg\" class=\"attachment-large size-large wp-image-833\" alt=\"\" srcset=\"https:\/\/costagranada.es\/wp-content\/uploads\/2025\/08\/meditation44.jpg 550w, https:\/\/costagranada.es\/wp-content\/uploads\/2025\/08\/meditation44-300x155.jpg 300w\" sizes=\"100vw\" \/>\t\t\t\t\t\t\t\t\t\t\t\t\t\t\t<\/div>\n\t\t\t\t<\/div>\n\t\t\t\t<\/div>\n\t\t<div class=\"elementor-element elementor-element-96587a1 e-con-full e-flex e-con e-child\" data-id=\"96587a1\" data-element_type=\"container\">\n\t\t\t\t<div class=\"elementor-element elementor-element-aaa0790 elementor-widget elementor-widget-text-editor\" data-id=\"aaa0790\" data-element_type=\"widget\" data-widget_type=\"text-editor.default\">\n\t\t\t\t<div class=\"elementor-widget-container\">\n\t\t\t\t\t\t\t\t\t<p>Descubre la mezcla \u00fanica de belleza natural y bienestar hol\u00edstico de la Costa Tropical. Disfruta de una variedad de terapias como acupuntura, yoga y masajes, junto con actividades al aire libre como paseos por la costa y meditaci\u00f3n, todas ellas dise\u00f1adas para fomentar la relajaci\u00f3n, la salud y el equilibrio durante tu visita.<\/p>\n\t\t\t\t\t\t\t\t<\/div>\n\t\t\t\t<\/div>\n\t\t\t\t<\/div>\n\t\t\t\t\t<\/div>\n\t\t\t\t<\/div>\n\t\t<div class=\"elementor-element elementor-element-6bf611f e-flex e-con-boxed e-con e-parent\" data-id=\"6bf611f\" data-element_type=\"container\">\n\t\t\t\t\t<div class=\"e-con-inner\">\n\t\t\t\t<div class=\"elementor-element elementor-element-1f7f9c3 elementor-widget elementor-widget-heading\" data-id=\"1f7f9c3\" data-element_type=\"widget\" data-widget_type=\"heading.default\">\n\t\t\t\t<div class=\"elementor-widget-container\">\n\t\t\t\t\t<h2 class=\"elementor-heading-title elementor-size-default\">Jard\u00edn de cactus y suculentas Teresa<\/h2>\t\t\t\t<\/div>\n\t\t\t\t<\/div>\n\t\t\t\t\t<\/div>\n\t\t\t\t<\/div>\n\t\t<div class=\"elementor-element elementor-element-9bf7569 e-flex e-con-boxed e-con e-parent\" data-id=\"9bf7569\" data-element_type=\"container\">\n\t\t\t\t\t<div class=\"e-con-inner\">\n\t\t<div class=\"elementor-element elementor-element-41ac79e e-con-full e-flex e-con e-child\" data-id=\"41ac79e\" data-element_type=\"container\">\n\t\t\t\t<div class=\"elementor-element elementor-element-43fff53 elementor-widget elementor-widget-image\" data-id=\"43fff53\" data-element_type=\"widget\" data-widget_type=\"image.default\">\n\t\t\t\t<div class=\"elementor-widget-container\">\n\t\t\t\t\t\t\t\t\t\t\t\t\t\t\t<img loading=\"lazy\" decoding=\"async\" width=\"630\" height=\"420\" src=\"https:\/\/costagranada.es\/wp-content\/uploads\/2024\/01\/jardin_cactus_teresa.jpg\" class=\"attachment-large size-large wp-image-650\" alt=\"\" srcset=\"https:\/\/costagranada.es\/wp-content\/uploads\/2024\/01\/jardin_cactus_teresa.jpg 630w, https:\/\/costagranada.es\/wp-content\/uploads\/2024\/01\/jardin_cactus_teresa-300x200.jpg 300w\" sizes=\"100vw\" \/>\t\t\t\t\t\t\t\t\t\t\t\t\t\t\t<\/div>\n\t\t\t\t<\/div>\n\t\t\t\t<\/div>\n\t\t<div class=\"elementor-element elementor-element-3a97907 e-con-full e-flex e-con e-child\" data-id=\"3a97907\" data-element_type=\"container\">\n\t\t\t\t<div class=\"elementor-element elementor-element-f853ff0 elementor-widget elementor-widget-text-editor\" data-id=\"f853ff0\" data-element_type=\"widget\" data-widget_type=\"text-editor.default\">\n\t\t\t\t<div class=\"elementor-widget-container\">\n\t\t\t\t\t\t\t\t\t<p>Descubre una impresionante colecci\u00f3n de cactus de diversas partes del mundo, con m\u00e1s de 1000 especies diferentes<br \/>El Jard\u00edn de Cactus Teresa es un encantador espacio bot\u00e1nico situado en la ciudad de Motril. Este jard\u00edn, dedicado a la memoria de Teresa Ortiz V\u00e1zquez, amante de la naturaleza y los cactus, es un oasis de belleza y tranquilidad en plena Costa Tropical. Su creaci\u00f3n fue posible gracias a la donaci\u00f3n de casi seiscientas plantas de la colecci\u00f3n particular de Manuel Soler, bi\u00f3logo y profesor de la Universidad de Granada, conocido por sus numerosas publicaciones en revistas y libros especializados. Fue un distinguido cient\u00edfico y jefe del departamento de Zoolog\u00eda de la universidad, que sigui\u00f3 cultivando estas plantas despu\u00e9s de que su esposa Teresa falleciera en un accidente de tr\u00e1fico. Era una aut\u00e9ntica entusiasta de los cactus, una pasi\u00f3n que \u00e9l hered\u00f3 y mantuvo.<\/p>\n<p>El jard\u00edn alberga una impresionante colecci\u00f3n de cactus y suculentas de diversas partes del mundo, con m\u00e1s de 1.000 especies diferentes. Se han cultivado cuidadosamente para crear un entorno \u00fanico y ex\u00f3tico. Los visitantes pueden pasear por sinuosos senderos, admirando una diversa gama de formas, colores y tama\u00f1os de cactus, desde las formas columnares y puntiagudas de los cactus hasta las exuberantes y curiosas formas de las suculentas. Est\u00e1 considerada una de las mejores colecciones de este tipo de plantas. En la actualidad, esta colecci\u00f3n de cactus y suculentas sigue ampli\u00e1ndose, con el objetivo de convertirse en uno de los espacios naturales m\u00e1s importantes de Europa para la conservaci\u00f3n de plantas cact\u00e1ceas.<\/p>\n<p>El concepto de este jard\u00edn crea un espacio que difiere de los jardines de cactus habituales, con el objetivo de establecer una colecci\u00f3n con el mayor n\u00famero posible de especies diferentes. Adem\u00e1s, el Jard\u00edn de Teresa se distribuye a lo largo de su recorrido en varios espacios destinados a tipolog\u00edas espec\u00edficas. Encontramos zonas biogeogr\u00e1ficas como Madagascar o las Islas Canarias; zonas dedicadas a g\u00e9neros espec\u00edficos como Aloes, Mammillaria, Rebutia y Sulcorebutia u Opuntia; y, por \u00faltimo, zonas basadas en caracter\u00edsticas de desarrollo.<\/p>\n\t\t\t\t\t\t\t\t<\/div>\n\t\t\t\t<\/div>\n\t\t\t\t<\/div>\n\t\t\t\t\t<\/div>\n\t\t\t\t<\/div>\n\t\t\t\t<\/div>\n\t\t","protected":false},"excerpt":{"rendered":"<p>Aventuras Acu\u00e1ticas: Diversi\u00f3n acu\u00e1tica para todas las edades en la Costa Tropical Aquatropic est\u00e1 situado en la playa de Velilla, a un paso del centro de Almu\u00f1\u00e9car, en la Costa Tropical. El parque es bastante grande (18.000 metros cuadrados) y ofrece diversas atracciones acu\u00e1ticas, como toboganes (\u00abring-rapids\u00bb y, para los m\u00e1s aventureros, \u00abkamikaze\u00bb). Tambi\u00e9n hay &hellip; <\/p>\n<p class=\"link-more\"><a href=\"https:\/\/costagranada.es\/es\/que-ver-y-hacer\/\" class=\"more-link\">Leer m\u00e1s<span class=\"screen-reader-text\"> \u00abActividades\u00bb<\/span><\/a><\/p>\n","protected":false},"author":1,"featured_media":0,"parent":0,"menu_order":0,"comment_status":"closed","ping_status":"closed","template":"","meta":{"footnotes":""},"_links":{"self":[{"href":"https:\/\/costagranada.es\/es\/wp-json\/wp\/v2\/pages\/733"}],"collection":[{"href":"https:\/\/costagranada.es\/es\/wp-json\/wp\/v2\/pages"}],"about":[{"href":"https:\/\/costagranada.es\/es\/wp-json\/wp\/v2\/types\/page"}],"author":[{"embeddable":true,"href":"https:\/\/costagranada.es\/es\/wp-json\/wp\/v2\/users\/1"}],"replies":[{"embeddable":true,"href":"https:\/\/costagranada.es\/es\/wp-json\/wp\/v2\/comments?post=733"}],"version-history":[{"count":4,"href":"https:\/\/costagranada.es\/es\/wp-json\/wp\/v2\/pages\/733\/revisions"}],"predecessor-version":[{"id":842,"href":"https:\/\/costagranada.es\/es\/wp-json\/wp\/v2\/pages\/733\/revisions\/842"}],"wp:attachment":[{"href":"https:\/\/costagranada.es\/es\/wp-json\/wp\/v2\/media?parent=733"}],"curies":[{"name":"wp","href":"https:\/\/api.w.org\/{rel}","templated":true}]}}