{"id":734,"date":"2024-01-02T20:17:16","date_gmt":"2024-01-02T20:17:16","guid":{"rendered":"https:\/\/costagranada.es\/lugares-de-interes\/"},"modified":"2024-03-06T13:16:55","modified_gmt":"2024-03-06T13:16:55","slug":"lugares-de-interes","status":"publish","type":"page","link":"https:\/\/costagranada.es\/es\/inicio\/lugares-de-interes\/","title":{"rendered":"Lugares"},"content":{"rendered":"\t\t<div data-elementor-type=\"wp-page\" data-elementor-id=\"734\" class=\"elementor elementor-734 elementor-21\" data-elementor-post-type=\"page\">\n\t\t\t\t<div class=\"elementor-element elementor-element-4a87d9c e-flex e-con-boxed e-con e-parent\" data-id=\"4a87d9c\" data-element_type=\"container\">\n\t\t\t\t\t<div class=\"e-con-inner\">\n\t\t\t\t<div class=\"elementor-element elementor-element-67b3375 elementor-widget elementor-widget-heading\" data-id=\"67b3375\" data-element_type=\"widget\" data-widget_type=\"heading.default\">\n\t\t\t\t<div class=\"elementor-widget-container\">\n\t\t\t\t\t<h2 class=\"elementor-heading-title elementor-size-default\">Explorar la Costa de Granada<\/h2>\t\t\t\t<\/div>\n\t\t\t\t<\/div>\n\t\t\t\t\t<\/div>\n\t\t\t\t<\/div>\n\t\t<div class=\"elementor-element elementor-element-b2c97f0 e-flex e-con-boxed e-con e-parent\" data-id=\"b2c97f0\" data-element_type=\"container\">\n\t\t\t\t\t<div class=\"e-con-inner\">\n\t\t\t\t<div class=\"elementor-element elementor-element-2353bf3 elementor-widget elementor-widget-text-editor\" data-id=\"2353bf3\" data-element_type=\"widget\" data-widget_type=\"text-editor.default\">\n\t\t\t\t<div class=\"elementor-widget-container\">\n\t\t\t\t\t\t\t\t\t<div class=\"elementor-element elementor-element-8f60940 elementor-widget elementor-widget-heading\" data-id=\"8f60940\" data-element_type=\"widget\" data-widget_type=\"heading.default\">\n<div class=\"elementor-widget-container\">\n<h5 class=\"elementor-heading-title elementor-size-default\">Todo lo que necesita saber<\/h5>\n<\/div>\n<\/div>\n<div class=\"elementor-element elementor-element-b19c349 elementor-widget elementor-widget-text-editor\" data-id=\"b19c349\" data-element_type=\"widget\" data-widget_type=\"text-editor.default\">\n<div class=\"elementor-widget-container\">\n<p>Granada suele describirse en las gu\u00edas de viaje como el secreto mejor guardado de Espa\u00f1a. S\u00f3lo en los \u00faltimos a\u00f1os los visitantes del pa\u00eds han empezado a descubrir lo mucho que la ciudad y la regi\u00f3n tienen que ofrecer, tanto como lugar para vivir como destino vacacional \u00fanico. Exploremos todos los lugares que puede visitar en la regi\u00f3n.<\/p>\n<\/div>\n<\/div>\n\t\t\t\t\t\t\t\t<\/div>\n\t\t\t\t<\/div>\n\t\t\t\t\t<\/div>\n\t\t\t\t<\/div>\n\t\t<div class=\"elementor-element elementor-element-ebb04fc e-flex e-con-boxed e-con e-parent\" data-id=\"ebb04fc\" data-element_type=\"container\">\n\t\t\t\t\t<div class=\"e-con-inner\">\n\t\t\t\t<div class=\"elementor-element elementor-element-29929ba elementor-widget elementor-widget-heading\" data-id=\"29929ba\" data-element_type=\"widget\" data-widget_type=\"heading.default\">\n\t\t\t\t<div class=\"elementor-widget-container\">\n\t\t\t\t\t<h2 class=\"elementor-heading-title elementor-size-default\">Lugares que visitar en Costa Granada<\/h2>\t\t\t\t<\/div>\n\t\t\t\t<\/div>\n\t\t\t\t\t<\/div>\n\t\t\t\t<\/div>\n\t\t<div class=\"elementor-element elementor-element-e62c328 e-flex e-con-boxed e-con e-parent\" data-id=\"e62c328\" data-element_type=\"container\">\n\t\t\t\t\t<div class=\"e-con-inner\">\n\t\t<div class=\"elementor-element elementor-element-7527aea e-con-full e-flex e-con e-child\" data-id=\"7527aea\" data-element_type=\"container\">\n\t\t\t\t<div class=\"elementor-element elementor-element-cf09ee1 elementor-widget elementor-widget-image\" data-id=\"cf09ee1\" data-element_type=\"widget\" data-widget_type=\"image.default\">\n\t\t\t\t<div class=\"elementor-widget-container\">\n\t\t\t\t\t\t\t\t\t\t\t\t\t\t\t\t<a href=\"https:\/\/costagranada.es\/es\/almunecar\/\">\n\t\t\t\t\t\t\t<img fetchpriority=\"high\" decoding=\"async\" width=\"630\" height=\"420\" src=\"https:\/\/costagranada.es\/wp-content\/uploads\/2024\/01\/almunecar.png\" class=\"attachment-large size-large wp-image-651\" alt=\"\" srcset=\"https:\/\/costagranada.es\/wp-content\/uploads\/2024\/01\/almunecar.png 630w, https:\/\/costagranada.es\/wp-content\/uploads\/2024\/01\/almunecar-300x200.png 300w\" sizes=\"100vw\" \/>\t\t\t\t\t\t\t\t<\/a>\n\t\t\t\t\t\t\t\t\t\t\t\t\t\t\t<\/div>\n\t\t\t\t<\/div>\n\t\t\t\t<\/div>\n\t\t<div class=\"elementor-element elementor-element-aa4c287 e-con-full e-flex e-con e-child\" data-id=\"aa4c287\" data-element_type=\"container\">\n\t\t\t\t<div class=\"elementor-element elementor-element-469a7ff elementor-widget elementor-widget-image\" data-id=\"469a7ff\" data-element_type=\"widget\" data-widget_type=\"image.default\">\n\t\t\t\t<div class=\"elementor-widget-container\">\n\t\t\t\t\t\t\t\t\t\t\t\t\t\t\t\t<a href=\"https:\/\/costagranada.es\/es\/la-herradura\/\">\n\t\t\t\t\t\t\t<img decoding=\"async\" width=\"630\" height=\"420\" src=\"https:\/\/costagranada.es\/wp-content\/uploads\/2024\/01\/herradura.jpg\" class=\"attachment-large size-large wp-image-652\" alt=\"\" srcset=\"https:\/\/costagranada.es\/wp-content\/uploads\/2024\/01\/herradura.jpg 630w, https:\/\/costagranada.es\/wp-content\/uploads\/2024\/01\/herradura-300x200.jpg 300w\" sizes=\"100vw\" \/>\t\t\t\t\t\t\t\t<\/a>\n\t\t\t\t\t\t\t\t\t\t\t\t\t\t\t<\/div>\n\t\t\t\t<\/div>\n\t\t\t\t<\/div>\n\t\t<div class=\"elementor-element elementor-element-d6b7f01 e-con-full e-flex e-con e-child\" data-id=\"d6b7f01\" data-element_type=\"container\">\n\t\t\t\t<div class=\"elementor-element elementor-element-f0084be elementor-widget elementor-widget-image\" data-id=\"f0084be\" data-element_type=\"widget\" data-widget_type=\"image.default\">\n\t\t\t\t<div class=\"elementor-widget-container\">\n\t\t\t\t\t\t\t\t\t\t\t\t\t\t\t\t<a href=\"https:\/\/costagranada.es\/es\/salobrena\/\">\n\t\t\t\t\t\t\t<img decoding=\"async\" width=\"630\" height=\"420\" src=\"https:\/\/costagranada.es\/wp-content\/uploads\/2024\/01\/salobrenan.jpg\" class=\"attachment-large size-large wp-image-653\" alt=\"\" srcset=\"https:\/\/costagranada.es\/wp-content\/uploads\/2024\/01\/salobrenan.jpg 630w, https:\/\/costagranada.es\/wp-content\/uploads\/2024\/01\/salobrenan-300x200.jpg 300w\" sizes=\"100vw\" \/>\t\t\t\t\t\t\t\t<\/a>\n\t\t\t\t\t\t\t\t\t\t\t\t\t\t\t<\/div>\n\t\t\t\t<\/div>\n\t\t\t\t<\/div>\n\t\t<div class=\"elementor-element elementor-element-08aa36e e-con-full e-flex e-con e-child\" data-id=\"08aa36e\" data-element_type=\"container\">\n\t\t\t\t<div class=\"elementor-element elementor-element-a03d36f elementor-widget elementor-widget-image\" data-id=\"a03d36f\" data-element_type=\"widget\" data-widget_type=\"image.default\">\n\t\t\t\t<div class=\"elementor-widget-container\">\n\t\t\t\t\t\t\t\t\t\t\t\t\t\t\t\t<a href=\"https:\/\/costagranada.es\/es\/motril\/\">\n\t\t\t\t\t\t\t<img loading=\"lazy\" decoding=\"async\" width=\"630\" height=\"420\" src=\"https:\/\/costagranada.es\/wp-content\/uploads\/2024\/01\/motril.png\" class=\"attachment-large size-large wp-image-654\" alt=\"\" srcset=\"https:\/\/costagranada.es\/wp-content\/uploads\/2024\/01\/motril.png 630w, https:\/\/costagranada.es\/wp-content\/uploads\/2024\/01\/motril-300x200.png 300w\" sizes=\"100vw\" \/>\t\t\t\t\t\t\t\t<\/a>\n\t\t\t\t\t\t\t\t\t\t\t\t\t\t\t<\/div>\n\t\t\t\t<\/div>\n\t\t\t\t<\/div>\n\t\t\t\t\t<\/div>\n\t\t\t\t<\/div>\n\t\t<div class=\"elementor-element elementor-element-bd6cb6a e-flex e-con-boxed e-con e-parent\" data-id=\"bd6cb6a\" data-element_type=\"container\">\n\t\t\t\t\t<div class=\"e-con-inner\">\n\t\t<div class=\"elementor-element elementor-element-d84f025 e-con-full e-flex e-con e-child\" data-id=\"d84f025\" data-element_type=\"container\">\n\t\t\t\t<div class=\"elementor-element elementor-element-455ca84 elementor-widget elementor-widget-image\" data-id=\"455ca84\" data-element_type=\"widget\" data-widget_type=\"image.default\">\n\t\t\t\t<div class=\"elementor-widget-container\">\n\t\t\t\t\t\t\t\t\t\t\t\t\t\t\t\t<a href=\"https:\/\/costagranada.es\/es\/castillo-de-ferro\/\">\n\t\t\t\t\t\t\t<img loading=\"lazy\" decoding=\"async\" width=\"630\" height=\"420\" src=\"https:\/\/costagranada.es\/wp-content\/uploads\/2024\/01\/castell.jpg\" class=\"attachment-large size-large wp-image-679\" alt=\"\" srcset=\"https:\/\/costagranada.es\/wp-content\/uploads\/2024\/01\/castell.jpg 630w, https:\/\/costagranada.es\/wp-content\/uploads\/2024\/01\/castell-300x200.jpg 300w\" sizes=\"100vw\" \/>\t\t\t\t\t\t\t\t<\/a>\n\t\t\t\t\t\t\t\t\t\t\t\t\t\t\t<\/div>\n\t\t\t\t<\/div>\n\t\t\t\t<\/div>\n\t\t<div class=\"elementor-element elementor-element-bc69ce4 e-con-full e-flex e-con e-child\" data-id=\"bc69ce4\" data-element_type=\"container\">\n\t\t\t\t<div class=\"elementor-element elementor-element-dfed0a4 elementor-widget elementor-widget-image\" data-id=\"dfed0a4\" data-element_type=\"widget\" data-widget_type=\"image.default\">\n\t\t\t\t<div class=\"elementor-widget-container\">\n\t\t\t\t\t\t\t\t\t\t\t\t\t\t\t\t<a href=\"https:\/\/costagranada.es\/es\/la-rabita\/\" target=\"_blank\">\n\t\t\t\t\t\t\t<img loading=\"lazy\" decoding=\"async\" width=\"630\" height=\"420\" src=\"https:\/\/costagranada.es\/wp-content\/uploads\/2024\/01\/la-rabita.jpg\" class=\"attachment-large size-large wp-image-680\" alt=\"\" srcset=\"https:\/\/costagranada.es\/wp-content\/uploads\/2024\/01\/la-rabita.jpg 630w, https:\/\/costagranada.es\/wp-content\/uploads\/2024\/01\/la-rabita-300x200.jpg 300w\" sizes=\"100vw\" \/>\t\t\t\t\t\t\t\t<\/a>\n\t\t\t\t\t\t\t\t\t\t\t\t\t\t\t<\/div>\n\t\t\t\t<\/div>\n\t\t\t\t<\/div>\n\t\t<div class=\"elementor-element elementor-element-7921d03 e-con-full e-flex e-con e-child\" data-id=\"7921d03\" data-element_type=\"container\">\n\t\t\t\t<div class=\"elementor-element elementor-element-a1e1c60 elementor-widget elementor-widget-image\" data-id=\"a1e1c60\" data-element_type=\"widget\" data-widget_type=\"image.default\">\n\t\t\t\t<div class=\"elementor-widget-container\">\n\t\t\t\t\t\t\t\t\t\t\t\t\t\t\t\t<a href=\"https:\/\/costagranada.es\/es\/jete\/\">\n\t\t\t\t\t\t\t<img loading=\"lazy\" decoding=\"async\" width=\"630\" height=\"420\" src=\"https:\/\/costagranada.es\/wp-content\/uploads\/2024\/01\/jete.jpg\" class=\"attachment-large size-large wp-image-681\" alt=\"\" srcset=\"https:\/\/costagranada.es\/wp-content\/uploads\/2024\/01\/jete.jpg 630w, https:\/\/costagranada.es\/wp-content\/uploads\/2024\/01\/jete-300x200.jpg 300w\" sizes=\"100vw\" \/>\t\t\t\t\t\t\t\t<\/a>\n\t\t\t\t\t\t\t\t\t\t\t\t\t\t\t<\/div>\n\t\t\t\t<\/div>\n\t\t\t\t<\/div>\n\t\t<div class=\"elementor-element elementor-element-8bad74a e-con-full e-flex e-con e-child\" data-id=\"8bad74a\" data-element_type=\"container\">\n\t\t\t\t<div class=\"elementor-element elementor-element-dcade3e elementor-widget elementor-widget-image\" data-id=\"dcade3e\" data-element_type=\"widget\" data-widget_type=\"image.default\">\n\t\t\t\t<div class=\"elementor-widget-container\">\n\t\t\t\t\t\t\t\t\t\t\t\t\t\t\t\t<a href=\"https:\/\/costagranada.es\/es\/velez-de-benaudalla\/\">\n\t\t\t\t\t\t\t<img loading=\"lazy\" decoding=\"async\" width=\"630\" height=\"420\" src=\"https:\/\/costagranada.es\/wp-content\/uploads\/2024\/01\/benaudalla.jpg\" class=\"attachment-large size-large wp-image-698\" alt=\"\" srcset=\"https:\/\/costagranada.es\/wp-content\/uploads\/2024\/01\/benaudalla.jpg 630w, https:\/\/costagranada.es\/wp-content\/uploads\/2024\/01\/benaudalla-300x200.jpg 300w\" sizes=\"100vw\" \/>\t\t\t\t\t\t\t\t<\/a>\n\t\t\t\t\t\t\t\t\t\t\t\t\t\t\t<\/div>\n\t\t\t\t<\/div>\n\t\t\t\t<\/div>\n\t\t\t\t\t<\/div>\n\t\t\t\t<\/div>\n\t\t\t\t<\/div>\n\t\t","protected":false},"excerpt":{"rendered":"<p>Explorar la Costa de Granada Todo lo que necesita saber Granada suele describirse en las gu\u00edas de viaje como el secreto mejor guardado de Espa\u00f1a. S\u00f3lo en los \u00faltimos a\u00f1os los visitantes del pa\u00eds han empezado a descubrir lo mucho que la ciudad y la regi\u00f3n tienen que ofrecer, tanto como lugar para vivir como &hellip; <\/p>\n<p class=\"link-more\"><a href=\"https:\/\/costagranada.es\/es\/inicio\/lugares-de-interes\/\" class=\"more-link\">Leer m\u00e1s<span class=\"screen-reader-text\"> \u00abLugares\u00bb<\/span><\/a><\/p>\n","protected":false},"author":1,"featured_media":0,"parent":728,"menu_order":0,"comment_status":"closed","ping_status":"closed","template":"page-templates\/full-width-builder-bb.php","meta":{"footnotes":""},"_links":{"self":[{"href":"https:\/\/costagranada.es\/es\/wp-json\/wp\/v2\/pages\/734"}],"collection":[{"href":"https:\/\/costagranada.es\/es\/wp-json\/wp\/v2\/pages"}],"about":[{"href":"https:\/\/costagranada.es\/es\/wp-json\/wp\/v2\/types\/page"}],"author":[{"embeddable":true,"href":"https:\/\/costagranada.es\/es\/wp-json\/wp\/v2\/users\/1"}],"replies":[{"embeddable":true,"href":"https:\/\/costagranada.es\/es\/wp-json\/wp\/v2\/comments?post=734"}],"version-history":[{"count":7,"href":"https:\/\/costagranada.es\/es\/wp-json\/wp\/v2\/pages\/734\/revisions"}],"predecessor-version":[{"id":815,"href":"https:\/\/costagranada.es\/es\/wp-json\/wp\/v2\/pages\/734\/revisions\/815"}],"up":[{"embeddable":true,"href":"https:\/\/costagranada.es\/es\/wp-json\/wp\/v2\/pages\/728"}],"wp:attachment":[{"href":"https:\/\/costagranada.es\/es\/wp-json\/wp\/v2\/media?parent=734"}],"curies":[{"name":"wp","href":"https:\/\/api.w.org\/{rel}","templated":true}]}}