{"id":743,"date":"2024-01-03T12:44:57","date_gmt":"2024-01-03T12:44:57","guid":{"rendered":"https:\/\/costagranada.es\/lugares-de-celebracion\/"},"modified":"2024-01-03T12:44:57","modified_gmt":"2024-01-03T12:44:57","slug":"lugares-de-celebracion","status":"publish","type":"page","link":"https:\/\/costagranada.es\/es\/lugares-de-celebracion\/","title":{"rendered":"Lugares de celebraci\u00f3n"},"content":{"rendered":"<!-- venue Counter -->\n<div class=\"wpem-venue-connter\">\n            <div class=\"venue-related-data-counter\">\n            <div class=\"venue-counter-number-icon\">\n                <div class=\"venue-counter-upper-wrap\">\n                    <div class=\"venue-counter-icon-wrap\"><i class=\"wpem-icon-location2\"><\/i><\/div>\n                    <div class=\"venue-counter-number-wrap\">14<\/div>\n                <\/div>\n                <div class=\"venue-counter-bottom-wrap\">Venues<\/div>\n            <\/div>\n            <div class=\"wpem-available-events-number-icon\">\n                <a href=\"https:\/\/costagranada.es\/events\/\" class=\"wpem-list-group-item\" title=\"Browse events\">\n                    <div class=\"venue-counter-upper-wrap\">\n                        <div class=\"venue-counter-icon-wrap\"><i class=\"wpem-icon-calendar\"><\/i><\/div>\n                        <div class=\"venue-counter-number-wrap\">19<\/div>\n                    <\/div>\n                    <div class=\"venue-counter-bottom-wrap\">Available events<\/div>\n                <\/a>\n            <\/div>\n        <\/div>\n        <!-- end venue Counter -->\n\n        <!-- shows numbers and alphabet -->\n        <div class=\"wpem-main venue-letters venue-letters\">\n            <div class=\"venue-letters-list\">\n                <a id=\"ALL\" href=\"#All\">All<\/a>\n            <\/div>\n                            <div class=\"venue-letters-list\"><a id=\"0\" href=\"#0\">0<\/a><\/div>                 <div class=\"venue-letters-list\"><a id=\"1\" href=\"#1\">1<\/a><\/div>                 <div class=\"venue-letters-list\"><a id=\"2\" href=\"#2\">2<\/a><\/div>                 <div class=\"venue-letters-list\"><a id=\"3\" href=\"#3\">3<\/a><\/div>                 <div class=\"venue-letters-list\"><a id=\"4\" href=\"#4\">4<\/a><\/div>                 <div class=\"venue-letters-list\"><a id=\"5\" href=\"#5\">5<\/a><\/div>                 <div class=\"venue-letters-list\"><a id=\"6\" href=\"#6\">6<\/a><\/div>                 <div class=\"venue-letters-list\"><a id=\"7\" href=\"#7\">7<\/a><\/div>                 <div class=\"venue-letters-list\"><a id=\"8\" href=\"#8\">8<\/a><\/div>                 <div class=\"venue-letters-list\"><a id=\"9\" href=\"#9\">9<\/a><\/div>                 <div class=\"venue-letters-list\"><a id=\"A\" href=\"#A\">A<\/a><\/div>\n                            <div class=\"venue-letters-list\"><a id=\"B\" href=\"#B\">B<\/a><\/div>\n                            <div class=\"venue-letters-list\"><a id=\"C\" href=\"#C\">C<\/a><\/div>\n                            <div class=\"venue-letters-list\"><a id=\"D\" href=\"#D\">D<\/a><\/div>\n                            <div class=\"venue-letters-list\"><a id=\"E\" href=\"#E\">E<\/a><\/div>\n                            <div class=\"venue-letters-list\"><a id=\"F\" href=\"#F\">F<\/a><\/div>\n                            <div class=\"venue-letters-list\"><a id=\"G\" href=\"#G\">G<\/a><\/div>\n                            <div class=\"venue-letters-list\"><a id=\"H\" href=\"#H\">H<\/a><\/div>\n                            <div class=\"venue-letters-list\"><a id=\"I\" href=\"#I\">I<\/a><\/div>\n                            <div class=\"venue-letters-list\"><a id=\"J\" href=\"#J\">J<\/a><\/div>\n                            <div class=\"venue-letters-list\"><a id=\"K\" href=\"#K\">K<\/a><\/div>\n                            <div class=\"venue-letters-list\"><a id=\"L\" href=\"#L\">L<\/a><\/div>\n                            <div class=\"venue-letters-list\"><a id=\"M\" href=\"#M\">M<\/a><\/div>\n                            <div class=\"venue-letters-list\"><a id=\"N\" href=\"#N\">N<\/a><\/div>\n                            <div class=\"venue-letters-list\"><a id=\"O\" href=\"#O\">O<\/a><\/div>\n                            <div class=\"venue-letters-list\"><a id=\"P\" href=\"#P\">P<\/a><\/div>\n                            <div class=\"venue-letters-list\"><a id=\"Q\" href=\"#Q\">Q<\/a><\/div>\n                            <div class=\"venue-letters-list\"><a id=\"R\" href=\"#R\">R<\/a><\/div>\n                            <div class=\"venue-letters-list\"><a id=\"S\" href=\"#S\">S<\/a><\/div>\n                            <div class=\"venue-letters-list\"><a id=\"T\" href=\"#T\">T<\/a><\/div>\n                            <div class=\"venue-letters-list\"><a id=\"U\" href=\"#U\">U<\/a><\/div>\n                            <div class=\"venue-letters-list\"><a id=\"V\" href=\"#V\">V<\/a><\/div>\n                            <div class=\"venue-letters-list\"><a id=\"W\" href=\"#W\">W<\/a><\/div>\n                            <div class=\"venue-letters-list\"><a id=\"X\" href=\"#X\">X<\/a><\/div>\n                            <div class=\"venue-letters-list\"><a id=\"Y\" href=\"#Y\">Y<\/a><\/div>\n                            <div class=\"venue-letters-list\"><a id=\"Z\" href=\"#Z\">Z<\/a><\/div>\n                    <\/div>\n\n        <!-- shows venue related data -->\n        <div class=\"wpem-main wpem-row venue-related-data-wrapper\">\n            <div class=\"wpem-col-md-12 venue-related-info-wrapper\">\n                <div class=\"wpem-row\">\n                                            <div id=\"show_A\" class=\"show-venue-info show-venue-info wpem-col-sm-12 wpem-col-md-6 wpem-col-lg-4\">\n                            <div class=\"wpem-list-group\">\n                                <div class=\"venue-group-header wpem-list-group-item wpem-list-group-item-success\">\n                                    <div>A<\/div>\n                                <\/div>\n                                <div class=\"venue-name-list\">\n                                                                            <div class=\"venue-list-items\">\n                                            <a href=\"https:\/\/costagranada.es\/es\/event-venue\/auditorio-caja-rural-granada\/\" class=\"wpem-list-group-item list-color\" title=\"Click here, for more info.\">\n                                                                                                                                                    <div class=\"wpem-venue-logo\"><img decoding=\"async\" src=\"https:\/\/costagranada.es\/wp-content\/plugins\/wp-event-manager\/assets\/images\/wpem-placeholder.jpg\" alt=\"\" \/><\/div>\n                                                \n                                                <div class=\"wpem-venue-name\">Auditorio Caja Rural Granada<\/div>\n\n                                                                                            <\/a>\n                                        <\/div>\n                                                                            <div class=\"venue-list-items\">\n                                            <a href=\"https:\/\/costagranada.es\/es\/event-venue\/auditorio-casa-de-la-cultura-de-almunecar\/\" class=\"wpem-list-group-item list-color\" title=\"Click here, for more info.\">\n                                                                                                                                                    <div class=\"wpem-venue-logo\"><img decoding=\"async\" src=\"https:\/\/costagranada.es\/wp-content\/plugins\/wp-event-manager\/assets\/images\/wpem-placeholder.jpg\" alt=\"\" \/><\/div>\n                                                \n                                                <div class=\"wpem-venue-name\">Auditorio Casa de la Cultura de Almu\u00f1\u00e9car<\/div>\n\n                                                                                            <\/a>\n                                        <\/div>\n                                                                            <div class=\"venue-list-items\">\n                                            <a href=\"https:\/\/costagranada.es\/es\/event-venue\/auditorio-villa-de-salobrena-martin-recuerda\/\" class=\"wpem-list-group-item list-color\" title=\"Click here, for more info.\">\n                                                                                                                                                    <div class=\"wpem-venue-logo\"><img decoding=\"async\" src=\"https:\/\/costagranada.es\/wp-content\/plugins\/wp-event-manager\/assets\/images\/wpem-placeholder.jpg\" alt=\"\" \/><\/div>\n                                                \n                                                <div class=\"wpem-venue-name\">Auditorio Villa de Salobre\u00f1a Mart\u00edn Recuerda<\/div>\n\n                                                                                            <\/a>\n                                        <\/div>\n                                                                    <\/div>\n                            <\/div>\n                        <\/div>\n                                            <div id=\"show_C\" class=\"show-venue-info show-venue-info wpem-col-sm-12 wpem-col-md-6 wpem-col-lg-4\">\n                            <div class=\"wpem-list-group\">\n                                <div class=\"venue-group-header wpem-list-group-item wpem-list-group-item-success\">\n                                    <div>C<\/div>\n                                <\/div>\n                                <div class=\"venue-name-list\">\n                                                                            <div class=\"venue-list-items\">\n                                            <a href=\"https:\/\/costagranada.es\/es\/event-venue\/calahonda\/\" class=\"wpem-list-group-item list-color\" title=\"Click here, for more info.\">\n                                                                                                                                                    <div class=\"wpem-venue-logo\"><img decoding=\"async\" src=\"https:\/\/costagranada.es\/wp-content\/plugins\/wp-event-manager\/assets\/images\/wpem-placeholder.jpg\" alt=\"\" \/><\/div>\n                                                \n                                                <div class=\"wpem-venue-name\">Calahonda<\/div>\n\n                                                                                            <\/a>\n                                        <\/div>\n                                                                            <div class=\"venue-list-items\">\n                                            <a href=\"https:\/\/costagranada.es\/es\/event-venue\/cortijo-del-conde-granada\/\" class=\"wpem-list-group-item list-color\" title=\"Click here, for more info.\">\n                                                                                                                                                    <div class=\"wpem-venue-logo\"><img decoding=\"async\" src=\"https:\/\/costagranada.es\/wp-content\/plugins\/wp-event-manager\/assets\/images\/wpem-placeholder.jpg\" alt=\"\" \/><\/div>\n                                                \n                                                <div class=\"wpem-venue-name\">Cortijo del Conde, Granada<\/div>\n\n                                                                                            <\/a>\n                                        <\/div>\n                                                                    <\/div>\n                            <\/div>\n                        <\/div>\n                                            <div id=\"show_H\" class=\"show-venue-info show-venue-info wpem-col-sm-12 wpem-col-md-6 wpem-col-lg-4\">\n                            <div class=\"wpem-list-group\">\n                                <div class=\"venue-group-header wpem-list-group-item wpem-list-group-item-success\">\n                                    <div>H<\/div>\n                                <\/div>\n                                <div class=\"venue-name-list\">\n                                                                            <div class=\"venue-list-items\">\n                                            <a href=\"https:\/\/costagranada.es\/es\/event-venue\/hotel-playa-calida-spa\/\" class=\"wpem-list-group-item list-color\" title=\"Click here, for more info.\">\n                                                                                                                                                    <div class=\"wpem-venue-logo\"><img decoding=\"async\" src=\"https:\/\/costagranada.es\/wp-content\/plugins\/wp-event-manager\/assets\/images\/wpem-placeholder.jpg\" alt=\"\" \/><\/div>\n                                                \n                                                <div class=\"wpem-venue-name\">Hotel Playa Calida Spa<\/div>\n\n                                                                                            <\/a>\n                                        <\/div>\n                                                                    <\/div>\n                            <\/div>\n                        <\/div>\n                                            <div id=\"show_L\" class=\"show-venue-info show-venue-info wpem-col-sm-12 wpem-col-md-6 wpem-col-lg-4\">\n                            <div class=\"wpem-list-group\">\n                                <div class=\"venue-group-header wpem-list-group-item wpem-list-group-item-success\">\n                                    <div>L<\/div>\n                                <\/div>\n                                <div class=\"venue-name-list\">\n                                                                            <div class=\"venue-list-items\">\n                                            <a href=\"https:\/\/costagranada.es\/es\/event-venue\/la-cochera\/\" class=\"wpem-list-group-item list-color\" title=\"Click here, for more info.\">\n                                                                                                                                                    <div class=\"wpem-venue-logo\"><img decoding=\"async\" src=\"https:\/\/costagranada.es\/wp-content\/plugins\/wp-event-manager\/assets\/images\/wpem-placeholder.jpg\" alt=\"\" \/><\/div>\n                                                \n                                                <div class=\"wpem-venue-name\">La Cochera<\/div>\n\n                                                                                            <\/a>\n                                        <\/div>\n                                                                    <\/div>\n                            <\/div>\n                        <\/div>\n                                            <div id=\"show_P\" class=\"show-venue-info show-venue-info wpem-col-sm-12 wpem-col-md-6 wpem-col-lg-4\">\n                            <div class=\"wpem-list-group\">\n                                <div class=\"venue-group-header wpem-list-group-item wpem-list-group-item-success\">\n                                    <div>P<\/div>\n                                <\/div>\n                                <div class=\"venue-name-list\">\n                                                                            <div class=\"venue-list-items\">\n                                            <a href=\"https:\/\/costagranada.es\/es\/event-venue\/palacio-de-deportes-de-granada\/\" class=\"wpem-list-group-item list-color\" title=\"Click here, for more info.\">\n                                                                                                                                                    <div class=\"wpem-venue-logo\"><img decoding=\"async\" src=\"https:\/\/costagranada.es\/wp-content\/plugins\/wp-event-manager\/assets\/images\/wpem-placeholder.jpg\" alt=\"\" \/><\/div>\n                                                \n                                                <div class=\"wpem-venue-name\">Palacio de Deportes de Granada<\/div>\n\n                                                                                            <\/a>\n                                        <\/div>\n                                                                            <div class=\"venue-list-items\">\n                                            <a href=\"https:\/\/costagranada.es\/es\/event-venue\/plaza-de-toros-de-granada\/\" class=\"wpem-list-group-item list-color\" title=\"Click here, for more info.\">\n                                                                                                                                                    <div class=\"wpem-venue-logo\"><img decoding=\"async\" src=\"https:\/\/costagranada.es\/wp-content\/plugins\/wp-event-manager\/assets\/images\/wpem-placeholder.jpg\" alt=\"\" \/><\/div>\n                                                \n                                                <div class=\"wpem-venue-name\">Plaza de Toros de Granada<\/div>\n\n                                                                                            <\/a>\n                                        <\/div>\n                                                                            <div class=\"venue-list-items\">\n                                            <a href=\"https:\/\/costagranada.es\/es\/event-venue\/plaza-de-toros-de-granada-2\/\" class=\"wpem-list-group-item list-color\" title=\"Click here, for more info.\">\n                                                                                                                                                    <div class=\"wpem-venue-logo\"><img decoding=\"async\" src=\"https:\/\/costagranada.es\/wp-content\/plugins\/wp-event-manager\/assets\/images\/wpem-placeholder.jpg\" alt=\"\" \/><\/div>\n                                                \n                                                <div class=\"wpem-venue-name\">Plaza de Toros de Granada<\/div>\n\n                                                                                            <\/a>\n                                        <\/div>\n                                                                            <div class=\"venue-list-items\">\n                                            <a href=\"https:\/\/costagranada.es\/es\/event-venue\/plaza-de-la-coronacion-motril\/\" class=\"wpem-list-group-item list-color\" title=\"Click here, for more info.\">\n                                                                                                                                                    <div class=\"wpem-venue-logo\"><img decoding=\"async\" src=\"https:\/\/costagranada.es\/wp-content\/plugins\/wp-event-manager\/assets\/images\/wpem-placeholder.jpg\" alt=\"\" \/><\/div>\n                                                \n                                                <div class=\"wpem-venue-name\">Plaza de la Coronaci\u00f3n, Motril<\/div>\n\n                                                                                            <\/a>\n                                        <\/div>\n                                                                            <div class=\"venue-list-items\">\n                                            <a href=\"https:\/\/costagranada.es\/es\/event-venue\/plaza-de-la-independencia-la-herradura\/\" class=\"wpem-list-group-item list-color\" title=\"Click here, for more info.\">\n                                                                                                                                                    <div class=\"wpem-venue-logo\"><img decoding=\"async\" src=\"https:\/\/costagranada.es\/wp-content\/plugins\/wp-event-manager\/assets\/images\/wpem-placeholder.jpg\" alt=\"\" \/><\/div>\n                                                \n                                                <div class=\"wpem-venue-name\">Plaza de la Independencia, La Herradura<\/div>\n\n                                                                                            <\/a>\n                                        <\/div>\n                                                                    <\/div>\n                            <\/div>\n                        <\/div>\n                                            <div id=\"show_S\" class=\"show-venue-info show-venue-info wpem-col-sm-12 wpem-col-md-6 wpem-col-lg-4\">\n                            <div class=\"wpem-list-group\">\n                                <div class=\"venue-group-header wpem-list-group-item wpem-list-group-item-success\">\n                                    <div>S<\/div>\n                                <\/div>\n                                <div class=\"venue-name-list\">\n                                                                            <div class=\"venue-list-items\">\n                                            <a href=\"https:\/\/costagranada.es\/es\/event-venue\/sala-aliatar\/\" class=\"wpem-list-group-item list-color\" title=\"Click here, for more info.\">\n                                                                                                                                                    <div class=\"wpem-venue-logo\"><img decoding=\"async\" src=\"https:\/\/costagranada.es\/wp-content\/plugins\/wp-event-manager\/assets\/images\/wpem-placeholder.jpg\" alt=\"\" \/><\/div>\n                                                \n                                                <div class=\"wpem-venue-name\">Sala Aliatar<\/div>\n\n                                                                                            <\/a>\n                                        <\/div>\n                                                                    <\/div>\n                            <\/div>\n                        <\/div>\n                                            <div id=\"show_T\" class=\"show-venue-info show-venue-info wpem-col-sm-12 wpem-col-md-6 wpem-col-lg-4\">\n                            <div class=\"wpem-list-group\">\n                                <div class=\"venue-group-header wpem-list-group-item wpem-list-group-item-success\">\n                                    <div>T<\/div>\n                                <\/div>\n                                <div class=\"venue-name-list\">\n                                                                            <div class=\"venue-list-items\">\n                                            <a href=\"https:\/\/costagranada.es\/es\/event-venue\/teatro-martin-recuerda-casa-de-la-cultura-de-almunecar\/\" class=\"wpem-list-group-item list-color\" title=\"Click here, for more info.\">\n                                                                                                                                                    <div class=\"wpem-venue-logo\"><img decoding=\"async\" src=\"https:\/\/costagranada.es\/wp-content\/plugins\/wp-event-manager\/assets\/images\/wpem-placeholder.jpg\" alt=\"\" \/><\/div>\n                                                \n                                                <div class=\"wpem-venue-name\">Teatro Mart\u00edn Recuerda (Casa de la Cultura de Almu\u00f1\u00e9car)<\/div>\n\n                                                                                            <\/a>\n                                        <\/div>\n                                                                    <\/div>\n                            <\/div>\n                        <\/div>\n                                    <\/div>\n                <div class=\"no-venue wpem-d-none\">\n                    <div class=\"wpem-alert wpem-alert-info\">\n                        There are no venues.                    <\/div>\n                <\/div>\n            <\/div>\n            <!-- ends class col-md-12 -->\n        <\/div>\n    <\/div>\n<!-- end venue Counter -->\n","protected":false},"excerpt":{"rendered":"","protected":false},"author":2,"featured_media":0,"parent":0,"menu_order":0,"comment_status":"closed","ping_status":"closed","template":"","meta":{"footnotes":""},"_links":{"self":[{"href":"https:\/\/costagranada.es\/es\/wp-json\/wp\/v2\/pages\/743"}],"collection":[{"href":"https:\/\/costagranada.es\/es\/wp-json\/wp\/v2\/pages"}],"about":[{"href":"https:\/\/costagranada.es\/es\/wp-json\/wp\/v2\/types\/page"}],"author":[{"embeddable":true,"href":"https:\/\/costagranada.es\/es\/wp-json\/wp\/v2\/users\/2"}],"replies":[{"embeddable":true,"href":"https:\/\/costagranada.es\/es\/wp-json\/wp\/v2\/comments?post=743"}],"version-history":[{"count":0,"href":"https:\/\/costagranada.es\/es\/wp-json\/wp\/v2\/pages\/743\/revisions"}],"wp:attachment":[{"href":"https:\/\/costagranada.es\/es\/wp-json\/wp\/v2\/media?parent=743"}],"curies":[{"name":"wp","href":"https:\/\/api.w.org\/{rel}","templated":true}]}}