{"id":745,"date":"2024-01-22T18:52:10","date_gmt":"2024-01-22T18:52:10","guid":{"rendered":"https:\/\/costagranada.es\/jete\/"},"modified":"2024-03-06T13:08:08","modified_gmt":"2024-03-06T13:08:08","slug":"jete","status":"publish","type":"page","link":"https:\/\/costagranada.es\/es\/jete\/","title":{"rendered":"Jete"},"content":{"rendered":"\t\t<div data-elementor-type=\"wp-page\" data-elementor-id=\"745\" class=\"elementor elementor-745 elementor-431\" data-elementor-post-type=\"page\">\n\t\t\t\t<div class=\"elementor-element elementor-element-3343114 e-flex e-con-boxed e-con e-parent\" data-id=\"3343114\" data-element_type=\"container\">\n\t\t\t\t\t<div class=\"e-con-inner\">\n\t\t\t\t<div class=\"elementor-element elementor-element-3186c00 elementor-widget elementor-widget-heading\" data-id=\"3186c00\" data-element_type=\"widget\" data-widget_type=\"heading.default\">\n\t\t\t\t<div class=\"elementor-widget-container\">\n\t\t\t\t\t<h2 class=\"elementor-heading-title elementor-size-default\">Jete: Un retiro tranquilo en la Costa Tropical<\/h2>\t\t\t\t<\/div>\n\t\t\t\t<\/div>\n\t\t\t\t\t<\/div>\n\t\t\t\t<\/div>\n\t\t<div class=\"elementor-element elementor-element-00290e9 e-flex e-con-boxed e-con e-parent\" data-id=\"00290e9\" data-element_type=\"container\">\n\t\t\t\t\t<div class=\"e-con-inner\">\n\t\t\t\t<div class=\"elementor-element elementor-element-33a202f elementor-widget elementor-widget-text-editor\" data-id=\"33a202f\" data-element_type=\"widget\" data-widget_type=\"text-editor.default\">\n\t\t\t\t<div class=\"elementor-widget-container\">\n\t\t\t\t\t\t\t\t\t<p>Enclavado entre la Sierra de Almijara y el mar, Jete es un pueblo encantador que seduce por su atm\u00f3sfera serena, su impresionante belleza natural y su rico patrimonio cultural. Esta joya escondida ofrece una escapada perfecta para aquellos que buscan una escapada tranquila fuera de los caminos trillados. Con sus pintorescos paisajes, lugares hist\u00f3ricos y c\u00e1lida hospitalidad, Jete invita a los viajeros a sumergirse en la aut\u00e9ntica experiencia andaluza.<\/p>\n\t\t\t\t\t\t\t\t<\/div>\n\t\t\t\t<\/div>\n\t\t\t\t\t<\/div>\n\t\t\t\t<\/div>\n\t\t<div class=\"elementor-element elementor-element-618c392 e-flex e-con-boxed e-con e-parent\" data-id=\"618c392\" data-element_type=\"container\">\n\t\t\t\t\t<div class=\"e-con-inner\">\n\t\t<div class=\"elementor-element elementor-element-347a494 e-con-full e-flex e-con e-child\" data-id=\"347a494\" data-element_type=\"container\">\n\t\t\t\t<div class=\"elementor-element elementor-element-a37133e elementor-widget elementor-widget-image\" data-id=\"a37133e\" data-element_type=\"widget\" data-widget_type=\"image.default\">\n\t\t\t\t<div class=\"elementor-widget-container\">\n\t\t\t\t\t\t\t\t\t\t\t\t\t\t\t\t<a href=\"https:\/\/costagranada.es\/jete\/\">\n\t\t\t\t\t\t\t<img fetchpriority=\"high\" decoding=\"async\" width=\"545\" height=\"700\" src=\"https:\/\/costagranada.es\/wp-content\/uploads\/2024\/01\/jete2.jpg\" class=\"attachment-large size-large wp-image-682\" alt=\"\" srcset=\"https:\/\/costagranada.es\/wp-content\/uploads\/2024\/01\/jete2.jpg 545w, https:\/\/costagranada.es\/wp-content\/uploads\/2024\/01\/jete2-234x300.jpg 234w\" sizes=\"100vw\" \/>\t\t\t\t\t\t\t\t<\/a>\n\t\t\t\t\t\t\t\t\t\t\t\t\t\t\t<\/div>\n\t\t\t\t<\/div>\n\t\t\t\t<\/div>\n\t\t<div class=\"elementor-element elementor-element-31b1134 e-con-full e-flex e-con e-child\" data-id=\"31b1134\" data-element_type=\"container\">\n\t\t\t\t<div class=\"elementor-element elementor-element-5cb9339 elementor-widget elementor-widget-text-editor\" data-id=\"5cb9339\" data-element_type=\"widget\" data-widget_type=\"text-editor.default\">\n\t\t\t\t<div class=\"elementor-widget-container\">\n\t\t\t\t\t\t\t\t\t<p><strong>Belleza natural<\/strong><br \/>Jete es famosa por su impresionante entorno natural. Situado entre ondulantes colinas y verdes huertos, el pueblo ofrece vistas panor\u00e1micas del mar Mediterr\u00e1neo y las monta\u00f1as. Los olivares y la exuberante vegetaci\u00f3n crean un tapiz verde que se extiende hasta donde alcanza la vista. El R\u00edo Verde, un r\u00edo cristalino que atraviesa el pueblo, contribuye al encanto natural de la zona. Los visitantes pueden explorar sus orillas, disfrutar de un picnic o darse un refrescante chapuz\u00f3n en sus tentadoras aguas.<\/p>\n<p><strong>La Sierra de C\u00e1zulas<\/strong><br \/>Para los amantes de las actividades al aire libre, la cercana Sierra de C\u00e1zulas ofrece la oportunidad de practicar senderismo y exploraci\u00f3n. Esta escarpada sierra, caracterizada por sus espectaculares formaciones rocosas y cuevas ocultas, ofrece una visi\u00f3n de la belleza salvaje del campo andaluz. Los senderos serpentean entre bosques de robles centenarios y conducen a miradores panor\u00e1micos que ofrecen a los excursionistas una perspectiva \u00fanica de la Costa Tropical.<\/p>\n<p><strong>Tesoros hist\u00f3ricos<\/strong><br \/>Jete cuenta con una rica historia. Aunque existen pruebas de asentamientos humanos en la zona desde el Neol\u00edtico, con enterramientos en cuevas y cistas y una rica presencia de industrias l\u00edticas y cer\u00e1micas, el origen documentado del asentamiento actual se remonta al periodo \u00e1rabe. La arquitectura del pueblo, caracterizada por calles estrechas y sinuosas y casas encaladas adornadas con coloridas macetas, refleja su herencia \u00e1rabe.<\/p>\n<p>Entre los edificios m\u00e1s significativos destacan la Iglesia Parroquial de San Antonio, construida entre los siglos XVI y XVII y que alberga obras del escultor granadino Alonso de Mena; y la Ermita de la Virgen de Bod\u00edjar, que lleva el nombre de la patrona de la localidad.<\/p>\n<p>Esta ermita se encuentra a cuatro kil\u00f3metros del centro de la localidad de Jete, en lo alto del barranco de Bod\u00edjar, y ofrece una incre\u00edble vista panor\u00e1mica del valle del r\u00edo Verde y del mar Mediterr\u00e1neo. Otros dos miradores, el de los Acebuches y el de los Algarrobos, tambi\u00e9n ofrecen excelentes vistas de los alrededores.<\/p>\n\t\t\t\t\t\t\t\t<\/div>\n\t\t\t\t<\/div>\n\t\t\t\t<\/div>\n\t\t\t\t\t<\/div>\n\t\t\t\t<\/div>\n\t\t\t\t<\/div>\n\t\t","protected":false},"excerpt":{"rendered":"<p>Jete: Un retiro tranquilo en la Costa Tropical Enclavado entre la Sierra de Almijara y el mar, Jete es un pueblo encantador que seduce por su atm\u00f3sfera serena, su impresionante belleza natural y su rico patrimonio cultural. Esta joya escondida ofrece una escapada perfecta para aquellos que buscan una escapada tranquila fuera de los caminos &hellip; <\/p>\n<p class=\"link-more\"><a href=\"https:\/\/costagranada.es\/es\/jete\/\" class=\"more-link\">Leer m\u00e1s<span class=\"screen-reader-text\"> \u00abJete\u00bb<\/span><\/a><\/p>\n","protected":false},"author":2,"featured_media":0,"parent":0,"menu_order":0,"comment_status":"closed","ping_status":"closed","template":"page-templates\/full-width-builder-bb.php","meta":{"footnotes":""},"_links":{"self":[{"href":"https:\/\/costagranada.es\/es\/wp-json\/wp\/v2\/pages\/745"}],"collection":[{"href":"https:\/\/costagranada.es\/es\/wp-json\/wp\/v2\/pages"}],"about":[{"href":"https:\/\/costagranada.es\/es\/wp-json\/wp\/v2\/types\/page"}],"author":[{"embeddable":true,"href":"https:\/\/costagranada.es\/es\/wp-json\/wp\/v2\/users\/2"}],"replies":[{"embeddable":true,"href":"https:\/\/costagranada.es\/es\/wp-json\/wp\/v2\/comments?post=745"}],"version-history":[{"count":1,"href":"https:\/\/costagranada.es\/es\/wp-json\/wp\/v2\/pages\/745\/revisions"}],"predecessor-version":[{"id":752,"href":"https:\/\/costagranada.es\/es\/wp-json\/wp\/v2\/pages\/745\/revisions\/752"}],"wp:attachment":[{"href":"https:\/\/costagranada.es\/es\/wp-json\/wp\/v2\/media?parent=745"}],"curies":[{"name":"wp","href":"https:\/\/api.w.org\/{rel}","templated":true}]}}