{"id":746,"date":"2024-01-22T18:59:19","date_gmt":"2024-01-22T18:59:19","guid":{"rendered":"https:\/\/costagranada.es\/castillo-de-ferro\/"},"modified":"2024-03-06T13:08:09","modified_gmt":"2024-03-06T13:08:09","slug":"castillo-de-ferro","status":"publish","type":"page","link":"https:\/\/costagranada.es\/es\/castillo-de-ferro\/","title":{"rendered":"Castillo de Ferro"},"content":{"rendered":"\t\t<div data-elementor-type=\"wp-page\" data-elementor-id=\"746\" class=\"elementor elementor-746 elementor-440\" data-elementor-post-type=\"page\">\n\t\t\t\t<div class=\"elementor-element elementor-element-00290e9 e-flex e-con-boxed e-con e-parent\" data-id=\"00290e9\" data-element_type=\"container\">\n\t\t\t\t\t<div class=\"e-con-inner\">\n\t\t\t\t<div class=\"elementor-element elementor-element-33a202f elementor-widget elementor-widget-text-editor\" data-id=\"33a202f\" data-element_type=\"widget\" data-widget_type=\"text-editor.default\">\n\t\t\t\t<div class=\"elementor-widget-container\">\n\t\t\t\t\t\t\t\t\t<p>Castell de Ferro se revela como una joya escondida que combina de forma \u00fanica belleza natural y encanto hist\u00f3rico. Este para\u00edso costero, con sus pintorescas playas y las tranquilas aguas del Mediterr\u00e1neo, cautiva a los visitantes que buscan autenticidad y serenidad en Espa\u00f1a.<\/p>\n<p>Esta localidad, perteneciente al municipio de Gualchos, est\u00e1 situada en el centro de la comarca de la Costa Tropical, cerca de Gualchos, El Romeral, Calahonda y La Mamola. A pesar de otras localidades del municipio, Castell de Ferro ostenta el t\u00edtulo de capital municipal, albergando el ayuntamiento.<\/p>\n\t\t\t\t\t\t\t\t<\/div>\n\t\t\t\t<\/div>\n\t\t\t\t\t<\/div>\n\t\t\t\t<\/div>\n\t\t<div class=\"elementor-element elementor-element-618c392 e-flex e-con-boxed e-con e-parent\" data-id=\"618c392\" data-element_type=\"container\">\n\t\t\t\t\t<div class=\"e-con-inner\">\n\t\t<div class=\"elementor-element elementor-element-347a494 e-con-full e-flex e-con e-child\" data-id=\"347a494\" data-element_type=\"container\">\n\t\t\t\t<div class=\"elementor-element elementor-element-a37133e elementor-widget elementor-widget-image\" data-id=\"a37133e\" data-element_type=\"widget\" data-widget_type=\"image.default\">\n\t\t\t\t<div class=\"elementor-widget-container\">\n\t\t\t\t\t\t\t\t\t\t\t\t\t\t\t\t<a href=\"https:\/\/costagranada.es\/es\/jete\/\">\n\t\t\t\t\t\t\t<img fetchpriority=\"high\" decoding=\"async\" width=\"950\" height=\"634\" src=\"https:\/\/costagranada.es\/wp-content\/uploads\/2024\/01\/castell2-1024x683.jpg\" class=\"attachment-large size-large wp-image-683\" alt=\"\" srcset=\"https:\/\/costagranada.es\/wp-content\/uploads\/2024\/01\/castell2-1024x683.jpg 1024w, https:\/\/costagranada.es\/wp-content\/uploads\/2024\/01\/castell2-300x200.jpg 300w, https:\/\/costagranada.es\/wp-content\/uploads\/2024\/01\/castell2.jpg 1536w\" sizes=\"100vw\" \/>\t\t\t\t\t\t\t\t<\/a>\n\t\t\t\t\t\t\t\t\t\t\t\t\t\t\t<\/div>\n\t\t\t\t<\/div>\n\t\t\t\t<\/div>\n\t\t<div class=\"elementor-element elementor-element-31b1134 e-con-full e-flex e-con e-child\" data-id=\"31b1134\" data-element_type=\"container\">\n\t\t\t\t<div class=\"elementor-element elementor-element-5cb9339 elementor-widget elementor-widget-text-editor\" data-id=\"5cb9339\" data-element_type=\"widget\" data-widget_type=\"text-editor.default\">\n\t\t\t\t<div class=\"elementor-widget-container\">\n\t\t\t\t\t\t\t\t\t<p>El enclave de Castell de Ferro se encuentra enclavado entre numerosas calitas que salpican la abrupta costa granadina, al pie del cerro coronado por su antiguo castillo, en medio del extenso barranco de Gualchos. Es conocida por sus playas poco concurridas, que ofrecen un entorno ideal para relajarse y pescar, un deporte popular gracias a los 5,5 kil\u00f3metros de acantilados que ofrecen un impresionante tel\u00f3n de fondo.<\/p>\n<p>La ciudad respira historia, reflejada en su bien conservada arquitectura y patrimonio cultural. Lugares emblem\u00e1ticos como el castillo de Castell de Ferro atestiguan su rico pasado. M\u00e1s all\u00e1 de su atractivo hist\u00f3rico, las playas v\u00edrgenes atraen a los amantes del sol y el agua con un tel\u00f3n de fondo de exuberantes colinas y aguas azules.<\/p>\n<p>Este enclave costero no s\u00f3lo ofrece sol y mar, sino que tambi\u00e9n sirve de puerta de entrada para explorar las maravillas de la Costa Tropical. Su ubicaci\u00f3n estrat\u00e9gica facilita el acceso a las atracciones cercanas, garantizando una experiencia completa en la costa mediterr\u00e1nea. Celebraciones como las fiestas patronales en honor a San Miguel Arc\u00e1ngel y las Fiestas de Inter\u00e9s Tur\u00edstico a\u00f1aden un toque especial a la experiencia, haciendo de Castell de Ferro un destino encantador y acogedor.<\/p>\n\t\t\t\t\t\t\t\t<\/div>\n\t\t\t\t<\/div>\n\t\t\t\t<\/div>\n\t\t\t\t\t<\/div>\n\t\t\t\t<\/div>\n\t\t<div class=\"elementor-element elementor-element-768cd4a e-flex e-con-boxed e-con e-parent\" data-id=\"768cd4a\" data-element_type=\"container\">\n\t\t\t\t\t<div class=\"e-con-inner\">\n\t\t\t\t<div class=\"elementor-element elementor-element-9a6d256 elementor-widget elementor-widget-heading\" data-id=\"9a6d256\" data-element_type=\"widget\" data-widget_type=\"heading.default\">\n\t\t\t\t<div class=\"elementor-widget-container\">\n\t\t\t\t\t<h2 class=\"elementor-heading-title elementor-size-default\">Lugares para visitar en Castell de Ferro<\/h2>\t\t\t\t<\/div>\n\t\t\t\t<\/div>\n\t\t\t\t\t<\/div>\n\t\t\t\t<\/div>\n\t\t<div class=\"elementor-element elementor-element-a15cdfe e-flex e-con-boxed e-con e-parent\" data-id=\"a15cdfe\" data-element_type=\"container\">\n\t\t\t\t\t<div class=\"e-con-inner\">\n\t\t\t\t<div class=\"elementor-element elementor-element-1bfafea elementor-widget elementor-widget-heading\" data-id=\"1bfafea\" data-element_type=\"widget\" data-widget_type=\"heading.default\">\n\t\t\t\t<div class=\"elementor-widget-container\">\n\t\t\t\t\t<h3 class=\"elementor-heading-title elementor-size-default\">Castillo de Castel de Ferro<\/h3>\t\t\t\t<\/div>\n\t\t\t\t<\/div>\n\t\t\t\t\t<\/div>\n\t\t\t\t<\/div>\n\t\t<div class=\"elementor-element elementor-element-4730590 e-flex e-con-boxed e-con e-parent\" data-id=\"4730590\" data-element_type=\"container\">\n\t\t\t\t\t<div class=\"e-con-inner\">\n\t\t<div class=\"elementor-element elementor-element-540a151 e-con-full e-flex e-con e-child\" data-id=\"540a151\" data-element_type=\"container\">\n\t\t\t\t<div class=\"elementor-element elementor-element-da6f27b elementor-widget elementor-widget-image\" data-id=\"da6f27b\" data-element_type=\"widget\" data-widget_type=\"image.default\">\n\t\t\t\t<div class=\"elementor-widget-container\">\n\t\t\t\t\t\t\t\t\t\t\t\t\t\t\t<img decoding=\"async\" width=\"700\" height=\"407\" src=\"https:\/\/costagranada.es\/wp-content\/uploads\/2024\/01\/castillo-castelldeferro.jpg\" class=\"attachment-large size-large wp-image-687\" alt=\"\" srcset=\"https:\/\/costagranada.es\/wp-content\/uploads\/2024\/01\/castillo-castelldeferro.jpg 700w, https:\/\/costagranada.es\/wp-content\/uploads\/2024\/01\/castillo-castelldeferro-300x174.jpg 300w\" sizes=\"100vw\" \/>\t\t\t\t\t\t\t\t\t\t\t\t\t\t\t<\/div>\n\t\t\t\t<\/div>\n\t\t\t\t<\/div>\n\t\t<div class=\"elementor-element elementor-element-fe83d9d e-con-full e-flex e-con e-child\" data-id=\"fe83d9d\" data-element_type=\"container\">\n\t\t\t\t<div class=\"elementor-element elementor-element-bb6e6cd elementor-widget elementor-widget-text-editor\" data-id=\"bb6e6cd\" data-element_type=\"widget\" data-widget_type=\"text-editor.default\">\n\t\t\t\t<div class=\"elementor-widget-container\">\n\t\t\t\t\t\t\t\t\t<p>El castillo de Castell de Ferro, situado a 90 metros sobre el nivel del mar, es una joya hist\u00f3rica que atestigua la rica y diversa historia de la zona. Este castillo ha desempe\u00f1ado un papel importante en las defensas estrat\u00e9gicas de la regi\u00f3n a lo largo de los siglos.<\/p>\n<p>Los or\u00edgenes exactos del castillo de Castell de Ferro est\u00e1n un tanto rodeados de misterio, ya que los registros se remontan al siglo XIII. Se cree que el castillo fue construido originalmente por la dinast\u00eda nazar\u00ed, los gobernantes musulmanes del Reino de Granada, durante el periodo de Al-Andalus.<\/p>\n<p>La posici\u00f3n del castillo, con vistas al Mediterr\u00e1neo, lo convirti\u00f3 en un basti\u00f3n crucial para la defensa costera. Permit\u00eda a sus ocupantes vigilar el tr\u00e1fico mar\u00edtimo, protegerse de posibles invasiones y controlar las rutas comerciales a lo largo de la costa.<\/p>\n<p>El castillo exhibe una mezcla de estilos arquitect\u00f3nicos, reflejo de las diversas culturas y \u00e9pocas que influyeron en su construcci\u00f3n y renovaci\u00f3n. En su dise\u00f1o se observan elementos de los estilos morisco, g\u00f3tico y mud\u00e9jar posterior. La estructura incluye murallas defensivas, torres y patios interiores, que muestran la adaptabilidad del castillo a lo largo de los siglos.<\/p>\n<p>El castillo consta de tres partes diferenciables: una robusta torre rectangular abovedada, un patio rectangular en el centro construido en el siglo XVI, con alas a los lados destinadas a albergar la guarnici\u00f3n y las cocinas y, por \u00faltimo, una bater\u00eda semicircular en el flanco sur, a\u00f1adida en el siglo XVIII. Rodeando todo el recinto hab\u00eda una muralla defensiva conocida como \u00abbarbacana\u00bb.<\/p>\n\t\t\t\t\t\t\t\t<\/div>\n\t\t\t\t<\/div>\n\t\t\t\t<\/div>\n\t\t\t\t\t<\/div>\n\t\t\t\t<\/div>\n\t\t<div class=\"elementor-element elementor-element-99b4b7f e-flex e-con-boxed e-con e-parent\" data-id=\"99b4b7f\" data-element_type=\"container\">\n\t\t\t\t\t<div class=\"e-con-inner\">\n\t\t<div class=\"elementor-element elementor-element-f3082e2 e-con-full e-flex e-con e-child\" data-id=\"f3082e2\" data-element_type=\"container\">\n\t\t\t\t<div class=\"elementor-element elementor-element-77bed43 elementor-widget elementor-widget-image\" data-id=\"77bed43\" data-element_type=\"widget\" data-widget_type=\"image.default\">\n\t\t\t\t<div class=\"elementor-widget-container\">\n\t\t\t\t\t\t\t\t\t\t\t\t\t\t\t<img decoding=\"async\" width=\"950\" height=\"437\" src=\"https:\/\/costagranada.es\/wp-content\/uploads\/2024\/01\/castillo-de-castell-de-ferro-1024x471.jpg\" class=\"attachment-large size-large wp-image-686\" alt=\"\" srcset=\"https:\/\/costagranada.es\/wp-content\/uploads\/2024\/01\/castillo-de-castell-de-ferro-1024x471.jpg 1024w, https:\/\/costagranada.es\/wp-content\/uploads\/2024\/01\/castillo-de-castell-de-ferro-300x138.jpg 300w, https:\/\/costagranada.es\/wp-content\/uploads\/2024\/01\/castillo-de-castell-de-ferro.jpg 1200w\" sizes=\"100vw\" \/>\t\t\t\t\t\t\t\t\t\t\t\t\t\t\t<\/div>\n\t\t\t\t<\/div>\n\t\t\t\t<\/div>\n\t\t<div class=\"elementor-element elementor-element-c2cfdc8 e-con-full e-flex e-con e-child\" data-id=\"c2cfdc8\" data-element_type=\"container\">\n\t\t\t\t<div class=\"elementor-element elementor-element-927aba4 elementor-widget elementor-widget-text-editor\" data-id=\"927aba4\" data-element_type=\"widget\" data-widget_type=\"text-editor.default\">\n\t\t\t\t<div class=\"elementor-widget-container\">\n\t\t\t\t\t\t\t\t\t<p>A lo largo de los a\u00f1os, el castillo de Castell de Ferro fue testigo de numerosos acontecimientos hist\u00f3ricos, como los conflictos entre las fuerzas musulmanas y cristianas durante la Reconquista. En 1849, se inform\u00f3 de que el castillo estaba en ruinas, lo que se atribuy\u00f3 a una explosi\u00f3n en un dep\u00f3sito de p\u00f3lvora ocurrida en abril de 1836 debido a la ca\u00edda de un rayo, que derrib\u00f3 la parte oriental. Sin embargo, tambi\u00e9n parece haber sido destruida por los ingleses durante la Guerra Peninsular. La guarnici\u00f3n de este castillo vari\u00f3 con el tiempo. A principios del siglo XV, contaba con 30 soldados; m\u00e1s tarde, se equip\u00f3 con 11 soldados de infanter\u00eda a pie. Finalmente, en 1764, contaba con el siguiente personal: 1 oficial; 2 sargentos y 16 soldados; 1 sargento y 4 artilleros; 1 almacenero y 1 capell\u00e1n.<\/p>\n<p>En el siglo XVIII, el castillo se deterior\u00f3 y acab\u00f3 siendo abandonado. En los \u00faltimos a\u00f1os, se han realizado esfuerzos para conservar y restaurar el castillo, reconociendo su valor hist\u00f3rico y cultural.<\/p>\n<p>Hoy en d\u00eda, el castillo de Castell de Ferro es un cautivador recordatorio de la compleja historia de la regi\u00f3n. Los visitantes tienen la oportunidad de explorar sus murallas, torres y patios, disfrutando de vistas panor\u00e1micas de la costa mediterr\u00e1nea. Sirve de enlace con el pasado, ofreciendo una visi\u00f3n de la importancia estrat\u00e9gica de la defensa costera en la historia de Granada.<\/p>\n\t\t\t\t\t\t\t\t<\/div>\n\t\t\t\t<\/div>\n\t\t\t\t<\/div>\n\t\t\t\t\t<\/div>\n\t\t\t\t<\/div>\n\t\t<div class=\"elementor-element elementor-element-5dad1b9 e-flex e-con-boxed e-con e-parent\" data-id=\"5dad1b9\" data-element_type=\"container\">\n\t\t\t\t\t<div class=\"e-con-inner\">\n\t\t\t\t<div class=\"elementor-element elementor-element-7072940 elementor-widget elementor-widget-heading\" data-id=\"7072940\" data-element_type=\"widget\" data-widget_type=\"heading.default\">\n\t\t\t\t<div class=\"elementor-widget-container\">\n\t\t\t\t\t<h3 class=\"elementor-heading-title elementor-size-default\">Playa Rijana  <\/h3>\t\t\t\t<\/div>\n\t\t\t\t<\/div>\n\t\t\t\t\t<\/div>\n\t\t\t\t<\/div>\n\t\t<div class=\"elementor-element elementor-element-4df2b97 e-flex e-con-boxed e-con e-parent\" data-id=\"4df2b97\" data-element_type=\"container\">\n\t\t\t\t\t<div class=\"e-con-inner\">\n\t\t<div class=\"elementor-element elementor-element-15f3c27 e-con-full e-flex e-con e-child\" data-id=\"15f3c27\" data-element_type=\"container\">\n\t\t\t\t<div class=\"elementor-element elementor-element-5a2ffa0 elementor-widget elementor-widget-image\" data-id=\"5a2ffa0\" data-element_type=\"widget\" data-widget_type=\"image.default\">\n\t\t\t\t<div class=\"elementor-widget-container\">\n\t\t\t\t\t\t\t\t\t\t\t\t\t\t\t<img loading=\"lazy\" decoding=\"async\" width=\"370\" height=\"240\" src=\"https:\/\/costagranada.es\/wp-content\/uploads\/2024\/01\/rijana.jpg\" class=\"attachment-large size-large wp-image-685\" alt=\"\" srcset=\"https:\/\/costagranada.es\/wp-content\/uploads\/2024\/01\/rijana.jpg 370w, https:\/\/costagranada.es\/wp-content\/uploads\/2024\/01\/rijana-300x195.jpg 300w\" sizes=\"100vw\" \/>\t\t\t\t\t\t\t\t\t\t\t\t\t\t\t<\/div>\n\t\t\t\t<\/div>\n\t\t\t\t<\/div>\n\t\t<div class=\"elementor-element elementor-element-f7e6f97 e-con-full e-flex e-con e-child\" data-id=\"f7e6f97\" data-element_type=\"container\">\n\t\t\t\t<div class=\"elementor-element elementor-element-ba5faa2 elementor-widget elementor-widget-text-editor\" data-id=\"ba5faa2\" data-element_type=\"widget\" data-widget_type=\"text-editor.default\">\n\t\t\t\t<div class=\"elementor-widget-container\">\n\t\t\t\t\t\t\t\t\t<p>Cala cristalina, perfecta para practicar snorkel, paddleboard y kayak. Con f\u00e1cil acceso s\u00f3lo para peatones (tendr\u00e1 que caminar unos 5 minutos despu\u00e9s de aparcar el coche). Hay un peque\u00f1o chiringuito donde se pueden comprar bebidas y otros refrescos.<\/p>\n\t\t\t\t\t\t\t\t<\/div>\n\t\t\t\t<\/div>\n\t\t\t\t<\/div>\n\t\t\t\t\t<\/div>\n\t\t\t\t<\/div>\n\t\t<div class=\"elementor-element elementor-element-bc919b2 e-flex e-con-boxed e-con e-parent\" data-id=\"bc919b2\" data-element_type=\"container\">\n\t\t\t\t\t<div class=\"e-con-inner\">\n\t\t\t\t<div class=\"elementor-element elementor-element-89baf9a elementor-widget elementor-widget-heading\" data-id=\"89baf9a\" data-element_type=\"widget\" data-widget_type=\"heading.default\">\n\t\t\t\t<div class=\"elementor-widget-container\">\n\t\t\t\t\t<h3 class=\"elementor-heading-title elementor-size-default\">Playa de Sotillo<\/h3>\t\t\t\t<\/div>\n\t\t\t\t<\/div>\n\t\t\t\t\t<\/div>\n\t\t\t\t<\/div>\n\t\t<div class=\"elementor-element elementor-element-09a8ad7 e-flex e-con-boxed e-con e-parent\" data-id=\"09a8ad7\" data-element_type=\"container\">\n\t\t\t\t\t<div class=\"e-con-inner\">\n\t\t<div class=\"elementor-element elementor-element-d360433 e-con-full e-flex e-con e-child\" data-id=\"d360433\" data-element_type=\"container\">\n\t\t\t\t<div class=\"elementor-element elementor-element-cd36a8b elementor-widget elementor-widget-image\" data-id=\"cd36a8b\" data-element_type=\"widget\" data-widget_type=\"image.default\">\n\t\t\t\t<div class=\"elementor-widget-container\">\n\t\t\t\t\t\t\t\t\t\t\t\t\t\t\t<img loading=\"lazy\" decoding=\"async\" width=\"630\" height=\"420\" src=\"https:\/\/costagranada.es\/wp-content\/uploads\/2024\/01\/castelldeferro3.jpg\" class=\"attachment-large size-large wp-image-684\" alt=\"\" srcset=\"https:\/\/costagranada.es\/wp-content\/uploads\/2024\/01\/castelldeferro3.jpg 630w, https:\/\/costagranada.es\/wp-content\/uploads\/2024\/01\/castelldeferro3-300x200.jpg 300w\" sizes=\"100vw\" \/>\t\t\t\t\t\t\t\t\t\t\t\t\t\t\t<\/div>\n\t\t\t\t<\/div>\n\t\t\t\t<\/div>\n\t\t<div class=\"elementor-element elementor-element-95196b1 e-con-full e-flex e-con e-child\" data-id=\"95196b1\" data-element_type=\"container\">\n\t\t\t\t<div class=\"elementor-element elementor-element-b7198bd elementor-widget elementor-widget-text-editor\" data-id=\"b7198bd\" data-element_type=\"widget\" data-widget_type=\"text-editor.default\">\n\t\t\t\t<div class=\"elementor-widget-container\">\n\t\t\t\t\t\t\t\t\t<p>Es una extensa playa urbana con defensas artificiales en algunos tramos. Se compone de arena y grava y tiene una longitud de 1.300 metros. Cuenta con un paseo mar\u00edtimo y algunos servicios. Galardonados con la Q de Calidad desde 2017. Buena accesibilidad a la zona de arena. Las aguas est\u00e1n tranquilas. Dispone de servicio de socorrismo. Hay aseos p\u00fablicos. Tambi\u00e9n tiene zonas de sombra.<\/p>\n\t\t\t\t\t\t\t\t<\/div>\n\t\t\t\t<\/div>\n\t\t\t\t<\/div>\n\t\t\t\t\t<\/div>\n\t\t\t\t<\/div>\n\t\t\t\t<\/div>\n\t\t","protected":false},"excerpt":{"rendered":"<p>Castell de Ferro se revela como una joya escondida que combina de forma \u00fanica belleza natural y encanto hist\u00f3rico. Este para\u00edso costero, con sus pintorescas playas y las tranquilas aguas del Mediterr\u00e1neo, cautiva a los visitantes que buscan autenticidad y serenidad en Espa\u00f1a. Esta localidad, perteneciente al municipio de Gualchos, est\u00e1 situada en el centro &hellip; <\/p>\n<p class=\"link-more\"><a href=\"https:\/\/costagranada.es\/es\/castillo-de-ferro\/\" class=\"more-link\">Leer m\u00e1s<span class=\"screen-reader-text\"> \u00abCastillo de Ferro\u00bb<\/span><\/a><\/p>\n","protected":false},"author":2,"featured_media":683,"parent":0,"menu_order":0,"comment_status":"closed","ping_status":"closed","template":"page-templates\/full-width-builder-bb.php","meta":{"footnotes":""},"_links":{"self":[{"href":"https:\/\/costagranada.es\/es\/wp-json\/wp\/v2\/pages\/746"}],"collection":[{"href":"https:\/\/costagranada.es\/es\/wp-json\/wp\/v2\/pages"}],"about":[{"href":"https:\/\/costagranada.es\/es\/wp-json\/wp\/v2\/types\/page"}],"author":[{"embeddable":true,"href":"https:\/\/costagranada.es\/es\/wp-json\/wp\/v2\/users\/2"}],"replies":[{"embeddable":true,"href":"https:\/\/costagranada.es\/es\/wp-json\/wp\/v2\/comments?post=746"}],"version-history":[{"count":2,"href":"https:\/\/costagranada.es\/es\/wp-json\/wp\/v2\/pages\/746\/revisions"}],"predecessor-version":[{"id":754,"href":"https:\/\/costagranada.es\/es\/wp-json\/wp\/v2\/pages\/746\/revisions\/754"}],"wp:featuredmedia":[{"embeddable":true,"href":"https:\/\/costagranada.es\/es\/wp-json\/wp\/v2\/media\/683"}],"wp:attachment":[{"href":"https:\/\/costagranada.es\/es\/wp-json\/wp\/v2\/media?parent=746"}],"curies":[{"name":"wp","href":"https:\/\/api.w.org\/{rel}","templated":true}]}}