{"id":747,"date":"2024-01-06T23:20:34","date_gmt":"2024-01-06T23:20:34","guid":{"rendered":"https:\/\/costagranada.es\/la-herradura\/"},"modified":"2024-03-06T13:08:08","modified_gmt":"2024-03-06T13:08:08","slug":"la-herradura","status":"publish","type":"page","link":"https:\/\/costagranada.es\/es\/la-herradura\/","title":{"rendered":"La Herradura"},"content":{"rendered":"\t\t<div data-elementor-type=\"wp-page\" data-elementor-id=\"747\" class=\"elementor elementor-747 elementor-263\" data-elementor-post-type=\"page\">\n\t\t\t\t<div class=\"elementor-element elementor-element-3343114 e-flex e-con-boxed e-con e-parent\" data-id=\"3343114\" data-element_type=\"container\">\n\t\t\t\t\t<div class=\"e-con-inner\">\n\t\t\t\t<div class=\"elementor-element elementor-element-3186c00 elementor-widget elementor-widget-heading\" data-id=\"3186c00\" data-element_type=\"widget\" data-widget_type=\"heading.default\">\n\t\t\t\t<div class=\"elementor-widget-container\">\n\t\t\t\t\t<h2 class=\"elementor-heading-title elementor-size-default\">Explorar los encantos de La Herradura en el sur de Espa\u00f1a<\/h2>\t\t\t\t<\/div>\n\t\t\t\t<\/div>\n\t\t\t\t\t<\/div>\n\t\t\t\t<\/div>\n\t\t<div class=\"elementor-element elementor-element-00290e9 e-flex e-con-boxed e-con e-parent\" data-id=\"00290e9\" data-element_type=\"container\">\n\t\t\t\t\t<div class=\"e-con-inner\">\n\t\t\t\t<div class=\"elementor-element elementor-element-33a202f elementor-widget elementor-widget-text-editor\" data-id=\"33a202f\" data-element_type=\"widget\" data-widget_type=\"text-editor.default\">\n\t\t\t\t<div class=\"elementor-widget-container\">\n\t\t\t\t\t\t\t\t\t<p>Enclavada en la pintoresca costa del sur de Espa\u00f1a, La Herradura es una joya oculta que cautiva a los viajeros con sus impresionantes paisajes, su rica historia y su vibrante cultura. Esta ciudad costera, situada en la provincia de Granada, es un remanso de tranquilidad, donde las azules aguas del mar Mediterr\u00e1neo se encuentran con las escarpadas monta\u00f1as de Sierra Nevada. Con sus id\u00edlicas playas, su ambiente acogedor y sus fascinantes lugares hist\u00f3ricos, La Herradura se ha ganado la reputaci\u00f3n de destino obligado para quienes buscan una aut\u00e9ntica experiencia espa\u00f1ola.<\/p>\n<p><strong>Un para\u00edso costero<\/strong><\/p>\n<p>En el coraz\u00f3n del encanto de La Herradura se encuentra su impresionante costa. La bah\u00eda en forma de herradura de la ciudad (de ah\u00ed el nombre de \u00abLa Herradura\u00bb) ofrece una vista impresionante que ha cautivado a lugare\u00f1os y visitantes durante siglos. Con sus aguas cristalinas rompiendo suavemente contra la orilla y el sol pintando el cielo con una mir\u00edada de matices durante la puesta de sol, la bah\u00eda ofrece un lugar ideal para relajarse y rejuvenecer. La Playa de la Herradura, la principal, se extiende a lo largo de la curva de la bah\u00eda y ofrece un entorno sereno para nadar, tomar el sol y practicar deportes acu\u00e1ticos.<\/p>\n<p>Para quienes busquen una experiencia m\u00e1s aislada, las calas y roquedales cercanos ofrecen rincones ocultos donde desconectar lejos de las multitudes. Playa Cantarrij\u00e1n, conocida por su pol\u00edtica de ropa opcional, es una playa pintoresca y m\u00e1s remota a la que se accede mediante una corta caminata y que promete una experiencia \u00fanica y liberadora. La costa de La Herradura tambi\u00e9n es famosa por sus excelentes oportunidades de buceo, que permiten a los visitantes explorar un mundo submarino repleto de vida marina y restos de naufragios.<\/p>\n<p><strong>Rico patrimonio hist\u00f3rico<\/strong><\/p>\n<p>M\u00e1s all\u00e1 de su belleza natural, La Herradura cuenta con un rico patrimonio hist\u00f3rico que refleja su importancia a lo largo de los tiempos. Las ra\u00edces de la ciudad se remontan a la Antig\u00fcedad, con indicios de asentamientos fenicios y romanos en la zona. Las hist\u00f3ricas torres vig\u00eda, como el Castillo de la Herradura, son testigos mudos de la historia de la regi\u00f3n, ya que en su d\u00eda sirvieron como atalayas para protegerse de piratas e invasores.<\/p>\n<p>El lugar hist\u00f3rico m\u00e1s emblem\u00e1tico de La Herradura es el Acueducto del \u00c1guila, del siglo XIX, testimonio del pasado \u00e1rabe de la ciudad. Esta impresionante estructura no s\u00f3lo sirvi\u00f3 como medio de transporte de agua, sino tambi\u00e9n como s\u00edmbolo del ingenio arquitect\u00f3nico. Hoy en d\u00eda, el acueducto es una atracci\u00f3n popular, donde los visitantes pueden admirar sus arcos y aprender sobre su papel en la historia de la ciudad.<\/p>\n<p><strong>Cultura y gastronom\u00eda cautivadoras<\/strong><\/p>\n<p>La escena cultural de La Herradura es una mezcla de tradiciones andaluzas e influencias modernas. La ciudad se anima con festivales y actos que celebran su patrimonio. La Fiesta de San Jos\u00e9, que se celebra anualmente en marzo, es un vibrante acontecimiento en el que lugare\u00f1os y visitantes se re\u00fanen para disfrutar de m\u00fasica tradicional, bailes y deliciosa comida. Los espect\u00e1culos flamencos, se\u00f1a de identidad de la cultura andaluza, tambi\u00e9n pueden disfrutarse en varios locales de la ciudad, ofreciendo una visi\u00f3n \u00edntima del patrimonio musical de la regi\u00f3n que conmueve el alma.<\/p>\n<p>Ninguna visita a La Herradura est\u00e1 completa sin deleitarse con su deliciosa cocina. El marisco es el protagonista, con las capturas frescas del d\u00eda transformadas en apetitosos platos que reflejan el entorno costero de la ciudad. Desde sardinas asadas hasta paellas rebosantes de un popurr\u00ed de sabores, los restaurantes locales ofrecen un viaje culinario que deleita los sentidos. Acompa\u00f1e su comida con una copa de vino local o una refrescante sangr\u00eda para sumergirse de lleno en la experiencia gastron\u00f3mica espa\u00f1ola.<\/p>\n<p><strong>Naturaleza y aventura<\/strong><\/p>\n<p>La Herradura no es s\u00f3lo un para\u00edso de playa; tambi\u00e9n es una puerta de entrada a aventuras al aire libre. Las cercanas monta\u00f1as de Sierra Nevada ofrecen un campo de juego para excursionistas, ciclistas de monta\u00f1a y entusiastas de la naturaleza. Con una gama de senderos adaptados a distintos niveles de habilidad, podr\u00e1 explorar los diversos paisajes de la regi\u00f3n, desde frondosos bosques hasta cumbres rocosas, todo ello mientras disfruta de impresionantes vistas panor\u00e1micas.<\/p>\n<p>Los que busquen una experiencia m\u00e1s adrenal\u00ednica pueden practicar deportes acu\u00e1ticos como kayak, paddleboard y windsurf. Las aguas que la rodean est\u00e1n repletas de vida, lo que la convierte en un lugar excelente para practicar snorkel y submarinismo.<\/p>\n\t\t\t\t\t\t\t\t<\/div>\n\t\t\t\t<\/div>\n\t\t\t\t\t<\/div>\n\t\t\t\t<\/div>\n\t\t<div class=\"elementor-element elementor-element-413cf20 e-flex e-con-boxed e-con e-parent\" data-id=\"413cf20\" data-element_type=\"container\">\n\t\t\t\t\t<div class=\"e-con-inner\">\n\t\t\t\t<div class=\"elementor-element elementor-element-1fb4a05 elementor-widget elementor-widget-heading\" data-id=\"1fb4a05\" data-element_type=\"widget\" data-widget_type=\"heading.default\">\n\t\t\t\t<div class=\"elementor-widget-container\">\n\t\t\t\t\t<h2 class=\"elementor-heading-title elementor-size-default\">Lugares para visitar en Salobre\u00f1a<\/h2>\t\t\t\t<\/div>\n\t\t\t\t<\/div>\n\t\t\t\t\t<\/div>\n\t\t\t\t<\/div>\n\t\t<div class=\"elementor-element elementor-element-7b46707 e-flex e-con-boxed e-con e-parent\" data-id=\"7b46707\" data-element_type=\"container\">\n\t\t\t\t\t<div class=\"e-con-inner\">\n\t\t\t\t<div class=\"elementor-element elementor-element-0081fe4 elementor-widget elementor-widget-heading\" data-id=\"0081fe4\" data-element_type=\"widget\" data-widget_type=\"heading.default\">\n\t\t\t\t<div class=\"elementor-widget-container\">\n\t\t\t\t\t<h3 class=\"elementor-heading-title elementor-size-default\">Castillo de la Herradura<\/h3>\t\t\t\t<\/div>\n\t\t\t\t<\/div>\n\t\t\t\t\t<\/div>\n\t\t\t\t<\/div>\n\t\t<div class=\"elementor-element elementor-element-618c392 e-flex e-con-boxed e-con e-parent\" data-id=\"618c392\" data-element_type=\"container\">\n\t\t\t\t\t<div class=\"e-con-inner\">\n\t\t<div class=\"elementor-element elementor-element-347a494 e-con-full e-flex e-con e-child\" data-id=\"347a494\" data-element_type=\"container\">\n\t\t\t\t<div class=\"elementor-element elementor-element-a37133e elementor-widget elementor-widget-image\" data-id=\"a37133e\" data-element_type=\"widget\" data-widget_type=\"image.default\">\n\t\t\t\t<div class=\"elementor-widget-container\">\n\t\t\t\t\t\t\t\t\t\t\t\t\t\t\t<img fetchpriority=\"high\" decoding=\"async\" width=\"950\" height=\"534\" src=\"https:\/\/costagranada.es\/wp-content\/uploads\/2024\/01\/castillo-herradura-1536x864-1-1024x576.jpg\" class=\"attachment-large size-large wp-image-659\" alt=\"\" srcset=\"https:\/\/costagranada.es\/wp-content\/uploads\/2024\/01\/castillo-herradura-1536x864-1-1024x576.jpg 1024w, https:\/\/costagranada.es\/wp-content\/uploads\/2024\/01\/castillo-herradura-1536x864-1-300x169.jpg 300w, https:\/\/costagranada.es\/wp-content\/uploads\/2024\/01\/castillo-herradura-1536x864-1.jpg 1536w\" sizes=\"100vw\" \/>\t\t\t\t\t\t\t\t\t\t\t\t\t\t\t<\/div>\n\t\t\t\t<\/div>\n\t\t\t\t<\/div>\n\t\t<div class=\"elementor-element elementor-element-31b1134 e-con-full e-flex e-con e-child\" data-id=\"31b1134\" data-element_type=\"container\">\n\t\t\t\t<div class=\"elementor-element elementor-element-5cb9339 elementor-widget elementor-widget-text-editor\" data-id=\"5cb9339\" data-element_type=\"widget\" data-widget_type=\"text-editor.default\">\n\t\t\t\t<div class=\"elementor-widget-container\">\n\t\t\t\t\t\t\t\t\t<p>Su construcci\u00f3n finaliz\u00f3 en 1771 como parte de las mejoras en la defensa costera del antiguo Reino de Granada durante el reinado de Carlos III. Su denominaci\u00f3n original era \u00abBater\u00eda para cuatro ca\u00f1ones de La Herradura\u00bb.<\/p>\n<div class=\"flex-1 overflow-hidden\">\n<div class=\"react-scroll-to-bottom--css-jnyni-79elbk h-full dark:bg-gray-800\">\n<div class=\"react-scroll-to-bottom--css-jnyni-1n7m0yu\">\n<div class=\"flex flex-col text-sm dark:bg-gray-800\">\n<div class=\"group w-full text-token-text-primary border-b border-black\/10 dark:border-gray-900\/50 bg-gray-50 dark:bg-[#444654]\" data-testid=\"conversation-turn-5\">\n<div class=\"p-4 justify-center text-base md:gap-6 md:py-6 m-auto\">\n<div class=\"flex flex-1 gap-4 text-base mx-auto md:gap-6 md:max-w-2xl lg:max-w-[38rem] xl:max-w-3xl }\">\n<div class=\"relative flex w-[calc(100%-50px)] flex-col gap-1 md:gap-3 lg:w-[calc(100%-115px)]\">\n<div class=\"flex flex-grow flex-col gap-3 max-w-full\">\n<div class=\"min-h-[20px] flex flex-col items-start gap-3 overflow-x-auto whitespace-pre-wrap break-words\">\n<div class=\"markdown prose w-full break-words dark:prose-invert light\">\n<p>Actualmente, se encuentra en la llanura de dicha localidad, ya que debido a la regresi\u00f3n costera, su distancia a la playa es de 120 metros. Su ubicaci\u00f3n inicial, m\u00e1s pr\u00f3xima a la costa y ligeramente descentrada respecto a la amplia bah\u00eda de La Herradura, era ideal para proteger mejor la desembocadura del r\u00edo Jate, fuente de agua y punto de acceso r\u00e1pido a las poblaciones del interior. Desde all\u00ed, era posible repeler un ataque desde el mar o impedir un desembarco en cualquier punto de su extensa playa.<\/p>\n<p>Fue utilizado por el ej\u00e9rcito hasta 1839, cuando, tras la extinci\u00f3n de la pirater\u00eda, pas\u00f3 a manos del Cuerpo de Carabineros. Su misi\u00f3n era garantizar la seguridad y la vigilancia de las costas y las fronteras, as\u00ed como impedir el contrabando. Tras la disoluci\u00f3n del Cuerpo de Carabineros en 1940, fue ocupado por la Guardia Civil, que lo utiliz\u00f3 como residencia y cuartel combinados hasta 2003. Adquirida por el Ayuntamiento dos a\u00f1os despu\u00e9s, se encarg\u00f3 su restauraci\u00f3n y proceso de musealizaci\u00f3n.<\/p>\n<\/div>\n<\/div>\n<\/div>\n<\/div>\n<\/div>\n<\/div>\n<\/div>\n<\/div>\n<\/div>\n<\/div>\n<\/div>\n\t\t\t\t\t\t\t\t<\/div>\n\t\t\t\t<\/div>\n\t\t\t\t<\/div>\n\t\t\t\t\t<\/div>\n\t\t\t\t<\/div>\n\t\t<div class=\"elementor-element elementor-element-2811988 e-flex e-con-boxed e-con e-parent\" data-id=\"2811988\" data-element_type=\"container\">\n\t\t\t\t\t<div class=\"e-con-inner\">\n\t\t\t\t<div class=\"elementor-element elementor-element-bedcfd2 elementor-widget elementor-widget-text-editor\" data-id=\"bedcfd2\" data-element_type=\"widget\" data-widget_type=\"text-editor.default\">\n\t\t\t\t<div class=\"elementor-widget-container\">\n\t\t\t\t\t\t\t\t\t<p>El Castillo de la Herradura acoge el Centro de Interpretaci\u00f3n \u00ab1562 La Furia del Mar sobre el naufragio de la Armada en 1562 en esta zona.<\/p>\n<p><strong>Horario de visitas:<\/strong><br \/>De mi\u00e9rcoles a domingo: 10.00 h &#8211; 14.00 h \/ 17.00 h &#8211; 20.00 h  <br \/>Precios: adultos:4 euros, ni\u00f1os y pensionistas 2 euros, grupos (15 personas) 1,5 euros<\/p>\n<p>Las entradas est\u00e1n a la venta hasta 45 minutos antes del cierre<\/p>\n<p>Localizaci\u00f3n: Calle Fortaleza 4<br \/>Tel\u00e9fono: 958061645<\/p>\n\t\t\t\t\t\t\t\t<\/div>\n\t\t\t\t<\/div>\n\t\t\t\t\t<\/div>\n\t\t\t\t<\/div>\n\t\t\t\t<\/div>\n\t\t","protected":false},"excerpt":{"rendered":"<p>Explorar los encantos de La Herradura en el sur de Espa\u00f1a Enclavada en la pintoresca costa del sur de Espa\u00f1a, La Herradura es una joya oculta que cautiva a los viajeros con sus impresionantes paisajes, su rica historia y su vibrante cultura. Esta ciudad costera, situada en la provincia de Granada, es un remanso de &hellip; <\/p>\n<p class=\"link-more\"><a href=\"https:\/\/costagranada.es\/es\/la-herradura\/\" class=\"more-link\">Leer m\u00e1s<span class=\"screen-reader-text\"> \u00abLa Herradura\u00bb<\/span><\/a><\/p>\n","protected":false},"author":1,"featured_media":0,"parent":0,"menu_order":0,"comment_status":"closed","ping_status":"closed","template":"page-templates\/full-width-builder-bb.php","meta":{"footnotes":""},"_links":{"self":[{"href":"https:\/\/costagranada.es\/es\/wp-json\/wp\/v2\/pages\/747"}],"collection":[{"href":"https:\/\/costagranada.es\/es\/wp-json\/wp\/v2\/pages"}],"about":[{"href":"https:\/\/costagranada.es\/es\/wp-json\/wp\/v2\/types\/page"}],"author":[{"embeddable":true,"href":"https:\/\/costagranada.es\/es\/wp-json\/wp\/v2\/users\/1"}],"replies":[{"embeddable":true,"href":"https:\/\/costagranada.es\/es\/wp-json\/wp\/v2\/comments?post=747"}],"version-history":[{"count":1,"href":"https:\/\/costagranada.es\/es\/wp-json\/wp\/v2\/pages\/747\/revisions"}],"predecessor-version":[{"id":753,"href":"https:\/\/costagranada.es\/es\/wp-json\/wp\/v2\/pages\/747\/revisions\/753"}],"wp:attachment":[{"href":"https:\/\/costagranada.es\/es\/wp-json\/wp\/v2\/media?parent=747"}],"curies":[{"name":"wp","href":"https:\/\/api.w.org\/{rel}","templated":true}]}}