{"id":749,"date":"2024-01-22T19:06:09","date_gmt":"2024-01-22T19:06:09","guid":{"rendered":"https:\/\/costagranada.es\/la-rabita\/"},"modified":"2024-03-06T13:08:09","modified_gmt":"2024-03-06T13:08:09","slug":"la-rabita","status":"publish","type":"page","link":"https:\/\/costagranada.es\/es\/la-rabita\/","title":{"rendered":"La R\u00e1bita"},"content":{"rendered":"\t\t<div data-elementor-type=\"wp-page\" data-elementor-id=\"749\" class=\"elementor elementor-749 elementor-453\" data-elementor-post-type=\"page\">\n\t\t\t\t<div class=\"elementor-element elementor-element-00290e9 e-flex e-con-boxed e-con e-parent\" data-id=\"00290e9\" data-element_type=\"container\">\n\t\t\t\t\t<div class=\"e-con-inner\">\n\t\t\t\t<div class=\"elementor-element elementor-element-33a202f elementor-widget elementor-widget-text-editor\" data-id=\"33a202f\" data-element_type=\"widget\" data-widget_type=\"text-editor.default\">\n\t\t\t\t<div class=\"elementor-widget-container\">\n\t\t\t\t\t\t\t\t\t<p>La R\u00e1bita es una localidad situada en el municipio de Albu\u00f1ol. Est\u00e1 situada en la parte oriental de la comarca de la Costa Tropical, a cuatro kil\u00f3metros del l\u00edmite con la provincia de Almer\u00eda. Cerca de esta localidad se encuentran los n\u00facleos de El Pozuelo y Los Castillas. La R\u00e1bita debe su nombre a la construcci\u00f3n del ribat o fortaleza-monasterio, ya que durante el periodo nazar\u00ed, esta localidad se estableci\u00f3 como punto estrat\u00e9gico de defensa en la costa. La poblaci\u00f3n creci\u00f3 gradualmente en torno al castillo y, en el siglo XVIII, se construy\u00f3 una torre de vigilancia que permit\u00eda el contacto visual con el sistema de defensa costera, amenazado por los piratas berberiscos.<\/p>\n<p>El ambiente relajado de la ciudad la convierte en un destino ideal para los viajeros que buscan desconectar, tomar el sol y disfrutar de la tranquilidad del entorno costero. Los restaurantes locales y marisquer\u00edas del paseo mar\u00edtimo ofrecen una muestra de la cocina regional, permitiendo a los visitantes saborear marisco fresco mientras disfrutan de las vistas panor\u00e1micas del Mediterr\u00e1neo.<\/p>\n\t\t\t\t\t\t\t\t<\/div>\n\t\t\t\t<\/div>\n\t\t\t\t\t<\/div>\n\t\t\t\t<\/div>\n\t\t<div class=\"elementor-element elementor-element-a15cdfe e-flex e-con-boxed e-con e-parent\" data-id=\"a15cdfe\" data-element_type=\"container\">\n\t\t\t\t\t<div class=\"e-con-inner\">\n\t\t\t\t<div class=\"elementor-element elementor-element-1bfafea elementor-widget elementor-widget-heading\" data-id=\"1bfafea\" data-element_type=\"widget\" data-widget_type=\"heading.default\">\n\t\t\t\t<div class=\"elementor-widget-container\">\n\t\t\t\t\t<h3 class=\"elementor-heading-title elementor-size-default\">\nCastillo de La R\u00e1bita<\/h3>\t\t\t\t<\/div>\n\t\t\t\t<\/div>\n\t\t\t\t\t<\/div>\n\t\t\t\t<\/div>\n\t\t<div class=\"elementor-element elementor-element-4730590 e-flex e-con-boxed e-con e-parent\" data-id=\"4730590\" data-element_type=\"container\">\n\t\t\t\t\t<div class=\"e-con-inner\">\n\t\t<div class=\"elementor-element elementor-element-540a151 e-con-full e-flex e-con e-child\" data-id=\"540a151\" data-element_type=\"container\">\n\t\t\t\t<div class=\"elementor-element elementor-element-da6f27b elementor-widget elementor-widget-image\" data-id=\"da6f27b\" data-element_type=\"widget\" data-widget_type=\"image.default\">\n\t\t\t\t<div class=\"elementor-widget-container\">\n\t\t\t\t\t\t\t\t\t\t\t\t\t\t\t<img fetchpriority=\"high\" decoding=\"async\" width=\"720\" height=\"332\" src=\"https:\/\/costagranada.es\/wp-content\/uploads\/2024\/01\/la-rabita-castle.jpg\" class=\"attachment-large size-large wp-image-692\" alt=\"\" srcset=\"https:\/\/costagranada.es\/wp-content\/uploads\/2024\/01\/la-rabita-castle.jpg 720w, https:\/\/costagranada.es\/wp-content\/uploads\/2024\/01\/la-rabita-castle-300x138.jpg 300w\" sizes=\"100vw\" \/>\t\t\t\t\t\t\t\t\t\t\t\t\t\t\t<\/div>\n\t\t\t\t<\/div>\n\t\t\t\t<\/div>\n\t\t<div class=\"elementor-element elementor-element-fe83d9d e-con-full e-flex e-con e-child\" data-id=\"fe83d9d\" data-element_type=\"container\">\n\t\t\t\t<div class=\"elementor-element elementor-element-bb6e6cd elementor-widget elementor-widget-text-editor\" data-id=\"bb6e6cd\" data-element_type=\"widget\" data-widget_type=\"text-editor.default\">\n\t\t\t\t<div class=\"elementor-widget-container\">\n\t\t\t\t\t\t\t\t\t<p>El castillo formaba parte de la frontera mar\u00edtima del Reino de Granada y consta de tres partes bien diferenciadas. Los dos primeros son de construcci\u00f3n \u00e1rabe reformados en el siglo XVI, consistentes en un recinto de planta trapezoidal con patio central, rodeado de murallas con parapeto y altas aspilleras, y una gran torre adosada al norte, ambos estructuralmente similares al cercano castillo de Castell de Ferro. La tercera parte, construida en el siglo XVIII y situada al sur de la anterior, consiste en un baluarte con dos torres atalayas, preparadas para el emplazamiento de artiller\u00eda. En los \u00faltimos a\u00f1os, se han realizado esfuerzos para conservar y restaurar el Castillo de La R\u00e1bita, reconociendo su valor hist\u00f3rico y cultural. Hoy en d\u00eda, los visitantes tienen la oportunidad de explorar sus murallas, torres y patios, que ofrecen vistas panor\u00e1micas de la costa mediterr\u00e1nea. Sirve de v\u00ednculo tangible con el pasado y permite comprender la importancia estrat\u00e9gica de la defensa costera en la historia de Granada.<\/p>\n\t\t\t\t\t\t\t\t<\/div>\n\t\t\t\t<\/div>\n\t\t\t\t<\/div>\n\t\t\t\t\t<\/div>\n\t\t\t\t<\/div>\n\t\t<div class=\"elementor-element elementor-element-749bc1c e-flex e-con-boxed e-con e-parent\" data-id=\"749bc1c\" data-element_type=\"container\">\n\t\t\t\t\t<div class=\"e-con-inner\">\n\t\t\t\t<div class=\"elementor-element elementor-element-31d34b3 elementor-widget elementor-widget-heading\" data-id=\"31d34b3\" data-element_type=\"widget\" data-widget_type=\"heading.default\">\n\t\t\t\t<div class=\"elementor-widget-container\">\n\t\t\t\t\t<h3 class=\"elementor-heading-title elementor-size-default\">Nuestra Se\u00f1ora de la Natividad de la Virgen<\/h3>\t\t\t\t<\/div>\n\t\t\t\t<\/div>\n\t\t\t\t\t<\/div>\n\t\t\t\t<\/div>\n\t\t<div class=\"elementor-element elementor-element-99b4b7f e-flex e-con-boxed e-con e-parent\" data-id=\"99b4b7f\" data-element_type=\"container\">\n\t\t\t\t\t<div class=\"e-con-inner\">\n\t\t<div class=\"elementor-element elementor-element-f3082e2 e-con-full e-flex e-con e-child\" data-id=\"f3082e2\" data-element_type=\"container\">\n\t\t\t\t<div class=\"elementor-element elementor-element-77bed43 elementor-widget elementor-widget-image\" data-id=\"77bed43\" data-element_type=\"widget\" data-widget_type=\"image.default\">\n\t\t\t\t<div class=\"elementor-widget-container\">\n\t\t\t\t\t\t\t\t\t\t\t\t\t\t\t<img decoding=\"async\" width=\"700\" height=\"472\" src=\"https:\/\/costagranada.es\/wp-content\/uploads\/2024\/01\/la-rabita-1.jpg\" class=\"attachment-large size-large wp-image-691\" alt=\"\" srcset=\"https:\/\/costagranada.es\/wp-content\/uploads\/2024\/01\/la-rabita-1.jpg 700w, https:\/\/costagranada.es\/wp-content\/uploads\/2024\/01\/la-rabita-1-300x202.jpg 300w\" sizes=\"100vw\" \/>\t\t\t\t\t\t\t\t\t\t\t\t\t\t\t<\/div>\n\t\t\t\t<\/div>\n\t\t\t\t<\/div>\n\t\t<div class=\"elementor-element elementor-element-c2cfdc8 e-con-full e-flex e-con e-child\" data-id=\"c2cfdc8\" data-element_type=\"container\">\n\t\t\t\t<div class=\"elementor-element elementor-element-927aba4 elementor-widget elementor-widget-text-editor\" data-id=\"927aba4\" data-element_type=\"widget\" data-widget_type=\"text-editor.default\">\n\t\t\t\t<div class=\"elementor-widget-container\">\n\t\t\t\t\t\t\t\t\t<p>Uno de los monumentos m\u00e1s atractivos de La R\u00e1bita es la Iglesia Parroquial de Nuestra Se\u00f1ora de la Natividad de la Virgen. En su altar mayor hay un gran retablo con las im\u00e1genes de San Isidro, San Antonio, La Virgen del Mar y San Juan, entre otros.<\/p>\n\t\t\t\t\t\t\t\t<\/div>\n\t\t\t\t<\/div>\n\t\t\t\t<\/div>\n\t\t\t\t\t<\/div>\n\t\t\t\t<\/div>\n\t\t<div class=\"elementor-element elementor-element-fd869b2 e-flex e-con-boxed e-con e-parent\" data-id=\"fd869b2\" data-element_type=\"container\">\n\t\t\t\t\t<div class=\"e-con-inner\">\n\t\t\t\t<div class=\"elementor-element elementor-element-4bbb103 elementor-widget elementor-widget-heading\" data-id=\"4bbb103\" data-element_type=\"widget\" data-widget_type=\"heading.default\">\n\t\t\t\t<div class=\"elementor-widget-container\">\n\t\t\t\t\t<h3 class=\"elementor-heading-title elementor-size-default\">Fiestas de la Balandrilla de los Gatos<\/h3>\t\t\t\t<\/div>\n\t\t\t\t<\/div>\n\t\t\t\t\t<\/div>\n\t\t\t\t<\/div>\n\t\t<div class=\"elementor-element elementor-element-4df2b97 e-flex e-con-boxed e-con e-parent\" data-id=\"4df2b97\" data-element_type=\"container\">\n\t\t\t\t\t<div class=\"e-con-inner\">\n\t\t<div class=\"elementor-element elementor-element-15f3c27 e-con-full e-flex e-con e-child\" data-id=\"15f3c27\" data-element_type=\"container\">\n\t\t\t\t<div class=\"elementor-element elementor-element-5a2ffa0 elementor-widget elementor-widget-image\" data-id=\"5a2ffa0\" data-element_type=\"widget\" data-widget_type=\"image.default\">\n\t\t\t\t<div class=\"elementor-widget-container\">\n\t\t\t\t\t\t\t\t\t\t\t\t\t\t\t<img decoding=\"async\" width=\"950\" height=\"498\" src=\"https:\/\/costagranada.es\/wp-content\/uploads\/2024\/01\/moros-y-cristianos-la-rabita-1024x537.jpg\" class=\"attachment-large size-large wp-image-690\" alt=\"\" srcset=\"https:\/\/costagranada.es\/wp-content\/uploads\/2024\/01\/moros-y-cristianos-la-rabita-1024x537.jpg 1024w, https:\/\/costagranada.es\/wp-content\/uploads\/2024\/01\/moros-y-cristianos-la-rabita-300x157.jpg 300w, https:\/\/costagranada.es\/wp-content\/uploads\/2024\/01\/moros-y-cristianos-la-rabita.jpg 1170w\" sizes=\"100vw\" \/>\t\t\t\t\t\t\t\t\t\t\t\t\t\t\t<\/div>\n\t\t\t\t<\/div>\n\t\t\t\t<\/div>\n\t\t<div class=\"elementor-element elementor-element-f7e6f97 e-con-full e-flex e-con e-child\" data-id=\"f7e6f97\" data-element_type=\"container\">\n\t\t\t\t<div class=\"elementor-element elementor-element-ba5faa2 elementor-widget elementor-widget-text-editor\" data-id=\"ba5faa2\" data-element_type=\"widget\" data-widget_type=\"text-editor.default\">\n\t\t\t\t<div class=\"elementor-widget-container\">\n\t\t\t\t\t\t\t\t\t<p>La Balandrilla de los Gatos, tambi\u00e9n conocida como fiesta de Moros y Cristianos de La R\u00e1bita, es un acontecimiento que conmemora la batalla naval entre los bandos musulm\u00e1n y cristiano durante la Reconquista del Reino de Granada. Esta celebraci\u00f3n tiene lugar en torno al 8 de septiembre, coincidiendo con las fiestas patronales en honor a la Virgen del Mar.<\/p>\n<p>El acto comienza con un desfile de moros y cristianos que parte de las inmediaciones del castillo, encabezado por el abanderado que porta el estandarte real y las llaves del castillo. Durante la procesi\u00f3n, al atravesar las puertas de la iglesia, cada grupo saluda y muestra su respeto a la patrona, la Virgen del Mar.<\/p>\n<p>Una vez en la playa, los grupos esperan la llegada de las \u00abblandras\u00bb para iniciar la embajada, un discurso teatral que recrea la disputa por las llaves del castillo y las tierras. La batalla naval, conocida como la Balandrilla de los Gatos, tiene lugar en dos barcos, en los que se lanzan verduras hasta que son abordados y hundidos. La intensidad y la emoci\u00f3n de este acto, en el que se lanzan tomates y pimientos, lo convierten en uno de los momentos culminantes de las fiestas.<\/p>\n<p>Una vez concluida la batalla, las facciones se disuelven y todos los participantes pasan a llamarse simplemente \u00abrabite\u00f1os\u00bb, lo que marca el final de la guerra y el comienzo de la celebraci\u00f3n en honor del patr\u00f3n.<\/p>\n\t\t\t\t\t\t\t\t<\/div>\n\t\t\t\t<\/div>\n\t\t\t\t<\/div>\n\t\t\t\t\t<\/div>\n\t\t\t\t<\/div>\n\t\t<div class=\"elementor-element elementor-element-9ed1e99 e-flex e-con-boxed e-con e-parent\" data-id=\"9ed1e99\" data-element_type=\"container\">\n\t\t\t\t\t<div class=\"e-con-inner\">\n\t\t\t\t<div class=\"elementor-element elementor-element-01d325b elementor-widget elementor-widget-heading\" data-id=\"01d325b\" data-element_type=\"widget\" data-widget_type=\"heading.default\">\n\t\t\t\t<div class=\"elementor-widget-container\">\n\t\t\t\t\t<h3 class=\"elementor-heading-title elementor-size-default\">Playa de la R\u00e1bita<\/h3>\t\t\t\t<\/div>\n\t\t\t\t<\/div>\n\t\t\t\t\t<\/div>\n\t\t\t\t<\/div>\n\t\t<div class=\"elementor-element elementor-element-09a8ad7 e-flex e-con-boxed e-con e-parent\" data-id=\"09a8ad7\" data-element_type=\"container\">\n\t\t\t\t\t<div class=\"e-con-inner\">\n\t\t<div class=\"elementor-element elementor-element-d360433 e-con-full e-flex e-con e-child\" data-id=\"d360433\" data-element_type=\"container\">\n\t\t\t\t<div class=\"elementor-element elementor-element-cd36a8b elementor-widget elementor-widget-image\" data-id=\"cd36a8b\" data-element_type=\"widget\" data-widget_type=\"image.default\">\n\t\t\t\t<div class=\"elementor-widget-container\">\n\t\t\t\t\t\t\t\t\t\t\t\t\t\t\t<img loading=\"lazy\" decoding=\"async\" width=\"370\" height=\"240\" src=\"https:\/\/costagranada.es\/wp-content\/uploads\/2024\/01\/la-rabita-playa-370x240-1.jpg\" class=\"attachment-large size-large wp-image-688\" alt=\"\" srcset=\"https:\/\/costagranada.es\/wp-content\/uploads\/2024\/01\/la-rabita-playa-370x240-1.jpg 370w, https:\/\/costagranada.es\/wp-content\/uploads\/2024\/01\/la-rabita-playa-370x240-1-300x195.jpg 300w\" sizes=\"100vw\" \/>\t\t\t\t\t\t\t\t\t\t\t\t\t\t\t<\/div>\n\t\t\t\t<\/div>\n\t\t\t\t<\/div>\n\t\t<div class=\"elementor-element elementor-element-95196b1 e-con-full e-flex e-con e-child\" data-id=\"95196b1\" data-element_type=\"container\">\n\t\t\t\t<div class=\"elementor-element elementor-element-b7198bd elementor-widget elementor-widget-text-editor\" data-id=\"b7198bd\" data-element_type=\"widget\" data-widget_type=\"text-editor.default\">\n\t\t\t\t<div class=\"elementor-widget-container\">\n\t\t\t\t\t\t\t\t\t<p>Un centro tur\u00edstico muy popular entre los espa\u00f1oles. La Playa de la R\u00e1bita es una extensa playa urbana, de casi un kil\u00f3metro de longitud y una anchura media de 30 metros, compuesta de grava gris. Es la \u00fanica playa de la zona que ofrece diversos servicios. La playa cuenta con zona de juegos infantiles, ba\u00f1os p\u00fablicos, vigilancia de la Cruz Roja, duchas, aparcamiento, zonas recreativas y deportivas, etc. A lo largo del paseo mar\u00edtimo encontrar\u00e1 bares de tapas, restaurantes, supermercados y peque\u00f1as tiendas. La R\u00e1bita se ha hecho cada vez m\u00e1s popular en los \u00faltimos a\u00f1os.<\/p>\n\t\t\t\t\t\t\t\t<\/div>\n\t\t\t\t<\/div>\n\t\t\t\t<\/div>\n\t\t\t\t\t<\/div>\n\t\t\t\t<\/div>\n\t\t<div class=\"elementor-element elementor-element-bc919b2 e-flex e-con-boxed e-con e-parent\" data-id=\"bc919b2\" data-element_type=\"container\">\n\t\t\t\t\t<div class=\"e-con-inner\">\n\t\t\t\t<div class=\"elementor-element elementor-element-89baf9a elementor-widget elementor-widget-heading\" data-id=\"89baf9a\" data-element_type=\"widget\" data-widget_type=\"heading.default\">\n\t\t\t\t<div class=\"elementor-widget-container\">\n\t\t\t\t\t<h3 class=\"elementor-heading-title elementor-size-default\">Playa naturista El Ruso<\/h3>\t\t\t\t<\/div>\n\t\t\t\t<\/div>\n\t\t\t\t\t<\/div>\n\t\t\t\t<\/div>\n\t\t<div class=\"elementor-element elementor-element-d56481f e-flex e-con-boxed e-con e-parent\" data-id=\"d56481f\" data-element_type=\"container\">\n\t\t\t\t\t<div class=\"e-con-inner\">\n\t\t<div class=\"elementor-element elementor-element-66d11b2 e-con-full e-flex e-con e-child\" data-id=\"66d11b2\" data-element_type=\"container\">\n\t\t\t\t<div class=\"elementor-element elementor-element-10c4174 elementor-widget elementor-widget-image\" data-id=\"10c4174\" data-element_type=\"widget\" data-widget_type=\"image.default\">\n\t\t\t\t<div class=\"elementor-widget-container\">\n\t\t\t\t\t\t\t\t\t\t\t\t\t\t\t<img loading=\"lazy\" decoding=\"async\" width=\"286\" height=\"176\" src=\"https:\/\/costagranada.es\/wp-content\/uploads\/2024\/01\/playa-el-ruso2.jpg\" class=\"attachment-large size-large wp-image-689\" alt=\"\" sizes=\"100vw\" \/>\t\t\t\t\t\t\t\t\t\t\t\t\t\t\t<\/div>\n\t\t\t\t<\/div>\n\t\t\t\t<\/div>\n\t\t<div class=\"elementor-element elementor-element-7f90a21 e-con-full e-flex e-con e-child\" data-id=\"7f90a21\" data-element_type=\"container\">\n\t\t\t\t<div class=\"elementor-element elementor-element-a0e4ef9 elementor-widget elementor-widget-text-editor\" data-id=\"a0e4ef9\" data-element_type=\"widget\" data-widget_type=\"text-editor.default\">\n\t\t\t\t<div class=\"elementor-widget-container\">\n\t\t\t\t\t\t\t\t\t<p>Es una playa naturista que emana paz y tranquilidad, tambi\u00e9n conocida como Playa de Lance Nuevo. Esta cala, enclavada entre acantilados a s\u00f3lo 800 metros del centro de La R\u00e1bita, cuenta con manantiales naturales, lo que la convierte en una zona de alto valor ecol\u00f3gico. Tranquila y con un bajo nivel de ocupaci\u00f3n, sus arenas son oscuras y sus aguas cristalinas. Un lugar magn\u00edfico para bucear. S\u00f3lo se puede llegar caminando por el sendero que parte de la carretera de acceso a La R\u00e1bita, en la zona alta, junto a un chalet. El esfuerzo merece la pena porque el paisaje es espectacular. La playa de El Ruso son en realidad dos calas unidas por una estrecha franja de costa, pero la mayor\u00eda de la gente acampa en la segunda cala, mucho m\u00e1s resguardada. La playa pas\u00f3 a llamarse El Ruso en honor de Basilio Lukianov, un teniente ruso que huy\u00f3 de la Uni\u00f3n Sovi\u00e9tica en 1921 y se instal\u00f3 all\u00ed, viviendo de la tierra y ayudando tanto a agricultores como a pescadores. Los lugare\u00f1os le cogieron tanto cari\u00f1o que siguen trayendo flores al lugar.<\/p>\n\t\t\t\t\t\t\t\t<\/div>\n\t\t\t\t<\/div>\n\t\t\t\t<\/div>\n\t\t\t\t\t<\/div>\n\t\t\t\t<\/div>\n\t\t\t\t<\/div>\n\t\t","protected":false},"excerpt":{"rendered":"<p>La R\u00e1bita es una localidad situada en el municipio de Albu\u00f1ol. Est\u00e1 situada en la parte oriental de la comarca de la Costa Tropical, a cuatro kil\u00f3metros del l\u00edmite con la provincia de Almer\u00eda. Cerca de esta localidad se encuentran los n\u00facleos de El Pozuelo y Los Castillas. La R\u00e1bita debe su nombre a la &hellip; <\/p>\n<p class=\"link-more\"><a href=\"https:\/\/costagranada.es\/es\/la-rabita\/\" class=\"more-link\">Leer m\u00e1s<span class=\"screen-reader-text\"> \u00abLa R\u00e1bita\u00bb<\/span><\/a><\/p>\n","protected":false},"author":2,"featured_media":703,"parent":0,"menu_order":0,"comment_status":"closed","ping_status":"closed","template":"page-templates\/full-width-builder-bb.php","meta":{"footnotes":""},"_links":{"self":[{"href":"https:\/\/costagranada.es\/es\/wp-json\/wp\/v2\/pages\/749"}],"collection":[{"href":"https:\/\/costagranada.es\/es\/wp-json\/wp\/v2\/pages"}],"about":[{"href":"https:\/\/costagranada.es\/es\/wp-json\/wp\/v2\/types\/page"}],"author":[{"embeddable":true,"href":"https:\/\/costagranada.es\/es\/wp-json\/wp\/v2\/users\/2"}],"replies":[{"embeddable":true,"href":"https:\/\/costagranada.es\/es\/wp-json\/wp\/v2\/comments?post=749"}],"version-history":[{"count":2,"href":"https:\/\/costagranada.es\/es\/wp-json\/wp\/v2\/pages\/749\/revisions"}],"predecessor-version":[{"id":757,"href":"https:\/\/costagranada.es\/es\/wp-json\/wp\/v2\/pages\/749\/revisions\/757"}],"wp:featuredmedia":[{"embeddable":true,"href":"https:\/\/costagranada.es\/es\/wp-json\/wp\/v2\/media\/703"}],"wp:attachment":[{"href":"https:\/\/costagranada.es\/es\/wp-json\/wp\/v2\/media?parent=749"}],"curies":[{"name":"wp","href":"https:\/\/api.w.org\/{rel}","templated":true}]}}