{"id":759,"date":"2024-01-22T23:45:41","date_gmt":"2024-01-22T23:45:41","guid":{"rendered":"https:\/\/costagranada.es\/velez-de-benaudalla\/"},"modified":"2024-03-06T13:08:12","modified_gmt":"2024-03-06T13:08:12","slug":"velez-de-benaudalla","status":"publish","type":"page","link":"https:\/\/costagranada.es\/es\/velez-de-benaudalla\/","title":{"rendered":"V\u00e9lez de Benaudalla"},"content":{"rendered":"\t\t<div data-elementor-type=\"wp-page\" data-elementor-id=\"759\" class=\"elementor elementor-759 elementor-473\" data-elementor-post-type=\"page\">\n\t\t\t\t<div class=\"elementor-element elementor-element-00290e9 e-flex e-con-boxed e-con e-parent\" data-id=\"00290e9\" data-element_type=\"container\">\n\t\t\t\t\t<div class=\"e-con-inner\">\n\t\t\t\t<div class=\"elementor-element elementor-element-33a202f elementor-widget elementor-widget-text-editor\" data-id=\"33a202f\" data-element_type=\"widget\" data-widget_type=\"text-editor.default\">\n\t\t\t\t<div class=\"elementor-widget-container\">\n\t\t\t\t\t\t\t\t\t<section class=\"elementor-section elementor-top-section elementor-element elementor-element-beb9908 elementor-section-boxed elementor-section-height-default elementor-section-height-default rt-parallax-bg-no\" data-id=\"beb9908\" data-element_type=\"section\">\n<div class=\"elementor-container elementor-column-gap-default\">\n<div class=\"elementor-column elementor-col-100 elementor-top-column elementor-element elementor-element-ed1e335\" data-id=\"ed1e335\" data-element_type=\"column\">\n<div class=\"elementor-widget-wrap elementor-element-populated\">\n<div class=\"elementor-element elementor-element-d155ec2 elementor-widget elementor-widget-text-editor\" data-id=\"d155ec2\" data-element_type=\"widget\" data-settings=\"{\"_animation\":\"none\"}\" data-widget_type=\"text-editor.default\">\n<div class=\"elementor-widget-container\">\n<p>Enclavado en el coraz\u00f3n de la Costa Tropical, V\u00e9lez de Benaudalla es un pintoresco pueblo que cautiva a los visitantes con su rica historia, sus impresionantes paisajes y su vibrante cultura local. Esta joya oculta, a menudo eclipsada por sus vecinos m\u00e1s conocidos, ofrece una mezcla \u00fanica de encanto hist\u00f3rico y belleza natural que la distingue como destino obligado en la costa sur de Espa\u00f1a.<\/p>\n<p><strong>Importancia hist\u00f3rica<\/strong><\/p>\n<p>V\u00e9lez de Benaudalla cuenta con una fascinante historia que se remonta a la \u00e9poca \u00e1rabe. El propio nombre de la ciudad es un testimonio de su pasado, ya que \u00abBenaudalla\u00bb deriva del t\u00e9rmino \u00e1rabe \u00abBanu Udalla\u00bb, que significa linaje de origen bereber. La influencia \u00e1rabe es palpable en la arquitectura de la ciudad, sus estrechas y sinuosas calles y el impresionante castillo nazar\u00ed que domina el horizonte.<\/p>\n<p><strong>El castillo nazar\u00ed<\/strong><\/p>\n<p>Encaramado en una colina que domina la ciudad, el castillo nazar\u00ed es una maravilla arquitect\u00f3nica que sirve de testimonio vivo de la herencia \u00e1rabe de V\u00e9lez de Benaudalla. Construido en el siglo XI, el castillo presenta una mezcla de elementos moriscos y cristianos, con sus intrincados detalles y su estrat\u00e9gica ubicaci\u00f3n, que ofrece impresionantes vistas panor\u00e1micas del paisaje circundante. En la actualidad, es un lugar hist\u00f3rico bien conservado que ofrece a los visitantes una visi\u00f3n del pasado hist\u00f3rico de la regi\u00f3n.<\/p>\n<p><strong>Los jardines de Nazari<\/strong><\/p>\n<p>Una de las atracciones m\u00e1s encantadoras de la ciudad son los Jardines de Nazari. Situados en las estribaciones del castillo, estos jardines meticulosamente ajardinados ofrecen un oasis de tranquilidad que los visitantes pueden explorar. Llenos de plantas ex\u00f3ticas, juegos de agua y elementos arquitect\u00f3nicos que recuerdan a la Alhambra de Granada, los Jardines de Nazar\u00ed son un testimonio del aprecio de los moriscos por la belleza de la naturaleza.<\/p>\n<\/div>\n<\/div>\n<\/div>\n<\/div>\n<\/div>\n<\/section>\n\t\t\t\t\t\t\t\t<\/div>\n\t\t\t\t<\/div>\n\t\t\t\t\t<\/div>\n\t\t\t\t<\/div>\n\t\t<div class=\"elementor-element elementor-element-618c392 e-flex e-con-boxed e-con e-parent\" data-id=\"618c392\" data-element_type=\"container\">\n\t\t\t\t\t<div class=\"e-con-inner\">\n\t\t<div class=\"elementor-element elementor-element-347a494 e-con-full e-flex e-con e-child\" data-id=\"347a494\" data-element_type=\"container\">\n\t\t\t\t<div class=\"elementor-element elementor-element-a37133e elementor-widget elementor-widget-image\" data-id=\"a37133e\" data-element_type=\"widget\" data-widget_type=\"image.default\">\n\t\t\t\t<div class=\"elementor-widget-container\">\n\t\t\t\t\t\t\t\t\t\t\t\t\t\t\t\t<a href=\"https:\/\/costagranada.es\/es\/jete\/\">\n\t\t\t\t\t\t\t<img fetchpriority=\"high\" decoding=\"async\" width=\"680\" height=\"685\" src=\"https:\/\/costagranada.es\/wp-content\/uploads\/2024\/01\/velez6.jpg\" class=\"attachment-large size-large wp-image-694\" alt=\"\" srcset=\"https:\/\/costagranada.es\/wp-content\/uploads\/2024\/01\/velez6.jpg 680w, https:\/\/costagranada.es\/wp-content\/uploads\/2024\/01\/velez6-298x300.jpg 298w, https:\/\/costagranada.es\/wp-content\/uploads\/2024\/01\/velez6-150x150.jpg 150w\" sizes=\"100vw\" \/>\t\t\t\t\t\t\t\t<\/a>\n\t\t\t\t\t\t\t\t\t\t\t\t\t\t\t<\/div>\n\t\t\t\t<\/div>\n\t\t\t\t<\/div>\n\t\t<div class=\"elementor-element elementor-element-31b1134 e-con-full e-flex e-con e-child\" data-id=\"31b1134\" data-element_type=\"container\">\n\t\t\t\t<div class=\"elementor-element elementor-element-39563d3 elementor-widget elementor-widget-text-editor\" data-id=\"39563d3\" data-element_type=\"widget\" data-widget_type=\"text-editor.default\">\n\t\t\t\t<div class=\"elementor-widget-container\">\n\t\t\t\t\t\t\t\t\t<div class=\"elementor-column elementor-col-50 elementor-top-column elementor-element elementor-element-ac2bb6e\" data-id=\"ac2bb6e\" data-element_type=\"column\">\n<div class=\"elementor-widget-wrap elementor-element-populated\">\n<div class=\"elementor-element elementor-element-5110910 elementor-widget elementor-widget-text-editor\" data-id=\"5110910\" data-element_type=\"widget\" data-widget_type=\"text-editor.default\">\n<div class=\"elementor-widget-container\">\n<p><strong>Belleza natural<\/strong><\/p>\n<p>M\u00e1s all\u00e1 de su importancia hist\u00f3rica, V\u00e9lez de Benaudalla est\u00e1 dotada de una abundante belleza natural. La ciudad est\u00e1 rodeada de paisajes verdes y exuberantes, incluidos los impresionantes paisajes de las cercanas monta\u00f1as de Sierra Nevada. La presencia del r\u00edo Guadalfeo contribuye al encanto de la ciudad, creando un pintoresco tel\u00f3n de fondo para pasear tranquilamente por sus orillas.<\/p>\n<\/div>\n<\/div>\n<\/div>\n<\/div>\n\t\t\t\t\t\t\t\t<\/div>\n\t\t\t\t<\/div>\n\t\t\t\t<\/div>\n\t\t\t\t\t<\/div>\n\t\t\t\t<\/div>\n\t\t<div class=\"elementor-element elementor-element-c9cc865 e-flex e-con-boxed e-con e-parent\" data-id=\"c9cc865\" data-element_type=\"container\">\n\t\t\t\t\t<div class=\"e-con-inner\">\n\t\t<div class=\"elementor-element elementor-element-50b082c e-con-full e-flex e-con e-child\" data-id=\"50b082c\" data-element_type=\"container\">\n\t\t\t\t<div class=\"elementor-element elementor-element-bbfd1da elementor-widget elementor-widget-image\" data-id=\"bbfd1da\" data-element_type=\"widget\" data-widget_type=\"image.default\">\n\t\t\t\t<div class=\"elementor-widget-container\">\n\t\t\t\t\t\t\t\t\t\t\t\t\t\t\t\t<a href=\"https:\/\/costagranada.es\/es\/jete\/\">\n\t\t\t\t\t\t\t<img decoding=\"async\" width=\"692\" height=\"693\" src=\"https:\/\/costagranada.es\/wp-content\/uploads\/2024\/01\/velez5.jpg\" class=\"attachment-large size-large wp-image-695\" alt=\"\" srcset=\"https:\/\/costagranada.es\/wp-content\/uploads\/2024\/01\/velez5.jpg 692w, https:\/\/costagranada.es\/wp-content\/uploads\/2024\/01\/velez5-300x300.jpg 300w, https:\/\/costagranada.es\/wp-content\/uploads\/2024\/01\/velez5-150x150.jpg 150w\" sizes=\"100vw\" \/>\t\t\t\t\t\t\t\t<\/a>\n\t\t\t\t\t\t\t\t\t\t\t\t\t\t\t<\/div>\n\t\t\t\t<\/div>\n\t\t\t\t<\/div>\n\t\t<div class=\"elementor-element elementor-element-8f01388 e-con-full e-flex e-con e-child\" data-id=\"8f01388\" data-element_type=\"container\">\n\t\t\t\t<div class=\"elementor-element elementor-element-8a96340 elementor-widget elementor-widget-text-editor\" data-id=\"8a96340\" data-element_type=\"widget\" data-widget_type=\"text-editor.default\">\n\t\t\t\t<div class=\"elementor-widget-container\">\n\t\t\t\t\t\t\t\t\t<div class=\"elementor-column elementor-col-50 elementor-top-column elementor-element elementor-element-002c6cc\" data-id=\"002c6cc\" data-element_type=\"column\">\n<div class=\"elementor-widget-wrap elementor-element-populated\">\n<div class=\"elementor-element elementor-element-a587b79 elementor-widget elementor-widget-text-editor\" data-id=\"a587b79\" data-element_type=\"widget\" data-widget_type=\"text-editor.default\">\n<div class=\"elementor-widget-container\">\n<p><strong>Cultura y gastronom\u00eda locales<\/strong><\/p>\n<p>V\u00e9lez de Benaudalla desprende un ambiente c\u00e1lido y acogedor, y sus habitantes son conocidos por su hospitalidad. Las fiestas anuales de la ciudad, como la Feria de San Miguel y la Semana Santa, ofrecen una vibrante muestra de la cultura tradicional andaluza, con animadas procesiones, m\u00fasica y baile. Los amantes de la cocina tambi\u00e9n encontrar\u00e1n mucho que saborear en V\u00e9lez de Benaudalla. La ciudad es conocida por su deliciosa cocina local, con platos a base de marisco fresco, productos locales y sabores tradicionales andaluces. Los visitantes pueden degustar tapas en los encantadores bares locales o cenar en uno de los excelentes restaurantes de la ciudad.<\/p>\n<\/div>\n<\/div>\n<\/div>\n<\/div>\n\t\t\t\t\t\t\t\t<\/div>\n\t\t\t\t<\/div>\n\t\t\t\t<\/div>\n\t\t\t\t\t<\/div>\n\t\t\t\t<\/div>\n\t\t<div class=\"elementor-element elementor-element-4730590 e-flex e-con-boxed e-con e-parent\" data-id=\"4730590\" data-element_type=\"container\">\n\t\t\t\t\t<div class=\"e-con-inner\">\n\t\t<div class=\"elementor-element elementor-element-540a151 e-con-full e-flex e-con e-child\" data-id=\"540a151\" data-element_type=\"container\">\n\t\t\t\t<div class=\"elementor-element elementor-element-da6f27b elementor-widget elementor-widget-image\" data-id=\"da6f27b\" data-element_type=\"widget\" data-widget_type=\"image.default\">\n\t\t\t\t<div class=\"elementor-widget-container\">\n\t\t\t\t\t\t\t\t\t\t\t\t\t\t\t<img decoding=\"async\" width=\"689\" height=\"690\" src=\"https:\/\/costagranada.es\/wp-content\/uploads\/2024\/01\/velez3.jpg\" class=\"attachment-large size-large wp-image-696\" alt=\"\" srcset=\"https:\/\/costagranada.es\/wp-content\/uploads\/2024\/01\/velez3.jpg 689w, https:\/\/costagranada.es\/wp-content\/uploads\/2024\/01\/velez3-300x300.jpg 300w, https:\/\/costagranada.es\/wp-content\/uploads\/2024\/01\/velez3-150x150.jpg 150w\" sizes=\"100vw\" \/>\t\t\t\t\t\t\t\t\t\t\t\t\t\t\t<\/div>\n\t\t\t\t<\/div>\n\t\t\t\t<\/div>\n\t\t<div class=\"elementor-element elementor-element-fe83d9d e-con-full e-flex e-con e-child\" data-id=\"fe83d9d\" data-element_type=\"container\">\n\t\t\t\t<div class=\"elementor-element elementor-element-bb6e6cd elementor-widget elementor-widget-text-editor\" data-id=\"bb6e6cd\" data-element_type=\"widget\" data-widget_type=\"text-editor.default\">\n\t\t\t\t<div class=\"elementor-widget-container\">\n\t\t\t\t\t\t\t\t\t<p>V\u00e9lez de Benaudalla, a menudo pasado por alto en favor de sus vecinos m\u00e1s renombrados, se erige como una joya oculta en la Costa Tropical. Su rica historia, su impresionante entorno natural y su vibrante cultura local la convierten en un destino que merece la pena explorar. Ya sea atra\u00eddo por su herencia \u00e1rabe, cautivado por sus impresionantes paisajes o seducido por sus delicias culinarias, V\u00e9lez de Benaudalla promete una experiencia inolvidable a todos los que se aventuren en esta encantadora ciudad.<\/p>\n\t\t\t\t\t\t\t\t<\/div>\n\t\t\t\t<\/div>\n\t\t\t\t<\/div>\n\t\t\t\t\t<\/div>\n\t\t\t\t<\/div>\n\t\t<div class=\"elementor-element elementor-element-bc919b2 e-flex e-con-boxed e-con e-parent\" data-id=\"bc919b2\" data-element_type=\"container\">\n\t\t\t\t\t<div class=\"e-con-inner\">\n\t\t\t\t<div class=\"elementor-element elementor-element-89baf9a elementor-widget elementor-widget-heading\" data-id=\"89baf9a\" data-element_type=\"widget\" data-widget_type=\"heading.default\">\n\t\t\t\t<div class=\"elementor-widget-container\">\n\t\t\t\t\t<h3 class=\"elementor-heading-title elementor-size-default\">Museo del Aceite Andaluz  <\/h3>\t\t\t\t<\/div>\n\t\t\t\t<\/div>\n\t\t\t\t\t<\/div>\n\t\t\t\t<\/div>\n\t\t<div class=\"elementor-element elementor-element-99b4b7f e-flex e-con-boxed e-con e-parent\" data-id=\"99b4b7f\" data-element_type=\"container\">\n\t\t\t\t\t<div class=\"e-con-inner\">\n\t\t<div class=\"elementor-element elementor-element-f3082e2 e-con-full e-flex e-con e-child\" data-id=\"f3082e2\" data-element_type=\"container\">\n\t\t\t\t<div class=\"elementor-element elementor-element-77bed43 elementor-widget elementor-widget-image\" data-id=\"77bed43\" data-element_type=\"widget\" data-widget_type=\"image.default\">\n\t\t\t\t<div class=\"elementor-widget-container\">\n\t\t\t\t\t\t\t\t\t\t\t\t\t\t\t<img loading=\"lazy\" decoding=\"async\" width=\"697\" height=\"693\" src=\"https:\/\/costagranada.es\/wp-content\/uploads\/2024\/01\/museoaceitevelez.jpg\" class=\"attachment-large size-large wp-image-697\" alt=\"\" srcset=\"https:\/\/costagranada.es\/wp-content\/uploads\/2024\/01\/museoaceitevelez.jpg 697w, https:\/\/costagranada.es\/wp-content\/uploads\/2024\/01\/museoaceitevelez-300x298.jpg 300w, https:\/\/costagranada.es\/wp-content\/uploads\/2024\/01\/museoaceitevelez-150x150.jpg 150w\" sizes=\"100vw\" \/>\t\t\t\t\t\t\t\t\t\t\t\t\t\t\t<\/div>\n\t\t\t\t<\/div>\n\t\t\t\t<\/div>\n\t\t<div class=\"elementor-element elementor-element-c2cfdc8 e-con-full e-flex e-con e-child\" data-id=\"c2cfdc8\" data-element_type=\"container\">\n\t\t\t\t<div class=\"elementor-element elementor-element-927aba4 elementor-widget elementor-widget-text-editor\" data-id=\"927aba4\" data-element_type=\"widget\" data-widget_type=\"text-editor.default\">\n\t\t\t\t<div class=\"elementor-widget-container\">\n\t\t\t\t\t\t\t\t\t<p>Un lugar \u00fanico en la Costa Tropical donde explorar una cultura milenaria: la del aceite de oliva. En V\u00e9lez de Benaudalla, el Museo Andaluz del Aceite de Oliva pretende promocionar los productos agroalimentarios de Andaluc\u00eda, con especial atenci\u00f3n al aceite de oliva como elemento clave de su gastronom\u00eda. Conozca de primera mano la cultura del aceite de oliva en la Costa Tropical y sus productos alimentarios m\u00e1s reconocidos.<\/p>\n<p>El museo cuenta con una zona de exposiciones, una zona de patrimonio olivarero, una sala de conferencias, una tienda y oficinas. Entre las exposiciones m\u00e1s destacadas figuran una muestra de aceites y una colecci\u00f3n de maquinaria antigua relacionada con el mundo de la olivicultura y la extracci\u00f3n de aceite.<\/p>\n<p>Tendr\u00e1 la oportunidad de conocer de primera mano una de las culturas econ\u00f3micas m\u00e1s antiguas y significativas de Andaluc\u00eda: c\u00f3mo nace y se obtiene este producto vital, y su recopilaci\u00f3n de las principales zonas productoras de la regi\u00f3n.<\/p>\n<p>El Museo del Aceite de Oliva est\u00e1 dividido en una zona de exposici\u00f3n, una zona patrimonial, una sala de conferencias, una tienda y una oficina.<\/p>\n<p>Organizan visitas en varios idiomas, visitas guiadas con desayuno o merienda, visitas con iniciaci\u00f3n a la cata de aceite, catas de vino, cursos de corte de jam\u00f3n, reuniones, conferencias e incentivos para empresas.<\/p>\n\t\t\t\t\t\t\t\t<\/div>\n\t\t\t\t<\/div>\n\t\t\t\t<\/div>\n\t\t\t\t\t<\/div>\n\t\t\t\t<\/div>\n\t\t<div class=\"elementor-element elementor-element-4df2b97 e-flex e-con-boxed e-con e-parent\" data-id=\"4df2b97\" data-element_type=\"container\">\n\t\t\t\t\t<div class=\"e-con-inner\">\n\t\t<div class=\"elementor-element elementor-element-15f3c27 e-con-full e-flex e-con e-child\" data-id=\"15f3c27\" data-element_type=\"container\">\n\t\t\t\t<div class=\"elementor-element elementor-element-623b7cc elementor-widget elementor-widget-google_maps\" data-id=\"623b7cc\" data-element_type=\"widget\" data-widget_type=\"google_maps.default\">\n\t\t\t\t<div class=\"elementor-widget-container\">\n\t\t\t\t\t\t\t<div class=\"elementor-custom-embed\">\n\t\t\t<iframe loading=\"lazy\"\n\t\t\t\t\tsrc=\"https:\/\/maps.google.com\/maps?q=V%C3%A9lez%20de%20Benaudalla&#038;t=m&#038;z=10&#038;output=embed&#038;iwloc=near\"\n\t\t\t\t\ttitle=\"V\u00e9lez de Benaudalla\"\n\t\t\t\t\taria-label=\"V\u00e9lez de Benaudalla\"\n\t\t\t><\/iframe>\n\t\t<\/div>\n\t\t\t\t\t\t<\/div>\n\t\t\t\t<\/div>\n\t\t\t\t<\/div>\n\t\t<div class=\"elementor-element elementor-element-f7e6f97 e-con-full e-flex e-con e-child\" data-id=\"f7e6f97\" data-element_type=\"container\">\n\t\t\t\t<div class=\"elementor-element elementor-element-ba5faa2 elementor-widget elementor-widget-text-editor\" data-id=\"ba5faa2\" data-element_type=\"widget\" data-widget_type=\"text-editor.default\">\n\t\t\t\t<div class=\"elementor-widget-container\">\n\t\t\t\t\t\t\t\t\t<div class=\"elementor-column elementor-col-50 elementor-top-column elementor-element elementor-element-4418629\" data-id=\"4418629\" data-element_type=\"column\">\n<div class=\"elementor-widget-wrap elementor-element-populated\">\n<div class=\"elementor-element elementor-element-874b20f elementor-widget elementor-widget-text-editor\" data-id=\"874b20f\" data-element_type=\"widget\" data-widget_type=\"text-editor.default\">\n<div class=\"elementor-widget-container\">\n<p>C\u00f3mo llegar a V\u00e9lez de Benaudalla desde Granada:<\/p>\n<ul>\n<li>Tome la autopista A-44 (tambi\u00e9n conocida como Autov\u00eda Sierra Nevada) en direcci\u00f3n a la costa.<\/li>\n<li>Contin\u00fae por la A-44 hasta llegar al cruce con la autopista A-7, que conduce a la Costa Tropical.<\/li>\n<li>Tome la A-7 en direcci\u00f3n Motril\/Almer\u00eda.<\/li>\n<li>Tome la salida hacia V\u00e9lez de Benaudalla.<\/li>\n<\/ul>\n<p>C\u00f3mo llegar a V\u00e9lez de Benaudalla desde Almu\u00f1\u00e9car:<\/p>\n<ul>\n<li>\n<ul>\n<li>Tome la autopista A-7.<\/li>\n<li>Tome la salida hacia V\u00e9lez de Benaudalla.<\/li>\n<\/ul>\n<\/li>\n<\/ul>\n<\/div>\n<\/div>\n<\/div>\n<\/div>\n\t\t\t\t\t\t\t\t<\/div>\n\t\t\t\t<\/div>\n\t\t\t\t<\/div>\n\t\t\t\t\t<\/div>\n\t\t\t\t<\/div>\n\t\t\t\t<\/div>\n\t\t","protected":false},"excerpt":{"rendered":"<p>Enclavado en el coraz\u00f3n de la Costa Tropical, V\u00e9lez de Benaudalla es un pintoresco pueblo que cautiva a los visitantes con su rica historia, sus impresionantes paisajes y su vibrante cultura local. Esta joya oculta, a menudo eclipsada por sus vecinos m\u00e1s conocidos, ofrece una mezcla \u00fanica de encanto hist\u00f3rico y belleza natural que la &hellip; <\/p>\n<p class=\"link-more\"><a href=\"https:\/\/costagranada.es\/es\/velez-de-benaudalla\/\" class=\"more-link\">Leer m\u00e1s<span class=\"screen-reader-text\"> \u00abV\u00e9lez de Benaudalla\u00bb<\/span><\/a><\/p>\n","protected":false},"author":2,"featured_media":695,"parent":0,"menu_order":0,"comment_status":"closed","ping_status":"closed","template":"page-templates\/full-width-builder-bb.php","meta":{"footnotes":""},"_links":{"self":[{"href":"https:\/\/costagranada.es\/es\/wp-json\/wp\/v2\/pages\/759"}],"collection":[{"href":"https:\/\/costagranada.es\/es\/wp-json\/wp\/v2\/pages"}],"about":[{"href":"https:\/\/costagranada.es\/es\/wp-json\/wp\/v2\/types\/page"}],"author":[{"embeddable":true,"href":"https:\/\/costagranada.es\/es\/wp-json\/wp\/v2\/users\/2"}],"replies":[{"embeddable":true,"href":"https:\/\/costagranada.es\/es\/wp-json\/wp\/v2\/comments?post=759"}],"version-history":[{"count":2,"href":"https:\/\/costagranada.es\/es\/wp-json\/wp\/v2\/pages\/759\/revisions"}],"predecessor-version":[{"id":764,"href":"https:\/\/costagranada.es\/es\/wp-json\/wp\/v2\/pages\/759\/revisions\/764"}],"wp:featuredmedia":[{"embeddable":true,"href":"https:\/\/costagranada.es\/es\/wp-json\/wp\/v2\/media\/695"}],"wp:attachment":[{"href":"https:\/\/costagranada.es\/es\/wp-json\/wp\/v2\/media?parent=759"}],"curies":[{"name":"wp","href":"https:\/\/api.w.org\/{rel}","templated":true}]}}